{"id":1229,"date":"2023-03-29T14:11:00","date_gmt":"2023-03-29T12:11:00","guid":{"rendered":"https:\/\/ggba.swiss\/?page_id=1229"},"modified":"2024-06-26T11:50:45","modified_gmt":"2024-06-26T09:50:45","slug":"praezision-robotik","status":"publish","type":"page","link":"https:\/\/ggba.swiss\/de\/zentrale-wirtschaftszweige\/praezision-robotik\/","title":{"rendered":"Pr\u00e4zision &amp; Robotik"},"content":{"rendered":"\n<div class=\"wp-block-columns is-layout-flex wp-container-core-columns-is-layout-9d6595d7 wp-block-columns-is-layout-flex\">\n<div class=\"wp-block-column ClustersGuntenbergBlockAdjust is-layout-flow wp-block-column-is-layout-flow\" style=\"flex-basis:66.66%\"><div class=\"intro\">\n  <p>Inspiriert von ihrer jahrhundertealten Uhrmachertradition hat die Westschweiz eine einzigartige Expertise in den Bereichen Pr\u00e4zisionsmechanik, MEMS, Mikroelektronik und Nanotechnologie entwickelt. Heutzutage gilt die Region als f\u00fchrend in diesen Fachgebieten und beherbergt namhafte internationale Unternehmen wie Marvell, Semtech, Festo Microtechnology, Safran Sensing Technologies Switzerland, Melexis Technologies und Etel.<\/p>\n\n<\/div>\n\n\n\n\n<h2 class=\"wp-block-heading\"> <p style=\"margin-bottom: 0cm\"><\/p>Das geb\u00fcndelte Know-how der Uhrmacherkunst<\/h2>\n\n\n\n<p>Die Westschweiz ist die Heimat zahlreicher renommierter Uhrenmarken wie Breguet, Hublot, Patek Philippe, Vacheron Constantin, Ulysse Nardin, Jaeger LeCoultre, TAG Heuer, Audemars Piguet sowie der weltweit bekannten Marken Rolex und Omega. Die Uhrenindustrie der Region hat viele wegweisende Errungenschaften hervorgebracht, darunter die erste Armbanduhr der Welt, die erste Quarzuhr, die erste wasserdichte Uhr, die d\u00fcnnste Armbanduhr sowie die kleinste und die teuerste Uhr. Dies unterstreicht den Pioniergeist und die Innovationskraft der Region in der Uhrenindustrie. Dank dieses umfassenden Know-hows verf\u00fcgen die Unternehmen \u00fcber ein unvergleichliches Fachwissen in den Bereichen Pr\u00e4zisionstechnik und Design.<\/p>\n\n\n\n<h2 class=\"wp-block-heading\">Hochpr\u00e4zise Technologie und Innovation<\/h2>\n\n\n\n<p>Internationale Unternehmen der Mikro-, Nano- und Pr\u00e4zisionstechnologie wie ABB, Intuitive Surgical oder STMicroelectronics haben sich f\u00fcr die Westschweiz entschieden, um von den Synergien mit den weltweit renommierten Hochschulen und Forschungseinrichtungen zu profitieren. <a data-type=\"URL\" data-id=\"https:\/\/www.microcity.ch\/en\/home\" href=\"https:\/\/www.microcity.ch\/en\/home\">Microcity<\/a>, ein Kompetenz- und Innovationszentrum f\u00fcr Mikro- und Nanotechnologien sowie Mikrofabrikation und Industrialisierungsprozesse, vereint s\u00e4mtliche Expertise im Bereich der Pr\u00e4zision, von der Konzeption \u00fcber die Produktion bis hin zur Vermarktung der Produkte. Es befindet sich in unmittelbarer N\u00e4he des Centre Suisse d\u2019Electronique et de Microtechnique (<a href=\"https:\/\/www.csem.ch\/de\">CSEM<\/a>), das sich der Entwicklung von Mikrotechnologien widmet und dieses Know-how erfolgreich in die Industrie transferiert.<\/p>\n\n\n\n<p>Die Fondation Suisse pour la Recherche en Microtechnique (<a href=\"https:\/\/fsrm.ch\/site\/de\/home-2-2\/?lang=d\">FSRM<\/a>) bietet ein breites Spektrum umfassender Ausbildungsprogramme an, die verschiedene Bereiche des Sektors abdecken \u2013 von der Qualit\u00e4tskontrolle in der Feinmechanik bis hin zur Mikrooptik und Mikropositionierung. Das Adolphe Merkle Institut (<a href=\"https:\/\/www.ami.swiss\/en\/\">AMI<\/a>) an der Universit\u00e4t Fribourg ist ein spezialisiertes Forschungszentrum f\u00fcr Material- und Nanowissenschaften. Es verf\u00fcgt \u00fcber ein eigenes B\u00fcro f\u00fcr Technologietransfer und ein Labor f\u00fcr angewandte Wissenschaften, das in enger Zusammenarbeit mit Unternehmen genutzt wird. Dar\u00fcber hinaus bietet der Parc Technologique de Saint-Imier (<a href=\"https:\/\/www.saint-imier.ch\/index.php\/investir\/promotion-economique\">PTSI<\/a>) ein kollaboratives Umfeld f\u00fcr Institute, Start-ups und Unternehmen, die in den Bereichen Mikrotechnologien und Pr\u00e4zisionsmechanik t\u00e4tig sind. Hier liegt ein besonderer Fokus auf Medizintechnik und Cleantech. Die Westschweiz profitiert auch vom Fachwissen der Plattform <a href=\"https:\/\/micronarc.ch\/en\/\" data-type=\"URL\" data-id=\"https:\/\/micronarc.ch\/en\/\">Micronarc<\/a>, die die wissenschaftliche, technische und wirtschaftliche Position der Region im Bereich Mikro- und Nanotechnologien entwickelt und f\u00f6rdert.<\/p>\n\n\n\n<h2 class=\"wp-block-heading\">Neue Gesch\u00e4ftsm\u00f6glichkeiten<\/h2>\n\n\n\n<p>Die Westschweiz ist Gastgeber wichtiger Veranstaltungen, die den Mikro- und Nanotechnologien sowie der Pr\u00e4zisionsmechanik gewidmet sind und die Gelegenheit bieten, Gesch\u00e4ftsbeziehungen in einem geselligen und internationalen Rahmen zu vertiefen. Beispiele hierf\u00fcr sind der Salon International \u2013 Leader de la Haute Pr\u00e9cision Horlog\u00e8re, Microtechnologies et Medtech (<a href=\"https:\/\/ephj.ch\/de\/\">EPHJ<\/a>), die Salon des Moyens de Production Microtechniques (<a href=\"https:\/\/www.siams.ch\/News\/default.asp?LanguageForce=DE\">SIAMS<\/a>), die Aussteller aus ganz Europa anzieht, und <a href=\"https:\/\/mam2023.ch\/wp\/\">mAm \u2013 The Microproducts Annual Meeting<\/a>, eine internationale Konferenz \u00fcber Mikrofabrikation, die f\u00fcr ihr hochwertiges Programm und ihr Potenzial zum Networking bekannt ist.<\/p>\n<\/div>\n\n\n\n<div class=\"wp-block-column is-layout-flow wp-block-column-is-layout-flow\" style=\"flex-basis:33.33%\"><div class=\"askAdvice\">\n <div class=\"relative\">\n   <h2>\n     Ratschl\u00e4ge einholen\n    <\/h2>\n   <p>Kontaktieren Sie unseren Experten<br \/>\r\nPr\u00e4zision &#038; Robotik<\/p>\n   <div>\n     <a class=\"arrowedButton\" href=\"https:\/\/ggba.swiss\/en\/contact\/\">\n    <span>Kontakt<\/span>\n    <svg width=\"26\" height=\"26\" viewBox=\"0 0 26 26\" fill=\"none\" xmlns=\"http:\/\/www.w3.org\/2000\/svg\">\n      <path d=\"M16.25 19.5C15.925 19.5 15.7083 19.3917 15.4917 19.175C15.0583 18.7417 15.0583 18.0917 15.4917 17.6583L20.9083 12.2417C21.3417 11.8083 21.9917 11.8083 22.425 12.2417C22.8583 12.675 22.8583 13.325 22.425 13.7583L17.0083 19.175C16.7917 19.3917 16.575 19.5 16.25 19.5Z\" fill=\"white\"\/>\n      <path d=\"M21.6667 14.0833C21.3417 14.0833 21.125 13.975 20.9083 13.7583L15.4917 8.34167C15.0583 7.90833 15.0583 7.25833 15.4917 6.825C15.925 6.39167 16.575 6.39167 17.0083 6.825L22.425 12.2417C22.8583 12.675 22.8583 13.325 22.425 13.7583C22.2083 13.975 21.9917 14.0833 21.6667 14.0833Z\" fill=\"white\"\/>\n      <path d=\"M21.6667 14.0833H4.33333C3.68333 14.0833 3.25 13.65 3.25 13C3.25 12.35 3.68333 11.9167 4.33333 11.9167H21.6667C22.3167 11.9167 22.75 12.35 22.75 13C22.75 13.65 22.3167 14.0833 21.6667 14.0833Z\" fill=\"white\"\/>\n    <\/svg>    \n  <\/a>    <\/div>\n  <\/div>\n<\/div>\n\n\n\n<div class=\"keyNumbers\">\n  <h2 class=\"keyNumbers__title\">\n    Kennzahlen\n   <\/h2>\n    <div class=\"keyNumbers__item\">\n    <strong class=\"keyNumbers__numbers\">507<\/strong><br>\n    <span class=\"keyNumbers__descr\">Uhrenhersteller und Mikrotechnikunternehmen<\/span>\n  <\/div>\n    <div class=\"keyNumbers__item\">\n    <strong class=\"keyNumbers__numbers\">60&#039;900<\/strong><br>\n    <span class=\"keyNumbers__descr\">Arbeitnehmer in der Uhrmacherindustrie<\/span>\n  <\/div>\n    <div class=\"keyNumbers__item\">\n    <strong class=\"keyNumbers__numbers\">24.8<\/strong><br>\n    <span class=\"keyNumbers__descr\">Milliarden Exporte der Uhrmacherindustrie<\/span>\n  <\/div>\n    <div class=\"keyNumbers__item\">\n    <strong class=\"keyNumbers__numbers\">7%<\/strong><br>\n    <span class=\"keyNumbers__descr\">BIP der MEM-Industrie<\/span>\n  <\/div>\n    <div class=\"keyNumbers__item\">\n    <strong class=\"keyNumbers__numbers\">318&#039;900<\/strong><br>\n    <span class=\"keyNumbers__descr\">Arbeitnehmer in der MEM-Industrie<\/span>\n  <\/div>\n    <div class=\"keyNumbers__item\">\n    <strong class=\"keyNumbers__numbers\">1&#039;000<\/strong><br>\n    <span class=\"keyNumbers__descr\">Hauptakteure in der Mikropr\u00e4zision<\/span>\n  <\/div>\n    <div class=\"keyNumbers__sources\"><\/div>\n<\/div>\n<\/div>\n<\/div>\n\n\n<div class=\"clustersSubPages\">\n          <div class=\"container-lg p-0\">\n                                                  <a href=\"https:\/\/ggba.swiss\/de\/zentrale-wirtschaftszweige\/praezision-robotik\/warum-die-schweiz-fuer-drohnentechnologie\/\" class=\"subpagesTeaser row\">\n                <div class=\"col-lg-3 col-12\">\n                    <figure class=\"subpagesTeaser__image\">\n                        <img loading=\"lazy\" decoding=\"async\" width=\"1024\" height=\"430\" src=\"https:\/\/ggba.swiss\/app\/uploads\/2023\/06\/drones-1024x430.jpg\" class=\"attachment-large size-large wp-post-image\" alt=\"\" srcset=\"https:\/\/ggba.swiss\/app\/uploads\/2023\/06\/drones-1024x430.jpg 1024w, https:\/\/ggba.swiss\/app\/uploads\/2023\/06\/drones-300x126.jpg 300w, https:\/\/ggba.swiss\/app\/uploads\/2023\/06\/drones-768x322.jpg 768w, https:\/\/ggba.swiss\/app\/uploads\/2023\/06\/drones-1536x645.jpg 1536w, https:\/\/ggba.swiss\/app\/uploads\/2023\/06\/drones-2048x860.jpg 2048w\" sizes=\"auto, (max-width: 1024px) 100vw, 1024px\" \/>\n                    <\/figure>\n                <\/div>\n                <div class=\"col-lg-3 col-12 d-flex flex-lg-column justify-content-between\">\n                    <h3 class=\"subpagesTeaser__title\">Warum die Schweiz f\u00fcr Drohnentechnologie<\/h3>\n                    <div class=\"postTeaser__arrow\">\n                        <svg width=\"26\" height=\"26\" viewBox=\"0 0 26 26\" fill=\"none\" xmlns=\"http:\/\/www.w3.org\/2000\/svg\">\n<path d=\"M16.25 19.5C15.925 19.5 15.7084 19.3916 15.4917 19.175C15.0584 18.7416 15.0584 18.0916 15.4917 17.6583L20.9084 12.2416C21.3417 11.8083 21.9917 11.8083 22.425 12.2416C22.8584 12.675 22.8584 13.325 22.425 13.7583L17.0084 19.175C16.7917 19.3916 16.575 19.5 16.25 19.5Z\" fill=\"#E1251B\"\/>\n<path d=\"M21.6667 14.0833C21.3417 14.0833 21.125 13.975 20.9084 13.7583L15.4917 8.34167C15.0584 7.90833 15.0584 7.25833 15.4917 6.825C15.925 6.39167 16.575 6.39167 17.0084 6.825L22.425 12.2417C22.8584 12.675 22.8584 13.325 22.425 13.7583C22.2084 13.975 21.9917 14.0833 21.6667 14.0833Z\" fill=\"#E1251B\"\/>\n<path d=\"M21.6667 14.0833H4.33333C3.68333 14.0833 3.25 13.65 3.25 13C3.25 12.35 3.68333 11.9166 4.33333 11.9166H21.6667C22.3167 11.9166 22.75 12.35 22.75 13C22.75 13.65 22.3167 14.0833 21.6667 14.0833Z\" fill=\"#E1251B\"\/>\n<\/svg>\n                    <\/div>\n                <\/div>\n                <div class=\"col-lg-6 col-12\">\n                    <p>Wie entwickelte sich die Schweiz zur weltweit f\u00fchrenden Plattform f\u00fcr die Entstehung von Schl\u00fcsseltechnologien und Spitzenanwendungen im Drohnenbereich?<\/p>\n\n                <\/div>\n            <\/a>\n                        <\/div>\n      <\/div>\n  \n\n\n\n<div class=\"ContactUs\">\n    <div class=\"container-lg p-0\">\n        <div class=\"row\">\n            <div class=\"col-12 col-md-6 col-lg-4\">\n                <h2 class=\"contactUs__title\">\n                     Beratung anfordern\n                <\/h2>\n            <\/div>\n        <\/div>\n        <div class=\"ContactUs__container row\">\n            <div class=\"contactUs__text\">\n                <div class=\"contactUs__textDescr\"><p>Die GGBa kann sich auf ein globales Netzwerk von Fachleuten st\u00fctzen, die Ihnen bei Ihrer erfolgreichen Gesch\u00e4ftsaufnahme in der Schweiz zur Seite stehen. Nehmen Sie Kontakt mit uns auf, um Ihre Pl\u00e4ne und Ideen zu besprechen. Unsere Leistungen sind individuell auf Sie zugeschnitten, kostenlos und vertraulich.<\/p>\n<p>Sie ben\u00f6tigen eine individuelle Beratung? Unsere Vertreter befinden sich auf der ganzen Welt.<\/p>\n<\/div>\n                <div class=\"contactUs__btn\">\n                    <a class=\"arrowedButton\" href=\"https:\/\/ggba.swiss\/en\/contact\/\">\n    <span>Kontakt<\/span>\n    <svg width=\"26\" height=\"26\" viewBox=\"0 0 26 26\" fill=\"none\" xmlns=\"http:\/\/www.w3.org\/2000\/svg\">\n      <path d=\"M16.25 19.5C15.925 19.5 15.7083 19.3917 15.4917 19.175C15.0583 18.7417 15.0583 18.0917 15.4917 17.6583L20.9083 12.2417C21.3417 11.8083 21.9917 11.8083 22.425 12.2417C22.8583 12.675 22.8583 13.325 22.425 13.7583L17.0083 19.175C16.7917 19.3917 16.575 19.5 16.25 19.5Z\" fill=\"white\"\/>\n      <path d=\"M21.6667 14.0833C21.3417 14.0833 21.125 13.975 20.9083 13.7583L15.4917 8.34167C15.0583 7.90833 15.0583 7.25833 15.4917 6.825C15.925 6.39167 16.575 6.39167 17.0083 6.825L22.425 12.2417C22.8583 12.675 22.8583 13.325 22.425 13.7583C22.2083 13.975 21.9917 14.0833 21.6667 14.0833Z\" fill=\"white\"\/>\n      <path d=\"M21.6667 14.0833H4.33333C3.68333 14.0833 3.25 13.65 3.25 13C3.25 12.35 3.68333 11.9167 4.33333 11.9167H21.6667C22.3167 11.9167 22.75 12.35 22.75 13C22.75 13.65 22.3167 14.0833 21.6667 14.0833Z\" fill=\"white\"\/>\n    <\/svg>    \n  <\/a>                <\/div>\n            <\/div>\n        <\/div>\n                    <div class=\"contactUs__image offset-lg-6 col-lg-6 col-12\">\n                <img loading=\"lazy\" decoding=\"async\" width=\"2560\" height=\"1075\" src=\"https:\/\/ggba.swiss\/app\/uploads\/2023\/06\/contact-scaled.jpg\" class=\"attachment-full size-full\" alt=\"\" srcset=\"https:\/\/ggba.swiss\/app\/uploads\/2023\/06\/contact-scaled.jpg 2560w, https:\/\/ggba.swiss\/app\/uploads\/2023\/06\/contact-300x126.jpg 300w, https:\/\/ggba.swiss\/app\/uploads\/2023\/06\/contact-1024x430.jpg 1024w, https:\/\/ggba.swiss\/app\/uploads\/2023\/06\/contact-768x322.jpg 768w, https:\/\/ggba.swiss\/app\/uploads\/2023\/06\/contact-1536x645.jpg 1536w, https:\/\/ggba.swiss\/app\/uploads\/2023\/06\/contact-2048x860.jpg 2048w\" sizes=\"auto, (max-width: 2560px) 100vw, 2560px\" \/>\n            <\/div>\n            <\/div>\n<\/div>\n","protected":false},"excerpt":{"rendered":"<p>Inspiriert von ihrer jahrhundertealten Uhrmachertradition hat die Westschweiz eine einzigartige Expertise in den Bereichen Pr\u00e4zisionsmechanik, MEMS, Mikroelektronik und Nanotechnologie entwickelt. Heutzutage gilt die Region als f\u00fchrend in diesen Fachgebieten und beherbergt namhafte internationale Unternehmen wie Marvell, Semtech, Festo Microtechnology, Safran Sensing Technologies Switzerland, Melexis Technologies und Etel.<\/p>\n","protected":false},"author":1,"featured_media":16201,"parent":48,"menu_order":37,"comment_status":"closed","ping_status":"closed","template":"","meta":{"_acf_changed":false,"inline_featured_image":false,"footnotes":""},"class_list":["post-1229","page","type-page","status-publish","has-post-thumbnail","hentry"],"acf":[],"yoast_head":"<!-- This site is optimized with the Yoast SEO plugin v27.2 - https:\/\/yoast.com\/product\/yoast-seo-wordpress\/ -->\n<title>Pr\u00e4zisionsmechanik &amp; Robotik in der Westschweiz | GGBa<\/title>\n<meta name=\"description\" content=\"Entdecken Sien das unvergleichliche Erbe der Westschweiz in Pr\u00e4zisionsmechanik, MEMS, Mikroelektronik und Nanotechnologien.\" \/>\n<meta name=\"robots\" content=\"index, follow, max-snippet:-1, max-image-preview:large, max-video-preview:-1\" \/>\n<link rel=\"canonical\" href=\"https:\/\/ggba.swiss\/de\/zentrale-wirtschaftszweige\/praezision-robotik\/\" \/>\n<meta property=\"og:locale\" content=\"de_DE\" \/>\n<meta property=\"og:type\" content=\"article\" \/>\n<meta property=\"og:title\" content=\"Pr\u00e4zisionsmechanik &amp; Robotik in der Westschweiz | GGBa\" \/>\n<meta property=\"og:description\" content=\"Entdecken Sien das unvergleichliche Erbe der Westschweiz in Pr\u00e4zisionsmechanik, MEMS, Mikroelektronik und Nanotechnologien.\" \/>\n<meta property=\"og:url\" content=\"https:\/\/ggba.swiss\/de\/zentrale-wirtschaftszweige\/praezision-robotik\/\" \/>\n<meta property=\"og:site_name\" content=\"Greater Geneva Bern area\" \/>\n<meta property=\"article:modified_time\" content=\"2024-06-26T09:50:45+00:00\" \/>\n<meta property=\"og:image\" content=\"https:\/\/ggba.swiss\/app\/uploads\/2023\/07\/roboclette-sm.jpg\" \/>\n\t<meta property=\"og:image:width\" content=\"1500\" \/>\n\t<meta property=\"og:image:height\" content=\"1000\" \/>\n\t<meta property=\"og:image:type\" content=\"image\/jpeg\" \/>\n<meta name=\"twitter:card\" content=\"summary_large_image\" \/>\n<meta name=\"twitter:label1\" content=\"Gesch\u00e4tzte Lesezeit\" \/>\n\t<meta name=\"twitter:data1\" content=\"2 minutes\" \/>\n<script type=\"application\/ld+json\" class=\"yoast-schema-graph\">{\"@context\":\"https:\/\/schema.org\",\"@graph\":[{\"@type\":\"WebPage\",\"@id\":\"https:\/\/ggba.swiss\/de\/zentrale-wirtschaftszweige\/praezision-robotik\/\",\"url\":\"https:\/\/ggba.swiss\/de\/zentrale-wirtschaftszweige\/praezision-robotik\/\",\"name\":\"Pr\u00e4zisionsmechanik & Robotik in der Westschweiz | GGBa\",\"isPartOf\":{\"@id\":\"https:\/\/staging.ggba.swiss\/en\/#website\"},\"primaryImageOfPage\":{\"@id\":\"https:\/\/ggba.swiss\/de\/zentrale-wirtschaftszweige\/praezision-robotik\/#primaryimage\"},\"image\":{\"@id\":\"https:\/\/ggba.swiss\/de\/zentrale-wirtschaftszweige\/praezision-robotik\/#primaryimage\"},\"thumbnailUrl\":\"https:\/\/ggba.swiss\/app\/uploads\/2023\/07\/roboclette-sm.jpg\",\"datePublished\":\"2023-03-29T12:11:00+00:00\",\"dateModified\":\"2024-06-26T09:50:45+00:00\",\"description\":\"Entdecken Sien das unvergleichliche Erbe der Westschweiz in Pr\u00e4zisionsmechanik, MEMS, Mikroelektronik und Nanotechnologien.\",\"breadcrumb\":{\"@id\":\"https:\/\/ggba.swiss\/de\/zentrale-wirtschaftszweige\/praezision-robotik\/#breadcrumb\"},\"inLanguage\":\"de-DE\",\"potentialAction\":[{\"@type\":\"ReadAction\",\"target\":[\"https:\/\/ggba.swiss\/de\/zentrale-wirtschaftszweige\/praezision-robotik\/\"]}]},{\"@type\":\"ImageObject\",\"inLanguage\":\"de-DE\",\"@id\":\"https:\/\/ggba.swiss\/de\/zentrale-wirtschaftszweige\/praezision-robotik\/#primaryimage\",\"url\":\"https:\/\/ggba.swiss\/app\/uploads\/2023\/07\/roboclette-sm.jpg\",\"contentUrl\":\"https:\/\/ggba.swiss\/app\/uploads\/2023\/07\/roboclette-sm.jpg\",\"width\":1500,\"height\":1000},{\"@type\":\"BreadcrumbList\",\"@id\":\"https:\/\/ggba.swiss\/de\/zentrale-wirtschaftszweige\/praezision-robotik\/#breadcrumb\",\"itemListElement\":[{\"@type\":\"ListItem\",\"position\":1,\"name\":\"Home\",\"item\":\"https:\/\/ggba.swiss\/de\/\"},{\"@type\":\"ListItem\",\"position\":2,\"name\":\"Zentrale Wirtschaftszweige\",\"item\":\"https:\/\/ggba.swiss\/de\/zentrale-wirtschaftszweige\/\"},{\"@type\":\"ListItem\",\"position\":3,\"name\":\"Pr\u00e4zision &amp; Robotik\"}]},{\"@type\":\"WebSite\",\"@id\":\"https:\/\/staging.ggba.swiss\/en\/#website\",\"url\":\"https:\/\/staging.ggba.swiss\/en\/\",\"name\":\"Greater Geneva Bern area\",\"description\":\"\",\"potentialAction\":[{\"@type\":\"SearchAction\",\"target\":{\"@type\":\"EntryPoint\",\"urlTemplate\":\"https:\/\/staging.ggba.swiss\/en\/?s={search_term_string}\"},\"query-input\":{\"@type\":\"PropertyValueSpecification\",\"valueRequired\":true,\"valueName\":\"search_term_string\"}}],\"inLanguage\":\"de-DE\"}]}<\/script>\n<!-- \/ Yoast SEO plugin. -->","yoast_head_json":{"title":"Pr\u00e4zisionsmechanik & Robotik in der Westschweiz | GGBa","description":"Entdecken Sien das unvergleichliche Erbe der Westschweiz in Pr\u00e4zisionsmechanik, MEMS, Mikroelektronik und Nanotechnologien.","robots":{"index":"index","follow":"follow","max-snippet":"max-snippet:-1","max-image-preview":"max-image-preview:large","max-video-preview":"max-video-preview:-1"},"canonical":"https:\/\/ggba.swiss\/de\/zentrale-wirtschaftszweige\/praezision-robotik\/","og_locale":"de_DE","og_type":"article","og_title":"Pr\u00e4zisionsmechanik & Robotik in der Westschweiz | GGBa","og_description":"Entdecken Sien das unvergleichliche Erbe der Westschweiz in Pr\u00e4zisionsmechanik, MEMS, Mikroelektronik und Nanotechnologien.","og_url":"https:\/\/ggba.swiss\/de\/zentrale-wirtschaftszweige\/praezision-robotik\/","og_site_name":"Greater Geneva Bern area","article_modified_time":"2024-06-26T09:50:45+00:00","og_image":[{"width":1500,"height":1000,"url":"https:\/\/ggba.swiss\/app\/uploads\/2023\/07\/roboclette-sm.jpg","type":"image\/jpeg"}],"twitter_card":"summary_large_image","twitter_misc":{"Gesch\u00e4tzte Lesezeit":"2 minutes"},"schema":{"@context":"https:\/\/schema.org","@graph":[{"@type":"WebPage","@id":"https:\/\/ggba.swiss\/de\/zentrale-wirtschaftszweige\/praezision-robotik\/","url":"https:\/\/ggba.swiss\/de\/zentrale-wirtschaftszweige\/praezision-robotik\/","name":"Pr\u00e4zisionsmechanik & Robotik in der Westschweiz | GGBa","isPartOf":{"@id":"https:\/\/staging.ggba.swiss\/en\/#website"},"primaryImageOfPage":{"@id":"https:\/\/ggba.swiss\/de\/zentrale-wirtschaftszweige\/praezision-robotik\/#primaryimage"},"image":{"@id":"https:\/\/ggba.swiss\/de\/zentrale-wirtschaftszweige\/praezision-robotik\/#primaryimage"},"thumbnailUrl":"https:\/\/ggba.swiss\/app\/uploads\/2023\/07\/roboclette-sm.jpg","datePublished":"2023-03-29T12:11:00+00:00","dateModified":"2024-06-26T09:50:45+00:00","description":"Entdecken Sien das unvergleichliche Erbe der Westschweiz in Pr\u00e4zisionsmechanik, MEMS, Mikroelektronik und Nanotechnologien.","breadcrumb":{"@id":"https:\/\/ggba.swiss\/de\/zentrale-wirtschaftszweige\/praezision-robotik\/#breadcrumb"},"inLanguage":"de-DE","potentialAction":[{"@type":"ReadAction","target":["https:\/\/ggba.swiss\/de\/zentrale-wirtschaftszweige\/praezision-robotik\/"]}]},{"@type":"ImageObject","inLanguage":"de-DE","@id":"https:\/\/ggba.swiss\/de\/zentrale-wirtschaftszweige\/praezision-robotik\/#primaryimage","url":"https:\/\/ggba.swiss\/app\/uploads\/2023\/07\/roboclette-sm.jpg","contentUrl":"https:\/\/ggba.swiss\/app\/uploads\/2023\/07\/roboclette-sm.jpg","width":1500,"height":1000},{"@type":"BreadcrumbList","@id":"https:\/\/ggba.swiss\/de\/zentrale-wirtschaftszweige\/praezision-robotik\/#breadcrumb","itemListElement":[{"@type":"ListItem","position":1,"name":"Home","item":"https:\/\/ggba.swiss\/de\/"},{"@type":"ListItem","position":2,"name":"Zentrale Wirtschaftszweige","item":"https:\/\/ggba.swiss\/de\/zentrale-wirtschaftszweige\/"},{"@type":"ListItem","position":3,"name":"Pr\u00e4zision &amp; Robotik"}]},{"@type":"WebSite","@id":"https:\/\/staging.ggba.swiss\/en\/#website","url":"https:\/\/staging.ggba.swiss\/en\/","name":"Greater Geneva Bern area","description":"","potentialAction":[{"@type":"SearchAction","target":{"@type":"EntryPoint","urlTemplate":"https:\/\/staging.ggba.swiss\/en\/?s={search_term_string}"},"query-input":{"@type":"PropertyValueSpecification","valueRequired":true,"valueName":"search_term_string"}}],"inLanguage":"de-DE"}]}},"_links":{"self":[{"href":"https:\/\/ggba.swiss\/de\/wp-json\/wp\/v2\/pages\/1229","targetHints":{"allow":["GET"]}}],"collection":[{"href":"https:\/\/ggba.swiss\/de\/wp-json\/wp\/v2\/pages"}],"about":[{"href":"https:\/\/ggba.swiss\/de\/wp-json\/wp\/v2\/types\/page"}],"author":[{"embeddable":true,"href":"https:\/\/ggba.swiss\/de\/wp-json\/wp\/v2\/users\/1"}],"replies":[{"embeddable":true,"href":"https:\/\/ggba.swiss\/de\/wp-json\/wp\/v2\/comments?post=1229"}],"version-history":[{"count":21,"href":"https:\/\/ggba.swiss\/de\/wp-json\/wp\/v2\/pages\/1229\/revisions"}],"predecessor-version":[{"id":25013,"href":"https:\/\/ggba.swiss\/de\/wp-json\/wp\/v2\/pages\/1229\/revisions\/25013"}],"up":[{"embeddable":true,"href":"https:\/\/ggba.swiss\/de\/wp-json\/wp\/v2\/pages\/48"}],"wp:featuredmedia":[{"embeddable":true,"href":"https:\/\/ggba.swiss\/de\/wp-json\/wp\/v2\/media\/16201"}],"wp:attachment":[{"href":"https:\/\/ggba.swiss\/de\/wp-json\/wp\/v2\/media?parent=1229"}],"curies":[{"name":"wp","href":"https:\/\/api.w.org\/{rel}","templated":true}]}}