{"id":1292,"date":"2023-03-29T14:10:42","date_gmt":"2023-03-29T12:10:42","guid":{"rendered":"https:\/\/ggba.swiss\/?page_id=1292"},"modified":"2025-01-15T09:58:54","modified_gmt":"2025-01-15T08:58:54","slug":"agrartechnologie-lebensmittel-ernaehrung","status":"publish","type":"page","link":"https:\/\/ggba.swiss\/de\/zentrale-wirtschaftszweige\/agrartechnologie-lebensmittel-ernaehrung\/","title":{"rendered":"Agrartechnologie, Lebensmittel &amp; Ern\u00e4hrung"},"content":{"rendered":"\n<div class=\"wp-block-columns is-layout-flex wp-container-core-columns-is-layout-9d6595d7 wp-block-columns-is-layout-flex\">\n<div class=\"wp-block-column ClustersGuntenbergBlockAdjust is-layout-flow wp-block-column-is-layout-flow\" style=\"flex-basis:66.66%\"><div class=\"intro\">\n  <p>Die Schweiz ist traditionell stark in den Bereichen Lebensmittel, Landwirtschaft und Ern\u00e4hrung und strebt danach, die Foodtech-Innovation voranzutreiben, indem sie ihre renommierten Forschungsinstitute, technologischen Kenntnisse, hochqualifizierten Arbeitskr\u00e4fte, ver\u00e4nderungsbereiten Konsumenten und f\u00fchrenden Akteure im gesamten \u00d6kosystem nutzt.<\/p>\n\n<\/div>\n\n\n\n\n<h2 class=\"wp-block-heading\">Tief verwurzelt in der landwirtschaftlichen Tradition<\/h2>\n\n\n\n<p>Dank ihrer weltweiten Bekanntheit f\u00fcr die Qualit\u00e4t von K\u00e4se und Schokolade, war die Schweiz schon immer pr\u00e4destiniert, eine bedeutende Rolle im globalen Agrar- und Ern\u00e4hrungssektor zu spielen. Basierend auf seiner landwirtschaftlichen Tradition ist das Land auf dem besten Weg, eine f\u00fchrende Position bei der Entwicklung neuer L\u00f6sungen, Instrumente, Produkte und Dienstleistungen zur Unterst\u00fctzung nachhaltiger und widerstandsf\u00e4higer Ern\u00e4hrungssysteme einzunehmen.<\/p>\n\n\n\n<h2 class=\"wp-block-heading\">Ein aufstrebendes \u00d6kosystem<\/h2>\n\n\n\n<p>Mit mehr als 300 Akteuren im Lebensmittel- und Agrar\u00f6kosystem ist die Schweiz noch ein relativ unentdecktes, aber \u00e4u\u00dferst wettbewerbsf\u00e4higes Foodtech-Zentrum mit erheblichem Marktwachstumspotenzial. Die Initiative <a href=\"https:\/\/swissfoodnutritionvalley.com\/\" data-type=\"URL\" data-id=\"https:\/\/swissfoodnutritionvalley.com\/\">Swiss Food &amp; Nutrition Valley<\/a> ist ein nationaler Ansatz zur Entwicklung, St\u00e4rkung und F\u00f6rderung von Lebensmittelinnovationen in der Schweiz und dar\u00fcber hinaus.<\/p>\n\n\n\n<h2 class=\"wp-block-heading\">Zugang zu erstklassigem Fachwissen<\/h2>\n\n\n\n<p>Ein herausragendes Beispiel ist das Zentrum f\u00fcr Lebensmittelwissenschaften und Ern\u00e4hrung (<a href=\"https:\/\/www.epfl.ch\/research\/domains\/nutrition-center\/\" data-type=\"URL\" data-id=\"https:\/\/www.epfl.ch\/research\/domains\/nutrition-center\/\">CNU<\/a>) an der EPFL, das als Br\u00fccke zwischen Forschung und Industrie fungiert und interdisziplin\u00e4re Projekte entlang der gesamten Lebensmittelwertsch\u00f6pfungskette erm\u00f6glicht. Das <a href=\"https:\/\/www.fr.ch\/de\/grangeneuve\" data-type=\"URL\" data-id=\"https:\/\/www.fr.ch\/de\/grangeneuve\">Landwirtschaftliche Institut Grangeneuve<\/a> bietet erstklassige Ausbildung und Beratung in den Bereichen Landwirtschaft, Ern\u00e4hrung und Milchwirtschaft, wobei ein besonderer Fokus auf der Milchproduktion und -verarbeitung liegt. Die Hochschule f\u00fcr Wirtschaft und Ingenieurwesen des Kantons Waadt (<a href=\"https:\/\/heig-vd.ch\/en\" data-type=\"URL\" data-id=\"https:\/\/heig-vd.ch\/en\">HEIG-VD<\/a>) engagiert sich ebenfalls intensiv in der Agrar- und Lebensmittelforschung, insbesondere durch ihr Institut f\u00fcr Mechanik, Materialwissenschaften und Verpackungstechnologien (<a href=\"https:\/\/heig-vd.ch\/en\/research\/comatec\" data-type=\"URL\" data-id=\"https:\/\/heig-vd.ch\/en\/research\/comatec\">COMATEC<\/a>). Das Centre Suisse d&#8217;Electronique et de Microtechnique (<a href=\"https:\/\/www.csem.ch\/de\/industrie\/lebensmittel-und-landwirtschaft\" data-type=\"URL\" data-id=\"https:\/\/www.csem.ch\/de\/industrie\/lebensmittel-und-landwirtschaft\">CSEM<\/a>) ist eine strategische Partnerschaft mit <a href=\"https:\/\/www.agroscope.admin.ch\/agroscope\/de\/home.html\" data-type=\"URL\" data-id=\"https:\/\/www.agroscope.admin.ch\/agroscope\/de\/home.html\">Agroscope<\/a>, der Forschungsanstalt des Bundes f\u00fcr Landwirtschaft, Ern\u00e4hrung und Umwelt, eingegangen, um Instrumente zur \u00dcberwachung von Feldern und Viehbest\u00e4nden zu entwickeln und alle Prozesse entlang der Nahrungsmittelkette zu optimieren. Das <a href=\"https:\/\/www.heg-fr.ch\/de\/forschung-und-dienstleistungen\/institut\/food-ecosystem\/\" data-type=\"URL\" data-id=\"https:\/\/www.heg-fr.ch\/de\/forschung-und-dienstleistungen\/institut\/food-ecosystem\/\">Food Ecosystem Institute<\/a> an der Hochschule f\u00fcr Wirtschaft in Fribourg widmet sich dem Ziel, das Agrar- und Lebensmittelsystem beim \u00dcbergang in die \u00c4ra der Industrie 4.0 zu unterst\u00fctzen. Dar\u00fcber hinaus beherbergt die Schweiz einige der weltweit f\u00fchrenden Ausbildungsst\u00e4tten f\u00fcr das Gastgewerbe, wie die <a href=\"https:\/\/www.ehl.edu\/de\/ueber-uns\" data-type=\"URL\" data-id=\"https:\/\/www.ehl.edu\/de\/ueber-uns\">EHL<\/a> mit ihrem <a href=\"https:\/\/nutritionrd.ehl.edu\/?_ga=2.238910279.61713221.1656085433-1622470245.1656085433\" data-type=\"URL\" data-id=\"https:\/\/nutritionrd.ehl.edu\/?_ga=2.238910279.61713221.1656085433-1622470245.1656085433\">Institut f\u00fcr Forschung und Entwicklung im Bereich Ern\u00e4hrung<\/a>. Dieses umfassende akademische \u00d6kosystem zieht Talente an, f\u00f6rdert ihre Entwicklung, f\u00f6rdert neue Forschung und unterst\u00fctzt unternehmerische Initiativen.<\/p>\n\n\n\n<h2 class=\"wp-block-heading\">Hervorragende Infrastrukturen<\/h2>\n\n\n\n<p>Unternehmen aus der Land- und Ern\u00e4hrungswirtschaft, die nach einem inspirierenden Umfeld suchen, um sich zu entwickeln und innovative Ideen zu erproben, k\u00f6nnen sich in einem der spezialisierten Technologieparks der Westschweiz niederlassen. <a href=\"https:\/\/www.agrico.swiss\/de\">AgriCo<\/a>, der Swiss Campus for Agri and Food Innovation, konzentriert sich auf die Wertsch\u00f6pfung in den Bereichen Landwirtschaft, Ern\u00e4hrung und Biomasse. Er bietet gro\u00dffl\u00e4chige Industrieparzellen zur Bebauung, B\u00fcro- und Laborr\u00e4ume zur Miete sowie eine Million Quadratmeter landwirtschaftliche Nutzfl\u00e4che f\u00fcr umfangreiche Feldversuche. <a href=\"https:\/\/www.agropole.ch\/\">Agrop\u00f4le<\/a> stellt Existenzgr\u00fcndern, Dienstleistern und Herstellern im Agrar- und Lebensmittelsektor flexible R\u00e4umlichkeiten, ma\u00dfgeschneiderte Ausstattung und umfassende Unterst\u00fctzung in jeder Entwicklungsphase zur Verf\u00fcgung. <\/p>\n\n\n\n<h2 class=\"wp-block-heading\">F\u00fchrende Unternehmen als Innovationstreiber<\/h2>\n\n\n\n<p>In der Schweiz haben sich namhafte internationale Unternehmen aus der Lebensmittel- und Ern\u00e4hrungsbranche angesiedelt, darunter Nestl\u00e9, General Mills, Chiquita, Givaudan, Tetra Laval und DSM-Firmenich. Zudem gibt es 26 Forschungs- und Entwicklungszentren f\u00fcr Lebensmitteltechnologie, wobei allein Nestl\u00e9 mit zehn Zentren vertreten ist. Das Land ist bekannt f\u00fcr seine herausragende Forschungs- und Innovationskultur, was sich auch in seiner kontinuierlichen Spitzenposition im Global Innovation Index widerspiegelt.<\/p>\n\n\n\n<p>Besonders hervorzuheben ist Genf, das seit dem 19. Jahrhundert ein bedeutendes Zentrum f\u00fcr die Aromen- und Riechstoffindustrie ist. Hier haben mit <a href=\"https:\/\/www.givaudan.com\/\" data-type=\"URL\" data-id=\"https:\/\/www.givaudan.com\/\">Givaudan<\/a> und <a href=\"https:\/\/www.firmenich.com\/\" data-type=\"URL\" data-id=\"https:\/\/www.firmenich.com\/\">Firmenich<\/a> zwei bedeutende Unternehmen der Branche ihren Hauptsitz. Zus\u00e4tzlich unterh\u00e4lt Firmenich in Genf ein hochmodernes Food and Flavor Expertise Center, in dem angewandte Forschung, Produktentwicklung, sensorische Analysen und Marketing durchgef\u00fchrt werden. Die r\u00e4umliche N\u00e4he zu wichtigen Akteuren wie Procter &amp; Gamble, Elizabeth Arden, Shiseido und Coty erm\u00f6glicht enge Gesch\u00e4ftsbeziehungen und erleichtert die Zusammenarbeit und Partnerschaften, was zur Entwicklung von Unternehmensclustern f\u00fchrt. Dabei handelt es sich um ein gemeinsames Merkmal der Schl\u00fcsselindustrien in der Region.<\/p>\n<\/div>\n\n\n\n<div class=\"wp-block-column is-layout-flow wp-block-column-is-layout-flow\" style=\"flex-basis:33.33%\"><div class=\"askAdvice\">\n <div class=\"relative\">\n   <h2>\n     Ratschl\u00e4ge einholen\n    <\/h2>\n   <p>Kontaktieren Sie unseren Experten<br \/>\r\nAgrartechnologie, Lebensmittel &#038; Ern\u00e4hrung<\/p>\n   <div>\n     <a class=\"arrowedButton\" href=\"https:\/\/ggba.swiss\/en\/contact\/\">\n    <span>Kontakt<\/span>\n    <svg width=\"26\" height=\"26\" viewBox=\"0 0 26 26\" fill=\"none\" xmlns=\"http:\/\/www.w3.org\/2000\/svg\">\n      <path d=\"M16.25 19.5C15.925 19.5 15.7083 19.3917 15.4917 19.175C15.0583 18.7417 15.0583 18.0917 15.4917 17.6583L20.9083 12.2417C21.3417 11.8083 21.9917 11.8083 22.425 12.2417C22.8583 12.675 22.8583 13.325 22.425 13.7583L17.0083 19.175C16.7917 19.3917 16.575 19.5 16.25 19.5Z\" fill=\"white\"\/>\n      <path d=\"M21.6667 14.0833C21.3417 14.0833 21.125 13.975 20.9083 13.7583L15.4917 8.34167C15.0583 7.90833 15.0583 7.25833 15.4917 6.825C15.925 6.39167 16.575 6.39167 17.0083 6.825L22.425 12.2417C22.8583 12.675 22.8583 13.325 22.425 13.7583C22.2083 13.975 21.9917 14.0833 21.6667 14.0833Z\" fill=\"white\"\/>\n      <path d=\"M21.6667 14.0833H4.33333C3.68333 14.0833 3.25 13.65 3.25 13C3.25 12.35 3.68333 11.9167 4.33333 11.9167H21.6667C22.3167 11.9167 22.75 12.35 22.75 13C22.75 13.65 22.3167 14.0833 21.6667 14.0833Z\" fill=\"white\"\/>\n    <\/svg>    \n  <\/a>    <\/div>\n  <\/div>\n<\/div>\n\n\n\n<div class=\"keyNumbers\">\n  <h2 class=\"keyNumbers__title\">\n    Kennzahlen\n   <\/h2>\n    <div class=\"keyNumbers__item\">\n    <strong class=\"keyNumbers__numbers\">280+<\/strong><br>\n    <span class=\"keyNumbers__descr\">f\u00fchrende Akteure des Lebensmittelsektors<\/span>\n  <\/div>\n    <div class=\"keyNumbers__item\">\n    <strong class=\"keyNumbers__numbers\">166<\/strong><br>\n    <span class=\"keyNumbers__descr\">Schweizer Foodtech-Start-ups<\/span>\n  <\/div>\n    <div class=\"keyNumbers__item\">\n    <strong class=\"keyNumbers__numbers\">26<\/strong><br>\n    <span class=\"keyNumbers__descr\">unternehmenseigene Forschungszentren, die sich mit Lebensmitteltechnologien befassen<\/span>\n  <\/div>\n    <div class=\"keyNumbers__item\">\n    <strong class=\"keyNumbers__numbers\">4,5<\/strong><br>\n    <span class=\"keyNumbers__descr\">Milliarden CHF Bruttowertsch\u00f6pfung des Prim\u00e4rsektors<\/span>\n  <\/div>\n    <div class=\"keyNumbers__sources\"><\/div>\n<\/div>\n<\/div>\n<\/div>\n\n\n\n\n\n\n<div class=\"ContactUs\">\n    <div class=\"container-lg p-0\">\n        <div class=\"row\">\n            <div class=\"col-12 col-md-6 col-lg-4\">\n                <h2 class=\"contactUs__title\">\n                     Beratung anfordern\n                <\/h2>\n            <\/div>\n        <\/div>\n        <div class=\"ContactUs__container row\">\n            <div class=\"contactUs__text\">\n                <div class=\"contactUs__textDescr\"><p>Die GGBa kann sich auf ein globales Netzwerk von Fachleuten st\u00fctzen, die Ihnen bei Ihrer erfolgreichen Gesch\u00e4ftsaufnahme in der Schweiz zur Seite stehen. Nehmen Sie Kontakt mit uns auf, um Ihre Pl\u00e4ne und Ideen zu besprechen. Unsere Leistungen sind individuell auf Sie zugeschnitten, kostenlos und vertraulich.<\/p>\n<p>Sie ben\u00f6tigen eine individuelle Beratung? Unsere Vertreter befinden sich auf der ganzen Welt.<\/p>\n<\/div>\n                <div class=\"contactUs__btn\">\n                    <a class=\"arrowedButton\" href=\"https:\/\/ggba.swiss\/en\/contact\/\">\n    <span>Kontakt<\/span>\n    <svg width=\"26\" height=\"26\" viewBox=\"0 0 26 26\" fill=\"none\" xmlns=\"http:\/\/www.w3.org\/2000\/svg\">\n      <path d=\"M16.25 19.5C15.925 19.5 15.7083 19.3917 15.4917 19.175C15.0583 18.7417 15.0583 18.0917 15.4917 17.6583L20.9083 12.2417C21.3417 11.8083 21.9917 11.8083 22.425 12.2417C22.8583 12.675 22.8583 13.325 22.425 13.7583L17.0083 19.175C16.7917 19.3917 16.575 19.5 16.25 19.5Z\" fill=\"white\"\/>\n      <path d=\"M21.6667 14.0833C21.3417 14.0833 21.125 13.975 20.9083 13.7583L15.4917 8.34167C15.0583 7.90833 15.0583 7.25833 15.4917 6.825C15.925 6.39167 16.575 6.39167 17.0083 6.825L22.425 12.2417C22.8583 12.675 22.8583 13.325 22.425 13.7583C22.2083 13.975 21.9917 14.0833 21.6667 14.0833Z\" fill=\"white\"\/>\n      <path d=\"M21.6667 14.0833H4.33333C3.68333 14.0833 3.25 13.65 3.25 13C3.25 12.35 3.68333 11.9167 4.33333 11.9167H21.6667C22.3167 11.9167 22.75 12.35 22.75 13C22.75 13.65 22.3167 14.0833 21.6667 14.0833Z\" fill=\"white\"\/>\n    <\/svg>    \n  <\/a>                <\/div>\n            <\/div>\n        <\/div>\n                    <div class=\"contactUs__image offset-lg-6 col-lg-6 col-12\">\n                <img loading=\"lazy\" decoding=\"async\" width=\"2560\" height=\"1075\" src=\"https:\/\/ggba.swiss\/app\/uploads\/2023\/06\/contact-scaled.jpg\" class=\"attachment-full size-full\" alt=\"\" srcset=\"https:\/\/ggba.swiss\/app\/uploads\/2023\/06\/contact-scaled.jpg 2560w, https:\/\/ggba.swiss\/app\/uploads\/2023\/06\/contact-300x126.jpg 300w, https:\/\/ggba.swiss\/app\/uploads\/2023\/06\/contact-1024x430.jpg 1024w, https:\/\/ggba.swiss\/app\/uploads\/2023\/06\/contact-768x322.jpg 768w, https:\/\/ggba.swiss\/app\/uploads\/2023\/06\/contact-1536x645.jpg 1536w, https:\/\/ggba.swiss\/app\/uploads\/2023\/06\/contact-2048x860.jpg 2048w\" sizes=\"auto, (max-width: 2560px) 100vw, 2560px\" \/>\n            <\/div>\n            <\/div>\n<\/div>\n","protected":false},"excerpt":{"rendered":"<p>Die Schweiz ist traditionell stark in den Bereichen Lebensmittel, Landwirtschaft und Ern\u00e4hrung und strebt danach, die Foodtech-Innovation voranzutreiben, indem sie ihre renommierten Forschungsinstitute, technologischen Kenntnisse, hochqualifizierten Arbeitskr\u00e4fte, ver\u00e4nderungsbereiten Konsumenten und f\u00fchrenden Akteure im gesamten \u00d6kosystem nutzt.<\/p>\n","protected":false},"author":1,"featured_media":2029,"parent":48,"menu_order":48,"comment_status":"closed","ping_status":"closed","template":"","meta":{"_acf_changed":false,"inline_featured_image":false,"footnotes":""},"class_list":["post-1292","page","type-page","status-publish","has-post-thumbnail","hentry"],"acf":[],"yoast_head":"<!-- This site is optimized with the Yoast SEO plugin v27.2 - https:\/\/yoast.com\/product\/yoast-seo-wordpress\/ -->\n<title>Agrartechnologie, Lebensmittel &amp; Ern\u00e4hrung in der Westschweiz<\/title>\n<meta name=\"description\" content=\"Entdecken Sie den Agrifood-Sektor der Schweiz, der eine reiche Tradition mit Spitzenforschung und f\u00fchrenden Unternehmen verbindet.\" \/>\n<meta name=\"robots\" content=\"index, follow, max-snippet:-1, max-image-preview:large, max-video-preview:-1\" \/>\n<link rel=\"canonical\" href=\"https:\/\/ggba.swiss\/de\/zentrale-wirtschaftszweige\/agrartechnologie-lebensmittel-ernaehrung\/\" \/>\n<meta property=\"og:locale\" content=\"de_DE\" \/>\n<meta property=\"og:type\" content=\"article\" \/>\n<meta property=\"og:title\" content=\"Agrartechnologie, Lebensmittel &amp; Ern\u00e4hrung in der Westschweiz\" \/>\n<meta property=\"og:description\" content=\"Entdecken Sie den Agrifood-Sektor der Schweiz, der eine reiche Tradition mit Spitzenforschung und f\u00fchrenden Unternehmen verbindet.\" \/>\n<meta property=\"og:url\" content=\"https:\/\/ggba.swiss\/de\/zentrale-wirtschaftszweige\/agrartechnologie-lebensmittel-ernaehrung\/\" \/>\n<meta property=\"og:site_name\" content=\"Greater Geneva Bern area\" \/>\n<meta property=\"article:modified_time\" content=\"2025-01-15T08:58:54+00:00\" \/>\n<meta property=\"og:image\" content=\"https:\/\/ggba.swiss\/app\/uploads\/2023\/06\/agtech-sm-3.jpg\" \/>\n\t<meta property=\"og:image:width\" content=\"1500\" \/>\n\t<meta property=\"og:image:height\" content=\"1000\" \/>\n\t<meta property=\"og:image:type\" content=\"image\/jpeg\" \/>\n<meta name=\"twitter:card\" content=\"summary_large_image\" \/>\n<meta name=\"twitter:label1\" content=\"Gesch\u00e4tzte Lesezeit\" \/>\n\t<meta name=\"twitter:data1\" content=\"3 minutes\" \/>\n<script type=\"application\/ld+json\" class=\"yoast-schema-graph\">{\"@context\":\"https:\/\/schema.org\",\"@graph\":[{\"@type\":\"WebPage\",\"@id\":\"https:\/\/ggba.swiss\/de\/zentrale-wirtschaftszweige\/agrartechnologie-lebensmittel-ernaehrung\/\",\"url\":\"https:\/\/ggba.swiss\/de\/zentrale-wirtschaftszweige\/agrartechnologie-lebensmittel-ernaehrung\/\",\"name\":\"Agrartechnologie, Lebensmittel & Ern\u00e4hrung in der Westschweiz\",\"isPartOf\":{\"@id\":\"https:\/\/staging.ggba.swiss\/en\/#website\"},\"primaryImageOfPage\":{\"@id\":\"https:\/\/ggba.swiss\/de\/zentrale-wirtschaftszweige\/agrartechnologie-lebensmittel-ernaehrung\/#primaryimage\"},\"image\":{\"@id\":\"https:\/\/ggba.swiss\/de\/zentrale-wirtschaftszweige\/agrartechnologie-lebensmittel-ernaehrung\/#primaryimage\"},\"thumbnailUrl\":\"https:\/\/ggba.swiss\/app\/uploads\/2023\/06\/agtech-sm-3.jpg\",\"datePublished\":\"2023-03-29T12:10:42+00:00\",\"dateModified\":\"2025-01-15T08:58:54+00:00\",\"description\":\"Entdecken Sie den Agrifood-Sektor der Schweiz, der eine reiche Tradition mit Spitzenforschung und f\u00fchrenden Unternehmen verbindet.\",\"breadcrumb\":{\"@id\":\"https:\/\/ggba.swiss\/de\/zentrale-wirtschaftszweige\/agrartechnologie-lebensmittel-ernaehrung\/#breadcrumb\"},\"inLanguage\":\"de-DE\",\"potentialAction\":[{\"@type\":\"ReadAction\",\"target\":[\"https:\/\/ggba.swiss\/de\/zentrale-wirtschaftszweige\/agrartechnologie-lebensmittel-ernaehrung\/\"]}]},{\"@type\":\"ImageObject\",\"inLanguage\":\"de-DE\",\"@id\":\"https:\/\/ggba.swiss\/de\/zentrale-wirtschaftszweige\/agrartechnologie-lebensmittel-ernaehrung\/#primaryimage\",\"url\":\"https:\/\/ggba.swiss\/app\/uploads\/2023\/06\/agtech-sm-3.jpg\",\"contentUrl\":\"https:\/\/ggba.swiss\/app\/uploads\/2023\/06\/agtech-sm-3.jpg\",\"width\":1500,\"height\":1000},{\"@type\":\"BreadcrumbList\",\"@id\":\"https:\/\/ggba.swiss\/de\/zentrale-wirtschaftszweige\/agrartechnologie-lebensmittel-ernaehrung\/#breadcrumb\",\"itemListElement\":[{\"@type\":\"ListItem\",\"position\":1,\"name\":\"Home\",\"item\":\"https:\/\/ggba.swiss\/de\/\"},{\"@type\":\"ListItem\",\"position\":2,\"name\":\"Zentrale Wirtschaftszweige\",\"item\":\"https:\/\/ggba.swiss\/de\/zentrale-wirtschaftszweige\/\"},{\"@type\":\"ListItem\",\"position\":3,\"name\":\"Agrartechnologie, Lebensmittel &amp; Ern\u00e4hrung\"}]},{\"@type\":\"WebSite\",\"@id\":\"https:\/\/staging.ggba.swiss\/en\/#website\",\"url\":\"https:\/\/staging.ggba.swiss\/en\/\",\"name\":\"Greater Geneva Bern area\",\"description\":\"\",\"potentialAction\":[{\"@type\":\"SearchAction\",\"target\":{\"@type\":\"EntryPoint\",\"urlTemplate\":\"https:\/\/staging.ggba.swiss\/en\/?s={search_term_string}\"},\"query-input\":{\"@type\":\"PropertyValueSpecification\",\"valueRequired\":true,\"valueName\":\"search_term_string\"}}],\"inLanguage\":\"de-DE\"}]}<\/script>\n<!-- \/ Yoast SEO plugin. -->","yoast_head_json":{"title":"Agrartechnologie, Lebensmittel & Ern\u00e4hrung in der Westschweiz","description":"Entdecken Sie den Agrifood-Sektor der Schweiz, der eine reiche Tradition mit Spitzenforschung und f\u00fchrenden Unternehmen verbindet.","robots":{"index":"index","follow":"follow","max-snippet":"max-snippet:-1","max-image-preview":"max-image-preview:large","max-video-preview":"max-video-preview:-1"},"canonical":"https:\/\/ggba.swiss\/de\/zentrale-wirtschaftszweige\/agrartechnologie-lebensmittel-ernaehrung\/","og_locale":"de_DE","og_type":"article","og_title":"Agrartechnologie, Lebensmittel & Ern\u00e4hrung in der Westschweiz","og_description":"Entdecken Sie den Agrifood-Sektor der Schweiz, der eine reiche Tradition mit Spitzenforschung und f\u00fchrenden Unternehmen verbindet.","og_url":"https:\/\/ggba.swiss\/de\/zentrale-wirtschaftszweige\/agrartechnologie-lebensmittel-ernaehrung\/","og_site_name":"Greater Geneva Bern area","article_modified_time":"2025-01-15T08:58:54+00:00","og_image":[{"width":1500,"height":1000,"url":"https:\/\/ggba.swiss\/app\/uploads\/2023\/06\/agtech-sm-3.jpg","type":"image\/jpeg"}],"twitter_card":"summary_large_image","twitter_misc":{"Gesch\u00e4tzte Lesezeit":"3 minutes"},"schema":{"@context":"https:\/\/schema.org","@graph":[{"@type":"WebPage","@id":"https:\/\/ggba.swiss\/de\/zentrale-wirtschaftszweige\/agrartechnologie-lebensmittel-ernaehrung\/","url":"https:\/\/ggba.swiss\/de\/zentrale-wirtschaftszweige\/agrartechnologie-lebensmittel-ernaehrung\/","name":"Agrartechnologie, Lebensmittel & Ern\u00e4hrung in der Westschweiz","isPartOf":{"@id":"https:\/\/staging.ggba.swiss\/en\/#website"},"primaryImageOfPage":{"@id":"https:\/\/ggba.swiss\/de\/zentrale-wirtschaftszweige\/agrartechnologie-lebensmittel-ernaehrung\/#primaryimage"},"image":{"@id":"https:\/\/ggba.swiss\/de\/zentrale-wirtschaftszweige\/agrartechnologie-lebensmittel-ernaehrung\/#primaryimage"},"thumbnailUrl":"https:\/\/ggba.swiss\/app\/uploads\/2023\/06\/agtech-sm-3.jpg","datePublished":"2023-03-29T12:10:42+00:00","dateModified":"2025-01-15T08:58:54+00:00","description":"Entdecken Sie den Agrifood-Sektor der Schweiz, der eine reiche Tradition mit Spitzenforschung und f\u00fchrenden Unternehmen verbindet.","breadcrumb":{"@id":"https:\/\/ggba.swiss\/de\/zentrale-wirtschaftszweige\/agrartechnologie-lebensmittel-ernaehrung\/#breadcrumb"},"inLanguage":"de-DE","potentialAction":[{"@type":"ReadAction","target":["https:\/\/ggba.swiss\/de\/zentrale-wirtschaftszweige\/agrartechnologie-lebensmittel-ernaehrung\/"]}]},{"@type":"ImageObject","inLanguage":"de-DE","@id":"https:\/\/ggba.swiss\/de\/zentrale-wirtschaftszweige\/agrartechnologie-lebensmittel-ernaehrung\/#primaryimage","url":"https:\/\/ggba.swiss\/app\/uploads\/2023\/06\/agtech-sm-3.jpg","contentUrl":"https:\/\/ggba.swiss\/app\/uploads\/2023\/06\/agtech-sm-3.jpg","width":1500,"height":1000},{"@type":"BreadcrumbList","@id":"https:\/\/ggba.swiss\/de\/zentrale-wirtschaftszweige\/agrartechnologie-lebensmittel-ernaehrung\/#breadcrumb","itemListElement":[{"@type":"ListItem","position":1,"name":"Home","item":"https:\/\/ggba.swiss\/de\/"},{"@type":"ListItem","position":2,"name":"Zentrale Wirtschaftszweige","item":"https:\/\/ggba.swiss\/de\/zentrale-wirtschaftszweige\/"},{"@type":"ListItem","position":3,"name":"Agrartechnologie, Lebensmittel &amp; Ern\u00e4hrung"}]},{"@type":"WebSite","@id":"https:\/\/staging.ggba.swiss\/en\/#website","url":"https:\/\/staging.ggba.swiss\/en\/","name":"Greater Geneva Bern area","description":"","potentialAction":[{"@type":"SearchAction","target":{"@type":"EntryPoint","urlTemplate":"https:\/\/staging.ggba.swiss\/en\/?s={search_term_string}"},"query-input":{"@type":"PropertyValueSpecification","valueRequired":true,"valueName":"search_term_string"}}],"inLanguage":"de-DE"}]}},"_links":{"self":[{"href":"https:\/\/ggba.swiss\/de\/wp-json\/wp\/v2\/pages\/1292","targetHints":{"allow":["GET"]}}],"collection":[{"href":"https:\/\/ggba.swiss\/de\/wp-json\/wp\/v2\/pages"}],"about":[{"href":"https:\/\/ggba.swiss\/de\/wp-json\/wp\/v2\/types\/page"}],"author":[{"embeddable":true,"href":"https:\/\/ggba.swiss\/de\/wp-json\/wp\/v2\/users\/1"}],"replies":[{"embeddable":true,"href":"https:\/\/ggba.swiss\/de\/wp-json\/wp\/v2\/comments?post=1292"}],"version-history":[{"count":17,"href":"https:\/\/ggba.swiss\/de\/wp-json\/wp\/v2\/pages\/1292\/revisions"}],"predecessor-version":[{"id":30134,"href":"https:\/\/ggba.swiss\/de\/wp-json\/wp\/v2\/pages\/1292\/revisions\/30134"}],"up":[{"embeddable":true,"href":"https:\/\/ggba.swiss\/de\/wp-json\/wp\/v2\/pages\/48"}],"wp:featuredmedia":[{"embeddable":true,"href":"https:\/\/ggba.swiss\/de\/wp-json\/wp\/v2\/media\/2029"}],"wp:attachment":[{"href":"https:\/\/ggba.swiss\/de\/wp-json\/wp\/v2\/media?parent=1292"}],"curies":[{"name":"wp","href":"https:\/\/api.w.org\/{rel}","templated":true}]}}