{"id":1316,"date":"2023-03-29T14:11:20","date_gmt":"2023-03-29T12:11:20","guid":{"rendered":"https:\/\/ggba.swiss\/?page_id=1316"},"modified":"2024-02-14T14:00:45","modified_gmt":"2024-02-14T13:00:45","slug":"innovative-produktion","status":"publish","type":"page","link":"https:\/\/ggba.swiss\/de\/zentrale-wirtschaftszweige\/innovative-produktion\/","title":{"rendered":"Innovative Produktion"},"content":{"rendered":"\n<div class=\"wp-block-columns is-layout-flex wp-container-core-columns-is-layout-9d6595d7 wp-block-columns-is-layout-flex\">\n<div class=\"wp-block-column ClustersGuntenbergBlockAdjust is-layout-flow wp-block-column-is-layout-flow\" style=\"flex-basis:66.66%\"><div class=\"intro\">\n  <p>Die Westschweiz ist dank ihres reichen industriellen Erbes, ihrer vielf\u00e4ltigen Entwicklungsm\u00f6glichkeiten und ihres f\u00fchrenden Status bei Innovationen ein idealer Standort f\u00fcr Unternehmen, die im Bereich der fortschrittlichen Fertigung t\u00e4tig sind.<\/p>\n\n<\/div>\n\n\n\n\n<h2 class=\"wp-block-heading\"> <p style=\"margin-bottom: 0cm\"><\/p>Ein reiches Erbe<\/h2>\n\n\n\n<p>Die Westschweiz kann auf ein reiches industrielles Erbe zur\u00fcckblicken, das sich in der Vielfalt der Wirtschaft und der hochqualifizierten Arbeitskr\u00e4fte der Region widerspiegelt. Unternehmen aus Schl\u00fcsselsektoren wie der Uhrenindustrie, Luft- und Raumfahrt, Biotechnologie und Medizin haben hier ihren Sitz und schaffen ein fruchtbares Umfeld f\u00fcr den Austausch von Wissen. Der Geist der Zusammenarbeit und der Wille zur Innovation sind entscheidend f\u00fcr die Entwicklung fortschrittlicher Fertigung, da Unternehmen stets neue Wege erforschen, um Maschinen, Objekte und Konsumg\u00fcter effizienter und nachhaltiger herzustellen. Die Westschweiz ist somit ein Zentrum f\u00fcr Spitzenforschung und -entwicklung im Bereich der Fertigung, wobei Unternehmen kontinuierlich die Grenzen des Machbaren ausloten.<\/p>\n\n\n\n<h2 class=\"wp-block-heading\">Innovationsf\u00fchrer<\/h2>\n\n\n\n<p>Die Westschweiz verf\u00fcgt \u00fcber ein hoch entwickeltes Forschungs- und Entwicklungsnetzwerk, das den Unternehmen einen erheblichen Mehrwert bietet. Die Universit\u00e4ten und Forschungsinstitute der Region haben starke Partnerschaften mit Unternehmen aufgebaut, um neue Technologien und Anwendungen zu entwickeln. Dies hat dazu gef\u00fchrt, dass die Westschweiz eine dynamische und lebendige Forschungsgemeinschaft beherbergt, die immer wieder bahnbrechende Ideen und Innovationen hervorbringt.<\/p>\n\n\n\n<h2 class=\"wp-block-heading\">Hervorragende Infrastruktur<\/h2>\n\n\n\n<p>In Sachen Innovation gilt die Schweiz schon lange als weltweit f\u00fchrend. Dieser Ruf wird zus\u00e4tzlich durch die Pr\u00e4senz angesehener Institutionen wie der <a href=\"https:\/\/www.epfl.ch\/de\/\">EPFL<\/a> und des <a href=\"https:\/\/www.csem.ch\/de\">CSEM<\/a> gest\u00e4rkt, die im Bereich der Industrie 4.0-Forschung und -Innovation stark involviert sind. Die beiden Institutionen haben 2022 das <a href=\"https:\/\/www.m2c.swiss\/\">M2C<\/a> in Neuch\u00e2tel eingeweiht, ein Zentrum, das sich auf hochpr\u00e4zise 3D-Produktionsverfahren konzentriert, bei denen es sich um eine Technik handelt, die im Mittelpunkt des derzeitigen industriellen Wandels steht. Das Ziel des Zentrums ist es, s\u00e4mtliche Entwicklungsphasen abzudecken, angefangen bei der Grundlagenforschung in den Labors der EPFL bis hin zum Transfer nachhaltiger Technologien mit hoher wirtschaftlicher Bedeutung f\u00fcr die Industrie unter der Leitung des CSEM. Die Aufgabe des M2C besteht darin, als Katalysator f\u00fcr die Zusammenarbeit zwischen akademischen, institutionellen und industriellen Partnern zu fungieren und als Ausbildungsplattform f\u00fcr Interessenvertreter zu dienen. Zus\u00e4tzlich unterst\u00fctzt das <a href=\"https:\/\/www.sipbb.ch\/forschung\/swiss-advanced-manucaturing-center\/\">Swiss Advanced Manufacturing Center<\/a>, das Teil des Switzerland Innovation Park Biel\/Bienne (SIPBB) ist, Ingenieure bei der Konzipierung und Entwicklung von L\u00f6sungen und stellt die notwendige Infrastruktur f\u00fcr die Produktion brauchbarer Prototypen bereit.<\/p>\n\n\n\n<p>Die Swiss Smart Factory (<a href=\"https:\/\/www.sipbb.ch\/forschung\/swiss-smart-factory\/\">SSF<\/a>), die ebenfalls Teil des SIPBB ist, dient als erste Plattform in der Schweiz f\u00fcr die Erprobung und Demonstration von Industrie 4.0-Innovationen mit dem Ziel, Forschungsergebnisse in marktf\u00e4hige Produkte umzusetzen. Sie fungiert sowohl als neutrales Schaufenster f\u00fcr verschiedene Organisationen als auch als Ideenschmiede f\u00fcr Unternehmen, um Technologien zu erforschen, die ihren Bed\u00fcrfnissen entsprechen, und erleichtert gleichzeitig den Wissensaustausch und neue Gesch\u00e4ftsbeziehungen.<\/p>\n\n\n\n<p>Das <a href=\"https:\/\/www.sipbb.ch\/\">Switzerland Innovation Park Network West EPFL<\/a> bietet sowohl lokalen als auch internationalen Unternehmen eine Plattform, um mit Universit\u00e4ten und Hochschuleinrichtungen zusammenzuarbeiten und ihre Forschungsarbeit voranzutreiben. Dank dieser Zusammenarbeit zwischen Forschern, engagierten Talenten und innovativen Unternehmern entsteht ein Umfeld, in dem Innovation und Kreativit\u00e4t gef\u00f6rdert werden.<\/p>\n<\/div>\n\n\n\n<div class=\"wp-block-column is-layout-flow wp-block-column-is-layout-flow\" style=\"flex-basis:33.33%\"><div class=\"askAdvice\">\n <div class=\"relative\">\n   <h2>\n     Ratschl\u00e4ge einholen\n    <\/h2>\n   <p>Kontaktieren Sie unseren Experten<br \/>\r\nInnovative Produktion<\/p>\n   <div>\n     <a class=\"arrowedButton\" href=\"https:\/\/ggba.swiss\/en\/contact\/\">\n    <span>Kontakt<\/span>\n    <svg width=\"26\" height=\"26\" viewBox=\"0 0 26 26\" fill=\"none\" xmlns=\"http:\/\/www.w3.org\/2000\/svg\">\n      <path d=\"M16.25 19.5C15.925 19.5 15.7083 19.3917 15.4917 19.175C15.0583 18.7417 15.0583 18.0917 15.4917 17.6583L20.9083 12.2417C21.3417 11.8083 21.9917 11.8083 22.425 12.2417C22.8583 12.675 22.8583 13.325 22.425 13.7583L17.0083 19.175C16.7917 19.3917 16.575 19.5 16.25 19.5Z\" fill=\"white\"\/>\n      <path d=\"M21.6667 14.0833C21.3417 14.0833 21.125 13.975 20.9083 13.7583L15.4917 8.34167C15.0583 7.90833 15.0583 7.25833 15.4917 6.825C15.925 6.39167 16.575 6.39167 17.0083 6.825L22.425 12.2417C22.8583 12.675 22.8583 13.325 22.425 13.7583C22.2083 13.975 21.9917 14.0833 21.6667 14.0833Z\" fill=\"white\"\/>\n      <path d=\"M21.6667 14.0833H4.33333C3.68333 14.0833 3.25 13.65 3.25 13C3.25 12.35 3.68333 11.9167 4.33333 11.9167H21.6667C22.3167 11.9167 22.75 12.35 22.75 13C22.75 13.65 22.3167 14.0833 21.6667 14.0833Z\" fill=\"white\"\/>\n    <\/svg>    \n  <\/a>    <\/div>\n  <\/div>\n<\/div>\n\n\n\n<div class=\"keyNumbers\">\n  <h2 class=\"keyNumbers__title\">\n    Kennzahlen\n   <\/h2>\n    <div class=\"keyNumbers__item\">\n    <strong class=\"keyNumbers__numbers\">N\u00b01<\/strong><br>\n    <span class=\"keyNumbers__descr\">Global Innovation Index (WIPO)<\/span>\n  <\/div>\n    <div class=\"keyNumbers__item\">\n    <strong class=\"keyNumbers__numbers\">N\u00b01<\/strong><br>\n    <span class=\"keyNumbers__descr\">Global Competitiveness Index (IMD)<\/span>\n  <\/div>\n    <div class=\"keyNumbers__item\">\n    <strong class=\"keyNumbers__numbers\">N\u00b01<\/strong><br>\n    <span class=\"keyNumbers__descr\">bei der Zahl der Patentanmeldungen pro Kopf der Bev\u00f6lkerung<\/span>\n  <\/div>\n    <div class=\"keyNumbers__sources\"><p>* F\u00fcr Unternehmen mit innovativer Produktion<\/p>\n<\/div>\n<\/div>\n<\/div>\n<\/div>\n\n\n<div class=\"clustersSubPages\">\n          <div class=\"container-lg p-0\">\n                                                  <a href=\"https:\/\/ggba.swiss\/de\/zentrale-wirtschaftszweige\/innovative-produktion\/warum-die-schweiz-ein-bedeutender-standort-fuer-mikro-und-nanotechnologie-ist\/\" class=\"subpagesTeaser row\">\n                <div class=\"col-lg-3 col-12\">\n                    <figure class=\"subpagesTeaser__image\">\n                        <img loading=\"lazy\" decoding=\"async\" width=\"1024\" height=\"683\" src=\"https:\/\/ggba.swiss\/app\/uploads\/2023\/06\/micro-sm-1024x683.jpg\" class=\"attachment-large size-large wp-post-image\" alt=\"\" srcset=\"https:\/\/ggba.swiss\/app\/uploads\/2023\/06\/micro-sm-1024x683.jpg 1024w, https:\/\/ggba.swiss\/app\/uploads\/2023\/06\/micro-sm-300x200.jpg 300w, https:\/\/ggba.swiss\/app\/uploads\/2023\/06\/micro-sm-768x512.jpg 768w, https:\/\/ggba.swiss\/app\/uploads\/2023\/06\/micro-sm.jpg 1500w\" sizes=\"auto, (max-width: 1024px) 100vw, 1024px\" \/>\n                    <\/figure>\n                <\/div>\n                <div class=\"col-lg-3 col-12 d-flex flex-lg-column justify-content-between\">\n                    <h3 class=\"subpagesTeaser__title\">Warum die Schweiz ein bedeutender Standort f\u00fcr Mikro- und Nanotechnologie ist<\/h3>\n                    <div class=\"postTeaser__arrow\">\n                        <svg width=\"26\" height=\"26\" viewBox=\"0 0 26 26\" fill=\"none\" xmlns=\"http:\/\/www.w3.org\/2000\/svg\">\n<path d=\"M16.25 19.5C15.925 19.5 15.7084 19.3916 15.4917 19.175C15.0584 18.7416 15.0584 18.0916 15.4917 17.6583L20.9084 12.2416C21.3417 11.8083 21.9917 11.8083 22.425 12.2416C22.8584 12.675 22.8584 13.325 22.425 13.7583L17.0084 19.175C16.7917 19.3916 16.575 19.5 16.25 19.5Z\" fill=\"#E1251B\"\/>\n<path d=\"M21.6667 14.0833C21.3417 14.0833 21.125 13.975 20.9084 13.7583L15.4917 8.34167C15.0584 7.90833 15.0584 7.25833 15.4917 6.825C15.925 6.39167 16.575 6.39167 17.0084 6.825L22.425 12.2417C22.8584 12.675 22.8584 13.325 22.425 13.7583C22.2084 13.975 21.9917 14.0833 21.6667 14.0833Z\" fill=\"#E1251B\"\/>\n<path d=\"M21.6667 14.0833H4.33333C3.68333 14.0833 3.25 13.65 3.25 13C3.25 12.35 3.68333 11.9166 4.33333 11.9166H21.6667C22.3167 11.9166 22.75 12.35 22.75 13C22.75 13.65 22.3167 14.0833 21.6667 14.0833Z\" fill=\"#E1251B\"\/>\n<\/svg>\n                    <\/div>\n                <\/div>\n                <div class=\"col-lg-6 col-12\">\n                    <p>Das Schweizer Know-how in der Mikro- und Nanotechnologie ist seit jeher in der Uhrenindustrie und im Hochpr\u00e4zisionssektor anerkannt. Auch heute stellt sich die Schweiz mit ihrem technologischen Fachwissen, ihren renommierten Forschungsinstituten und ihren qualifizierten Fachkr\u00e4ften den Herausforderungen von morgen.<\/p>\n\n                <\/div>\n            <\/a>\n                        <\/div>\n      <\/div>\n  \n\n\n\n<div class=\"ContactUs\">\n    <div class=\"container-lg p-0\">\n        <div class=\"row\">\n            <div class=\"col-12 col-md-6 col-lg-4\">\n                <h2 class=\"contactUs__title\">\n                     Beratung anfordern\n                <\/h2>\n            <\/div>\n        <\/div>\n        <div class=\"ContactUs__container row\">\n            <div class=\"contactUs__text\">\n                <div class=\"contactUs__textDescr\"><p>Die GGBa kann sich auf ein globales Netzwerk von Fachleuten st\u00fctzen, die Ihnen bei Ihrer erfolgreichen Gesch\u00e4ftsaufnahme in der Schweiz zur Seite stehen. Nehmen Sie Kontakt mit uns auf, um Ihre Pl\u00e4ne und Ideen zu besprechen. Unsere Leistungen sind individuell auf Sie zugeschnitten, kostenlos und vertraulich.<\/p>\n<p>Sie ben\u00f6tigen eine individuelle Beratung? Unsere Vertreter befinden sich auf der ganzen Welt.<\/p>\n<\/div>\n                <div class=\"contactUs__btn\">\n                    <a class=\"arrowedButton\" href=\"https:\/\/ggba.swiss\/en\/contact\/\">\n    <span>Kontakt<\/span>\n    <svg width=\"26\" height=\"26\" viewBox=\"0 0 26 26\" fill=\"none\" xmlns=\"http:\/\/www.w3.org\/2000\/svg\">\n      <path d=\"M16.25 19.5C15.925 19.5 15.7083 19.3917 15.4917 19.175C15.0583 18.7417 15.0583 18.0917 15.4917 17.6583L20.9083 12.2417C21.3417 11.8083 21.9917 11.8083 22.425 12.2417C22.8583 12.675 22.8583 13.325 22.425 13.7583L17.0083 19.175C16.7917 19.3917 16.575 19.5 16.25 19.5Z\" fill=\"white\"\/>\n      <path d=\"M21.6667 14.0833C21.3417 14.0833 21.125 13.975 20.9083 13.7583L15.4917 8.34167C15.0583 7.90833 15.0583 7.25833 15.4917 6.825C15.925 6.39167 16.575 6.39167 17.0083 6.825L22.425 12.2417C22.8583 12.675 22.8583 13.325 22.425 13.7583C22.2083 13.975 21.9917 14.0833 21.6667 14.0833Z\" fill=\"white\"\/>\n      <path d=\"M21.6667 14.0833H4.33333C3.68333 14.0833 3.25 13.65 3.25 13C3.25 12.35 3.68333 11.9167 4.33333 11.9167H21.6667C22.3167 11.9167 22.75 12.35 22.75 13C22.75 13.65 22.3167 14.0833 21.6667 14.0833Z\" fill=\"white\"\/>\n    <\/svg>    \n  <\/a>                <\/div>\n            <\/div>\n        <\/div>\n                    <div class=\"contactUs__image offset-lg-6 col-lg-6 col-12\">\n                <img loading=\"lazy\" decoding=\"async\" width=\"2560\" height=\"1075\" src=\"https:\/\/ggba.swiss\/app\/uploads\/2023\/06\/contact-scaled.jpg\" class=\"attachment-full size-full\" alt=\"\" srcset=\"https:\/\/ggba.swiss\/app\/uploads\/2023\/06\/contact-scaled.jpg 2560w, https:\/\/ggba.swiss\/app\/uploads\/2023\/06\/contact-300x126.jpg 300w, https:\/\/ggba.swiss\/app\/uploads\/2023\/06\/contact-1024x430.jpg 1024w, https:\/\/ggba.swiss\/app\/uploads\/2023\/06\/contact-768x322.jpg 768w, https:\/\/ggba.swiss\/app\/uploads\/2023\/06\/contact-1536x645.jpg 1536w, https:\/\/ggba.swiss\/app\/uploads\/2023\/06\/contact-2048x860.jpg 2048w\" sizes=\"auto, (max-width: 2560px) 100vw, 2560px\" \/>\n            <\/div>\n            <\/div>\n<\/div>\n","protected":false},"excerpt":{"rendered":"<p>Die Westschweiz ist dank ihres reichen industriellen Erbes, ihrer vielf\u00e4ltigen Entwicklungsm\u00f6glichkeiten und ihres f\u00fchrenden Status bei Innovationen ein idealer Standort f\u00fcr Unternehmen, die im Bereich der fortschrittlichen Fertigung t\u00e4tig sind.<\/p>\n","protected":false},"author":1,"featured_media":2036,"parent":48,"menu_order":45,"comment_status":"closed","ping_status":"closed","template":"","meta":{"_acf_changed":false,"inline_featured_image":false,"footnotes":""},"class_list":["post-1316","page","type-page","status-publish","has-post-thumbnail","hentry"],"acf":[],"yoast_head":"<!-- This site is optimized with the Yoast SEO plugin v27.2 - https:\/\/yoast.com\/product\/yoast-seo-wordpress\/ -->\n<title>Innovative Produktion in der Westschweiz | GGBa<\/title>\n<meta name=\"description\" content=\"Entdecken Sie das Erbe der Westschweiz in der Innovative Produktion, das Innovation mit f\u00fchrenden Forschungsinstitutionen verbindet.\" \/>\n<meta name=\"robots\" content=\"index, follow, max-snippet:-1, max-image-preview:large, max-video-preview:-1\" \/>\n<link rel=\"canonical\" href=\"https:\/\/ggba.swiss\/de\/zentrale-wirtschaftszweige\/innovative-produktion\/\" \/>\n<meta property=\"og:locale\" content=\"de_DE\" \/>\n<meta property=\"og:type\" content=\"article\" \/>\n<meta property=\"og:title\" content=\"Innovative Produktion in der Westschweiz | GGBa\" \/>\n<meta property=\"og:description\" content=\"Entdecken Sie das Erbe der Westschweiz in der Innovative Produktion, das Innovation mit f\u00fchrenden Forschungsinstitutionen verbindet.\" \/>\n<meta property=\"og:url\" content=\"https:\/\/ggba.swiss\/de\/zentrale-wirtschaftszweige\/innovative-produktion\/\" \/>\n<meta property=\"og:site_name\" content=\"Greater Geneva Bern area\" \/>\n<meta property=\"article:modified_time\" content=\"2024-02-14T13:00:45+00:00\" \/>\n<meta property=\"og:image\" content=\"https:\/\/ggba.swiss\/app\/uploads\/2023\/06\/advanced-sm.jpg\" \/>\n\t<meta property=\"og:image:width\" content=\"1500\" \/>\n\t<meta property=\"og:image:height\" content=\"1000\" \/>\n\t<meta property=\"og:image:type\" content=\"image\/jpeg\" \/>\n<meta name=\"twitter:card\" content=\"summary_large_image\" \/>\n<meta name=\"twitter:label1\" content=\"Gesch\u00e4tzte Lesezeit\" \/>\n\t<meta name=\"twitter:data1\" content=\"2 minutes\" \/>\n<script type=\"application\/ld+json\" class=\"yoast-schema-graph\">{\"@context\":\"https:\/\/schema.org\",\"@graph\":[{\"@type\":\"WebPage\",\"@id\":\"https:\/\/ggba.swiss\/de\/zentrale-wirtschaftszweige\/innovative-produktion\/\",\"url\":\"https:\/\/ggba.swiss\/de\/zentrale-wirtschaftszweige\/innovative-produktion\/\",\"name\":\"Innovative Produktion in der Westschweiz | GGBa\",\"isPartOf\":{\"@id\":\"https:\/\/staging.ggba.swiss\/en\/#website\"},\"primaryImageOfPage\":{\"@id\":\"https:\/\/ggba.swiss\/de\/zentrale-wirtschaftszweige\/innovative-produktion\/#primaryimage\"},\"image\":{\"@id\":\"https:\/\/ggba.swiss\/de\/zentrale-wirtschaftszweige\/innovative-produktion\/#primaryimage\"},\"thumbnailUrl\":\"https:\/\/ggba.swiss\/app\/uploads\/2023\/06\/advanced-sm.jpg\",\"datePublished\":\"2023-03-29T12:11:20+00:00\",\"dateModified\":\"2024-02-14T13:00:45+00:00\",\"description\":\"Entdecken Sie das Erbe der Westschweiz in der Innovative Produktion, das Innovation mit f\u00fchrenden Forschungsinstitutionen verbindet.\",\"breadcrumb\":{\"@id\":\"https:\/\/ggba.swiss\/de\/zentrale-wirtschaftszweige\/innovative-produktion\/#breadcrumb\"},\"inLanguage\":\"de-DE\",\"potentialAction\":[{\"@type\":\"ReadAction\",\"target\":[\"https:\/\/ggba.swiss\/de\/zentrale-wirtschaftszweige\/innovative-produktion\/\"]}]},{\"@type\":\"ImageObject\",\"inLanguage\":\"de-DE\",\"@id\":\"https:\/\/ggba.swiss\/de\/zentrale-wirtschaftszweige\/innovative-produktion\/#primaryimage\",\"url\":\"https:\/\/ggba.swiss\/app\/uploads\/2023\/06\/advanced-sm.jpg\",\"contentUrl\":\"https:\/\/ggba.swiss\/app\/uploads\/2023\/06\/advanced-sm.jpg\",\"width\":1500,\"height\":1000},{\"@type\":\"BreadcrumbList\",\"@id\":\"https:\/\/ggba.swiss\/de\/zentrale-wirtschaftszweige\/innovative-produktion\/#breadcrumb\",\"itemListElement\":[{\"@type\":\"ListItem\",\"position\":1,\"name\":\"Home\",\"item\":\"https:\/\/ggba.swiss\/de\/\"},{\"@type\":\"ListItem\",\"position\":2,\"name\":\"Zentrale Wirtschaftszweige\",\"item\":\"https:\/\/ggba.swiss\/de\/zentrale-wirtschaftszweige\/\"},{\"@type\":\"ListItem\",\"position\":3,\"name\":\"Innovative Produktion\"}]},{\"@type\":\"WebSite\",\"@id\":\"https:\/\/staging.ggba.swiss\/en\/#website\",\"url\":\"https:\/\/staging.ggba.swiss\/en\/\",\"name\":\"Greater Geneva Bern area\",\"description\":\"\",\"potentialAction\":[{\"@type\":\"SearchAction\",\"target\":{\"@type\":\"EntryPoint\",\"urlTemplate\":\"https:\/\/staging.ggba.swiss\/en\/?s={search_term_string}\"},\"query-input\":{\"@type\":\"PropertyValueSpecification\",\"valueRequired\":true,\"valueName\":\"search_term_string\"}}],\"inLanguage\":\"de-DE\"}]}<\/script>\n<!-- \/ Yoast SEO plugin. -->","yoast_head_json":{"title":"Innovative Produktion in der Westschweiz | GGBa","description":"Entdecken Sie das Erbe der Westschweiz in der Innovative Produktion, das Innovation mit f\u00fchrenden Forschungsinstitutionen verbindet.","robots":{"index":"index","follow":"follow","max-snippet":"max-snippet:-1","max-image-preview":"max-image-preview:large","max-video-preview":"max-video-preview:-1"},"canonical":"https:\/\/ggba.swiss\/de\/zentrale-wirtschaftszweige\/innovative-produktion\/","og_locale":"de_DE","og_type":"article","og_title":"Innovative Produktion in der Westschweiz | GGBa","og_description":"Entdecken Sie das Erbe der Westschweiz in der Innovative Produktion, das Innovation mit f\u00fchrenden Forschungsinstitutionen verbindet.","og_url":"https:\/\/ggba.swiss\/de\/zentrale-wirtschaftszweige\/innovative-produktion\/","og_site_name":"Greater Geneva Bern area","article_modified_time":"2024-02-14T13:00:45+00:00","og_image":[{"width":1500,"height":1000,"url":"https:\/\/ggba.swiss\/app\/uploads\/2023\/06\/advanced-sm.jpg","type":"image\/jpeg"}],"twitter_card":"summary_large_image","twitter_misc":{"Gesch\u00e4tzte Lesezeit":"2 minutes"},"schema":{"@context":"https:\/\/schema.org","@graph":[{"@type":"WebPage","@id":"https:\/\/ggba.swiss\/de\/zentrale-wirtschaftszweige\/innovative-produktion\/","url":"https:\/\/ggba.swiss\/de\/zentrale-wirtschaftszweige\/innovative-produktion\/","name":"Innovative Produktion in der Westschweiz | GGBa","isPartOf":{"@id":"https:\/\/staging.ggba.swiss\/en\/#website"},"primaryImageOfPage":{"@id":"https:\/\/ggba.swiss\/de\/zentrale-wirtschaftszweige\/innovative-produktion\/#primaryimage"},"image":{"@id":"https:\/\/ggba.swiss\/de\/zentrale-wirtschaftszweige\/innovative-produktion\/#primaryimage"},"thumbnailUrl":"https:\/\/ggba.swiss\/app\/uploads\/2023\/06\/advanced-sm.jpg","datePublished":"2023-03-29T12:11:20+00:00","dateModified":"2024-02-14T13:00:45+00:00","description":"Entdecken Sie das Erbe der Westschweiz in der Innovative Produktion, das Innovation mit f\u00fchrenden Forschungsinstitutionen verbindet.","breadcrumb":{"@id":"https:\/\/ggba.swiss\/de\/zentrale-wirtschaftszweige\/innovative-produktion\/#breadcrumb"},"inLanguage":"de-DE","potentialAction":[{"@type":"ReadAction","target":["https:\/\/ggba.swiss\/de\/zentrale-wirtschaftszweige\/innovative-produktion\/"]}]},{"@type":"ImageObject","inLanguage":"de-DE","@id":"https:\/\/ggba.swiss\/de\/zentrale-wirtschaftszweige\/innovative-produktion\/#primaryimage","url":"https:\/\/ggba.swiss\/app\/uploads\/2023\/06\/advanced-sm.jpg","contentUrl":"https:\/\/ggba.swiss\/app\/uploads\/2023\/06\/advanced-sm.jpg","width":1500,"height":1000},{"@type":"BreadcrumbList","@id":"https:\/\/ggba.swiss\/de\/zentrale-wirtschaftszweige\/innovative-produktion\/#breadcrumb","itemListElement":[{"@type":"ListItem","position":1,"name":"Home","item":"https:\/\/ggba.swiss\/de\/"},{"@type":"ListItem","position":2,"name":"Zentrale Wirtschaftszweige","item":"https:\/\/ggba.swiss\/de\/zentrale-wirtschaftszweige\/"},{"@type":"ListItem","position":3,"name":"Innovative Produktion"}]},{"@type":"WebSite","@id":"https:\/\/staging.ggba.swiss\/en\/#website","url":"https:\/\/staging.ggba.swiss\/en\/","name":"Greater Geneva Bern area","description":"","potentialAction":[{"@type":"SearchAction","target":{"@type":"EntryPoint","urlTemplate":"https:\/\/staging.ggba.swiss\/en\/?s={search_term_string}"},"query-input":{"@type":"PropertyValueSpecification","valueRequired":true,"valueName":"search_term_string"}}],"inLanguage":"de-DE"}]}},"_links":{"self":[{"href":"https:\/\/ggba.swiss\/de\/wp-json\/wp\/v2\/pages\/1316","targetHints":{"allow":["GET"]}}],"collection":[{"href":"https:\/\/ggba.swiss\/de\/wp-json\/wp\/v2\/pages"}],"about":[{"href":"https:\/\/ggba.swiss\/de\/wp-json\/wp\/v2\/types\/page"}],"author":[{"embeddable":true,"href":"https:\/\/ggba.swiss\/de\/wp-json\/wp\/v2\/users\/1"}],"replies":[{"embeddable":true,"href":"https:\/\/ggba.swiss\/de\/wp-json\/wp\/v2\/comments?post=1316"}],"version-history":[{"count":17,"href":"https:\/\/ggba.swiss\/de\/wp-json\/wp\/v2\/pages\/1316\/revisions"}],"predecessor-version":[{"id":22670,"href":"https:\/\/ggba.swiss\/de\/wp-json\/wp\/v2\/pages\/1316\/revisions\/22670"}],"up":[{"embeddable":true,"href":"https:\/\/ggba.swiss\/de\/wp-json\/wp\/v2\/pages\/48"}],"wp:featuredmedia":[{"embeddable":true,"href":"https:\/\/ggba.swiss\/de\/wp-json\/wp\/v2\/media\/2036"}],"wp:attachment":[{"href":"https:\/\/ggba.swiss\/de\/wp-json\/wp\/v2\/media?parent=1316"}],"curies":[{"name":"wp","href":"https:\/\/api.w.org\/{rel}","templated":true}]}}