{"id":139,"date":"2023-02-28T15:07:15","date_gmt":"2023-02-28T14:07:15","guid":{"rendered":"https:\/\/ggba.swiss\/?page_id=139"},"modified":"2025-01-15T08:44:51","modified_gmt":"2025-01-15T07:44:51","slug":"life-sciences","status":"publish","type":"page","link":"https:\/\/ggba.swiss\/de\/zentrale-wirtschaftszweige\/life-sciences\/","title":{"rendered":"Life Sciences"},"content":{"rendered":"\n<div class=\"wp-block-columns is-layout-flex wp-container-core-columns-is-layout-9d6595d7 wp-block-columns-is-layout-flex\">\n<div class=\"wp-block-column ClustersGuntenbergBlockAdjust is-layout-flow wp-block-column-is-layout-flow\" style=\"flex-basis:66.66%\"><div class=\"intro\">\n  <p>Die Westschweiz, auch bekannt als das \u201cHealth Valley\u201d, ist international anerkannt als bevorzugter Standort f\u00fcr Unternehmen im Bereich Life Sciences. Mit ihrer Expertise in den Bereichen Pharmazeutik, Biotechnologie und Medizintechnik bietet die Region eine erstklassige Lage f\u00fcr Unternehmen, die ihre globalen Aktivit\u00e4ten ausweiten und vom guten Ruf der Schweiz f\u00fcr Qualit\u00e4t und Innovation in der Life-Sciences-Branche profitieren wollen.<\/p>\n\n<\/div>\n\n\n\n\n<h2 class=\"wp-block-heading\"> <p style=\"margin-bottom: 0cm\"><\/p>Die Nummer 1 im Bereich Life Sciences<\/h2>\n\n\n\n<p><a href=\"https:\/\/www.six-group.com\/de\/products-services\/the-swiss-stock-exchange.html\">SIX Swiss Exchange<\/a> ist eine der f\u00fchrenden B\u00f6rsen Europas und nimmt im Bereich Life Sciences die Spitzenposition ein. Rund 35 % des Kapitals europ\u00e4ischer Life-Sciences-Unternehmen werden an der SIX Swiss Exchange gehandelt, was die enge historische Verbundenheit der Schweiz mit diesem Sektor widerspiegelt. Dar\u00fcber hinaus weist die Schweiz die weltweit h\u00f6chste Pro-Kopf-Dichte an Bio- und Medtech-Unternehmen auf, was ihr robustes \u00d6kosystem f\u00fcr Innovation und Wachstum in diesen Branchen unterstreicht. Wichtige Akteure wie Medtronic, Edwards Lifesciences, CSL Behring, Incyte, GSK, Merck und Takeda, um nur einige zu nennen, haben sich in der Westschweiz niedergelassen und festigen die f\u00fchrende Stellung der Region im Bereich der Life Sciences.<\/p>\n\n\n\n<h2 class=\"wp-block-heading\">Hervorragende Infrastruktur<\/h2>\n\n\n\n<p>Die Westschweiz verf\u00fcgt \u00fcber eine solide Infrastruktur f\u00fcr den Life-Sciences-Sektor. Diese umfasst etwa Technologie- und Innovationsparks, Forschungszentren, Labore und modernste Ausr\u00fcstung. Der\u00a0<a href=\"https:\/\/www.campusbiotech.ch\/en\">Campus Biotech<\/a>\u00a0in Genf ist als Exzellenzzentrum f\u00fcr Biotechnologie und Life-Sciences-Forschung bekannt, w\u00e4hrend der\u00a0<a href=\"https:\/\/www.biopole.ch\/\">Biop\u00f4le<\/a>\u00a0in Lausanne auf Bereiche wie Onkologie, Immunologie, Medizintechnik, personalisierte Medizin, Ern\u00e4hrung und digitale Gesundheit spezialisiert ist. Das Schweizer Institut f\u00fcr translationale und unternehmerische Medizin (<a href=\"https:\/\/sitem-insel.ch\/de\">sitem-insel<\/a>) in Bern f\u00f6rdert die Umsetzung wissenschaftlicher Entdeckungen in die klinische Anwendung. Dar\u00fcber hinaus nutzt die Region das Fachwissen der Organisation\u00a0<a href=\"https:\/\/bioalps.org\/\">BioAlps<\/a>, die sich der Schaffung von Synergien zwischen Akademikern, Unternehmern, Investoren, Beh\u00f6rden und Start-ups im Bereich Life Sciences konzentriert.<\/p>\n\n\n\n<h2 class=\"wp-block-heading\">F\u00fchrende Position in der Medizintechnikbranche<\/h2>\n\n\n\n<p>Mit rund 1.400 Herstellern, Zulieferern, H\u00e4ndlern und Dienstleistern verf\u00fcgt die Schweiz \u00fcber die h\u00f6chste Anzahl von Unternehmen der Medizintechnik pro Einwohner in Europa. Die Medizintechnikbranche besch\u00e4ftigt 67.500 hochqualifizierte Fachkr\u00e4fte und macht 3,7 % des BIP und 3,4 % der gesamten Schweizer Exporte aus. Kein anderes Land weist vergleichbare Zahlen auf. Zahlreiche Zulieferer, Hersteller und internationale Handelsunternehmen sind im Bereich der Medizintechnik t\u00e4tig, insbesondere in den Bereichen Biomaterialien, kardiovaskul\u00e4re und zahnmedizinische Ger\u00e4te, Implantate, Diabetikerger\u00e4te, elektromedizinische Ger\u00e4te, orthop\u00e4dische und ophthalmologische Bildgebung, Beatmungsger\u00e4te, chirurgische Instrumente und Wundbehandlung. Des Weiteren sind in der Region Unternehmen ans\u00e4ssig, die sich auf Automatisierung, Mikrobearbeitung und Mikromontage spezialisiert haben, die f\u00fcr die Medizintechnikindustrie von entscheidender Bedeutung sind.<\/p>\n<\/div>\n\n\n\n<div class=\"wp-block-column is-layout-flow wp-block-column-is-layout-flow\" style=\"flex-basis:33.33%\"><div class=\"askAdvice\">\n <div class=\"relative\">\n   <h2>\n     Ratschl\u00e4ge einholen\n    <\/h2>\n   <p>Kontaktieren Sie unseren Experten f\u00fcr Life Sciences<\/p>\n   <div>\n     <a class=\"arrowedButton\" href=\"https:\/\/ggba.swiss\/en\/contact\/\">\n    <span>Kontakt<\/span>\n    <svg width=\"26\" height=\"26\" viewBox=\"0 0 26 26\" fill=\"none\" xmlns=\"http:\/\/www.w3.org\/2000\/svg\">\n      <path d=\"M16.25 19.5C15.925 19.5 15.7083 19.3917 15.4917 19.175C15.0583 18.7417 15.0583 18.0917 15.4917 17.6583L20.9083 12.2417C21.3417 11.8083 21.9917 11.8083 22.425 12.2417C22.8583 12.675 22.8583 13.325 22.425 13.7583L17.0083 19.175C16.7917 19.3917 16.575 19.5 16.25 19.5Z\" fill=\"white\"\/>\n      <path d=\"M21.6667 14.0833C21.3417 14.0833 21.125 13.975 20.9083 13.7583L15.4917 8.34167C15.0583 7.90833 15.0583 7.25833 15.4917 6.825C15.925 6.39167 16.575 6.39167 17.0083 6.825L22.425 12.2417C22.8583 12.675 22.8583 13.325 22.425 13.7583C22.2083 13.975 21.9917 14.0833 21.6667 14.0833Z\" fill=\"white\"\/>\n      <path d=\"M21.6667 14.0833H4.33333C3.68333 14.0833 3.25 13.65 3.25 13C3.25 12.35 3.68333 11.9167 4.33333 11.9167H21.6667C22.3167 11.9167 22.75 12.35 22.75 13C22.75 13.65 22.3167 14.0833 21.6667 14.0833Z\" fill=\"white\"\/>\n    <\/svg>    \n  <\/a>    <\/div>\n  <\/div>\n<\/div>\n\n\n\n<div class=\"keyNumbers\">\n  <h2 class=\"keyNumbers__title\">\n    Kennzahlen\n   <\/h2>\n    <div class=\"keyNumbers__item\">\n    <strong class=\"keyNumbers__numbers\">110<\/strong><br>\n    <span class=\"keyNumbers__descr\">Exporte in Milliardenh\u00f6he<\/span>\n  <\/div>\n    <div class=\"keyNumbers__item\">\n    <strong class=\"keyNumbers__numbers\">114,510<\/strong><br>\n    <span class=\"keyNumbers__descr\">Besch\u00e4ftigte<\/span>\n  <\/div>\n    <div class=\"keyNumbers__item\">\n    <strong class=\"keyNumbers__numbers\">869,7<\/strong><br>\n    <span class=\"keyNumbers__descr\">Millionen CHF Investiertes Kapital<\/span>\n  <\/div>\n    <div class=\"keyNumbers__item\">\n    <strong class=\"keyNumbers__numbers\">3,124 <\/strong><br>\n    <span class=\"keyNumbers__descr\">Unternehmen in diesem Sektor<\/span>\n  <\/div>\n    <div class=\"keyNumbers__sources\"><\/div>\n<\/div>\n<\/div>\n<\/div>\n\n\n<div class=\"clustersSubPages\">\n          <div class=\"container-lg p-0\">\n                                                  <a href=\"https:\/\/ggba.swiss\/de\/zentrale-wirtschaftszweige\/life-sciences\/warum-die-schweiz-der-standort-fuer-ihre-aktivitaeten-in-der-bioproduktion-sein-sollte\/\" class=\"subpagesTeaser row\">\n                <div class=\"col-lg-3 col-12\">\n                    <figure class=\"subpagesTeaser__image\">\n                        <img loading=\"lazy\" decoding=\"async\" width=\"1024\" height=\"683\" src=\"https:\/\/ggba.swiss\/app\/uploads\/2023\/06\/bio-sm-1024x683.jpg\" class=\"attachment-large size-large wp-post-image\" alt=\"\" srcset=\"https:\/\/ggba.swiss\/app\/uploads\/2023\/06\/bio-sm-1024x683.jpg 1024w, https:\/\/ggba.swiss\/app\/uploads\/2023\/06\/bio-sm-300x200.jpg 300w, https:\/\/ggba.swiss\/app\/uploads\/2023\/06\/bio-sm-768x512.jpg 768w, https:\/\/ggba.swiss\/app\/uploads\/2023\/06\/bio-sm.jpg 1500w\" sizes=\"auto, (max-width: 1024px) 100vw, 1024px\" \/>\n                    <\/figure>\n                <\/div>\n                <div class=\"col-lg-3 col-12 d-flex flex-lg-column justify-content-between\">\n                    <h3 class=\"subpagesTeaser__title\">Warum die Schweiz der Standort f\u00fcr Ihre Aktivit\u00e4ten in der Bioproduktion sein sollte<\/h3>\n                    <div class=\"postTeaser__arrow\">\n                        <svg width=\"26\" height=\"26\" viewBox=\"0 0 26 26\" fill=\"none\" xmlns=\"http:\/\/www.w3.org\/2000\/svg\">\n<path d=\"M16.25 19.5C15.925 19.5 15.7084 19.3916 15.4917 19.175C15.0584 18.7416 15.0584 18.0916 15.4917 17.6583L20.9084 12.2416C21.3417 11.8083 21.9917 11.8083 22.425 12.2416C22.8584 12.675 22.8584 13.325 22.425 13.7583L17.0084 19.175C16.7917 19.3916 16.575 19.5 16.25 19.5Z\" fill=\"#E1251B\"\/>\n<path d=\"M21.6667 14.0833C21.3417 14.0833 21.125 13.975 20.9084 13.7583L15.4917 8.34167C15.0584 7.90833 15.0584 7.25833 15.4917 6.825C15.925 6.39167 16.575 6.39167 17.0084 6.825L22.425 12.2417C22.8584 12.675 22.8584 13.325 22.425 13.7583C22.2084 13.975 21.9917 14.0833 21.6667 14.0833Z\" fill=\"#E1251B\"\/>\n<path d=\"M21.6667 14.0833H4.33333C3.68333 14.0833 3.25 13.65 3.25 13C3.25 12.35 3.68333 11.9166 4.33333 11.9166H21.6667C22.3167 11.9166 22.75 12.35 22.75 13C22.75 13.65 22.3167 14.0833 21.6667 14.0833Z\" fill=\"#E1251B\"\/>\n<\/svg>\n                    <\/div>\n                <\/div>\n                <div class=\"col-lg-6 col-12\">\n                    <p>Die weltweite Nachfrage nach Biologika erreicht derzeit ein nie dagewesenes Niveau. Gem\u00e4\u00df einem Bericht von CPhI wird Europa Nordamerika bis 2025 als f\u00fchrenden Standort f\u00fcr die Produktion von Biologika abl\u00f6sen.<\/p>\n\n                <\/div>\n            <\/a>\n                        <\/div>\n      <\/div>\n  \n\n\n\n<div class=\"ContactUs\">\n    <div class=\"container-lg p-0\">\n        <div class=\"row\">\n            <div class=\"col-12 col-md-6 col-lg-4\">\n                <h2 class=\"contactUs__title\">\n                     Beratung anfordern\n                <\/h2>\n            <\/div>\n        <\/div>\n        <div class=\"ContactUs__container row\">\n            <div class=\"contactUs__text\">\n                <div class=\"contactUs__textDescr\"><p>Die GGBa kann sich auf ein globales Netzwerk von Fachleuten st\u00fctzen, die Ihnen bei Ihrer erfolgreichen Gesch\u00e4ftsaufnahme in der Schweiz zur Seite stehen. Nehmen Sie Kontakt mit uns auf, um Ihre Pl\u00e4ne und Ideen zu besprechen. Unsere Leistungen sind individuell auf Sie zugeschnitten, kostenlos und vertraulich.<\/p>\n<p>Sie ben\u00f6tigen eine individuelle Beratung? Unsere Vertreter befinden sich auf der ganzen Welt.<\/p>\n<\/div>\n                <div class=\"contactUs__btn\">\n                    <a class=\"arrowedButton\" href=\"https:\/\/ggba.swiss\/en\/contact\/\">\n    <span>Kontakt<\/span>\n    <svg width=\"26\" height=\"26\" viewBox=\"0 0 26 26\" fill=\"none\" xmlns=\"http:\/\/www.w3.org\/2000\/svg\">\n      <path d=\"M16.25 19.5C15.925 19.5 15.7083 19.3917 15.4917 19.175C15.0583 18.7417 15.0583 18.0917 15.4917 17.6583L20.9083 12.2417C21.3417 11.8083 21.9917 11.8083 22.425 12.2417C22.8583 12.675 22.8583 13.325 22.425 13.7583L17.0083 19.175C16.7917 19.3917 16.575 19.5 16.25 19.5Z\" fill=\"white\"\/>\n      <path d=\"M21.6667 14.0833C21.3417 14.0833 21.125 13.975 20.9083 13.7583L15.4917 8.34167C15.0583 7.90833 15.0583 7.25833 15.4917 6.825C15.925 6.39167 16.575 6.39167 17.0083 6.825L22.425 12.2417C22.8583 12.675 22.8583 13.325 22.425 13.7583C22.2083 13.975 21.9917 14.0833 21.6667 14.0833Z\" fill=\"white\"\/>\n      <path d=\"M21.6667 14.0833H4.33333C3.68333 14.0833 3.25 13.65 3.25 13C3.25 12.35 3.68333 11.9167 4.33333 11.9167H21.6667C22.3167 11.9167 22.75 12.35 22.75 13C22.75 13.65 22.3167 14.0833 21.6667 14.0833Z\" fill=\"white\"\/>\n    <\/svg>    \n  <\/a>                <\/div>\n            <\/div>\n        <\/div>\n                    <div class=\"contactUs__image offset-lg-6 col-lg-6 col-12\">\n                <img loading=\"lazy\" decoding=\"async\" width=\"2560\" height=\"1075\" src=\"https:\/\/ggba.swiss\/app\/uploads\/2023\/06\/contact-scaled.jpg\" class=\"attachment-full size-full\" alt=\"\" srcset=\"https:\/\/ggba.swiss\/app\/uploads\/2023\/06\/contact-scaled.jpg 2560w, https:\/\/ggba.swiss\/app\/uploads\/2023\/06\/contact-300x126.jpg 300w, https:\/\/ggba.swiss\/app\/uploads\/2023\/06\/contact-1024x430.jpg 1024w, https:\/\/ggba.swiss\/app\/uploads\/2023\/06\/contact-768x322.jpg 768w, https:\/\/ggba.swiss\/app\/uploads\/2023\/06\/contact-1536x645.jpg 1536w, https:\/\/ggba.swiss\/app\/uploads\/2023\/06\/contact-2048x860.jpg 2048w\" sizes=\"auto, (max-width: 2560px) 100vw, 2560px\" \/>\n            <\/div>\n            <\/div>\n<\/div>\n","protected":false},"excerpt":{"rendered":"<p>Die Westschweiz, auch bekannt als das &#8220;Health Valley&#8221;, ist international anerkannt als bevorzugter Standort f\u00fcr Unternehmen im Bereich Life Sciences. Mit ihrem Know-how in den Bereichen Pharmazeutik, Biotechnologie und Medizintechnik bietet sie Unternehmen ein erstklassiges Umfeld, um ihre globalen Aktivit\u00e4ten auszubauen und von ihrer Reputation in Bezug auf Qualit\u00e4t und Innovation in der Life-Sciences-Branche zu profitieren<\/p>\n","protected":false},"author":1,"featured_media":2165,"parent":48,"menu_order":33,"comment_status":"closed","ping_status":"closed","template":"","meta":{"_acf_changed":false,"inline_featured_image":false,"footnotes":""},"class_list":["post-139","page","type-page","status-publish","has-post-thumbnail","hentry"],"acf":[],"yoast_head":"<!-- This site is optimized with the Yoast SEO plugin v27.2 - https:\/\/yoast.com\/product\/yoast-seo-wordpress\/ -->\n<title>Lebenswissenschaften in der Westschweiz | GGBa<\/title>\n<meta name=\"description\" content=\"Mit herausragender Expertise in Biotech, Pharma und Medtech steht die Westschweiz als Leuchtfeuer f\u00fcr Innovation und Qualit\u00e4t.\" \/>\n<meta name=\"robots\" content=\"index, follow, max-snippet:-1, max-image-preview:large, max-video-preview:-1\" \/>\n<link rel=\"canonical\" href=\"https:\/\/ggba.swiss\/de\/zentrale-wirtschaftszweige\/life-sciences\/\" \/>\n<meta property=\"og:locale\" content=\"de_DE\" \/>\n<meta property=\"og:type\" content=\"article\" \/>\n<meta property=\"og:title\" content=\"Lebenswissenschaften in der Westschweiz | GGBa\" \/>\n<meta property=\"og:description\" content=\"Mit herausragender Expertise in Biotech, Pharma und Medtech steht die Westschweiz als Leuchtfeuer f\u00fcr Innovation und Qualit\u00e4t.\" \/>\n<meta property=\"og:url\" content=\"https:\/\/ggba.swiss\/de\/zentrale-wirtschaftszweige\/life-sciences\/\" \/>\n<meta property=\"og:site_name\" content=\"Greater Geneva Bern area\" \/>\n<meta property=\"article:modified_time\" content=\"2025-01-15T07:44:51+00:00\" \/>\n<meta property=\"og:image\" content=\"https:\/\/ggba.swiss\/app\/uploads\/2023\/06\/ls-sm.jpg\" \/>\n\t<meta property=\"og:image:width\" content=\"1500\" \/>\n\t<meta property=\"og:image:height\" content=\"1000\" \/>\n\t<meta property=\"og:image:type\" content=\"image\/jpeg\" \/>\n<meta name=\"twitter:card\" content=\"summary_large_image\" \/>\n<meta name=\"twitter:label1\" content=\"Gesch\u00e4tzte Lesezeit\" \/>\n\t<meta name=\"twitter:data1\" content=\"2 minutes\" \/>\n<script type=\"application\/ld+json\" class=\"yoast-schema-graph\">{\"@context\":\"https:\/\/schema.org\",\"@graph\":[{\"@type\":\"WebPage\",\"@id\":\"https:\/\/ggba.swiss\/de\/zentrale-wirtschaftszweige\/life-sciences\/\",\"url\":\"https:\/\/ggba.swiss\/de\/zentrale-wirtschaftszweige\/life-sciences\/\",\"name\":\"Lebenswissenschaften in der Westschweiz | GGBa\",\"isPartOf\":{\"@id\":\"https:\/\/staging.ggba.swiss\/en\/#website\"},\"primaryImageOfPage\":{\"@id\":\"https:\/\/ggba.swiss\/de\/zentrale-wirtschaftszweige\/life-sciences\/#primaryimage\"},\"image\":{\"@id\":\"https:\/\/ggba.swiss\/de\/zentrale-wirtschaftszweige\/life-sciences\/#primaryimage\"},\"thumbnailUrl\":\"https:\/\/ggba.swiss\/app\/uploads\/2023\/06\/ls-sm.jpg\",\"datePublished\":\"2023-02-28T14:07:15+00:00\",\"dateModified\":\"2025-01-15T07:44:51+00:00\",\"description\":\"Mit herausragender Expertise in Biotech, Pharma und Medtech steht die Westschweiz als Leuchtfeuer f\u00fcr Innovation und Qualit\u00e4t.\",\"breadcrumb\":{\"@id\":\"https:\/\/ggba.swiss\/de\/zentrale-wirtschaftszweige\/life-sciences\/#breadcrumb\"},\"inLanguage\":\"de-DE\",\"potentialAction\":[{\"@type\":\"ReadAction\",\"target\":[\"https:\/\/ggba.swiss\/de\/zentrale-wirtschaftszweige\/life-sciences\/\"]}]},{\"@type\":\"ImageObject\",\"inLanguage\":\"de-DE\",\"@id\":\"https:\/\/ggba.swiss\/de\/zentrale-wirtschaftszweige\/life-sciences\/#primaryimage\",\"url\":\"https:\/\/ggba.swiss\/app\/uploads\/2023\/06\/ls-sm.jpg\",\"contentUrl\":\"https:\/\/ggba.swiss\/app\/uploads\/2023\/06\/ls-sm.jpg\",\"width\":1500,\"height\":1000},{\"@type\":\"BreadcrumbList\",\"@id\":\"https:\/\/ggba.swiss\/de\/zentrale-wirtschaftszweige\/life-sciences\/#breadcrumb\",\"itemListElement\":[{\"@type\":\"ListItem\",\"position\":1,\"name\":\"Home\",\"item\":\"https:\/\/ggba.swiss\/de\/\"},{\"@type\":\"ListItem\",\"position\":2,\"name\":\"Zentrale Wirtschaftszweige\",\"item\":\"https:\/\/ggba.swiss\/de\/zentrale-wirtschaftszweige\/\"},{\"@type\":\"ListItem\",\"position\":3,\"name\":\"Life Sciences\"}]},{\"@type\":\"WebSite\",\"@id\":\"https:\/\/staging.ggba.swiss\/en\/#website\",\"url\":\"https:\/\/staging.ggba.swiss\/en\/\",\"name\":\"Greater Geneva Bern area\",\"description\":\"\",\"potentialAction\":[{\"@type\":\"SearchAction\",\"target\":{\"@type\":\"EntryPoint\",\"urlTemplate\":\"https:\/\/staging.ggba.swiss\/en\/?s={search_term_string}\"},\"query-input\":{\"@type\":\"PropertyValueSpecification\",\"valueRequired\":true,\"valueName\":\"search_term_string\"}}],\"inLanguage\":\"de-DE\"}]}<\/script>\n<!-- \/ Yoast SEO plugin. -->","yoast_head_json":{"title":"Lebenswissenschaften in der Westschweiz | GGBa","description":"Mit herausragender Expertise in Biotech, Pharma und Medtech steht die Westschweiz als Leuchtfeuer f\u00fcr Innovation und Qualit\u00e4t.","robots":{"index":"index","follow":"follow","max-snippet":"max-snippet:-1","max-image-preview":"max-image-preview:large","max-video-preview":"max-video-preview:-1"},"canonical":"https:\/\/ggba.swiss\/de\/zentrale-wirtschaftszweige\/life-sciences\/","og_locale":"de_DE","og_type":"article","og_title":"Lebenswissenschaften in der Westschweiz | GGBa","og_description":"Mit herausragender Expertise in Biotech, Pharma und Medtech steht die Westschweiz als Leuchtfeuer f\u00fcr Innovation und Qualit\u00e4t.","og_url":"https:\/\/ggba.swiss\/de\/zentrale-wirtschaftszweige\/life-sciences\/","og_site_name":"Greater Geneva Bern area","article_modified_time":"2025-01-15T07:44:51+00:00","og_image":[{"width":1500,"height":1000,"url":"https:\/\/ggba.swiss\/app\/uploads\/2023\/06\/ls-sm.jpg","type":"image\/jpeg"}],"twitter_card":"summary_large_image","twitter_misc":{"Gesch\u00e4tzte Lesezeit":"2 minutes"},"schema":{"@context":"https:\/\/schema.org","@graph":[{"@type":"WebPage","@id":"https:\/\/ggba.swiss\/de\/zentrale-wirtschaftszweige\/life-sciences\/","url":"https:\/\/ggba.swiss\/de\/zentrale-wirtschaftszweige\/life-sciences\/","name":"Lebenswissenschaften in der Westschweiz | GGBa","isPartOf":{"@id":"https:\/\/staging.ggba.swiss\/en\/#website"},"primaryImageOfPage":{"@id":"https:\/\/ggba.swiss\/de\/zentrale-wirtschaftszweige\/life-sciences\/#primaryimage"},"image":{"@id":"https:\/\/ggba.swiss\/de\/zentrale-wirtschaftszweige\/life-sciences\/#primaryimage"},"thumbnailUrl":"https:\/\/ggba.swiss\/app\/uploads\/2023\/06\/ls-sm.jpg","datePublished":"2023-02-28T14:07:15+00:00","dateModified":"2025-01-15T07:44:51+00:00","description":"Mit herausragender Expertise in Biotech, Pharma und Medtech steht die Westschweiz als Leuchtfeuer f\u00fcr Innovation und Qualit\u00e4t.","breadcrumb":{"@id":"https:\/\/ggba.swiss\/de\/zentrale-wirtschaftszweige\/life-sciences\/#breadcrumb"},"inLanguage":"de-DE","potentialAction":[{"@type":"ReadAction","target":["https:\/\/ggba.swiss\/de\/zentrale-wirtschaftszweige\/life-sciences\/"]}]},{"@type":"ImageObject","inLanguage":"de-DE","@id":"https:\/\/ggba.swiss\/de\/zentrale-wirtschaftszweige\/life-sciences\/#primaryimage","url":"https:\/\/ggba.swiss\/app\/uploads\/2023\/06\/ls-sm.jpg","contentUrl":"https:\/\/ggba.swiss\/app\/uploads\/2023\/06\/ls-sm.jpg","width":1500,"height":1000},{"@type":"BreadcrumbList","@id":"https:\/\/ggba.swiss\/de\/zentrale-wirtschaftszweige\/life-sciences\/#breadcrumb","itemListElement":[{"@type":"ListItem","position":1,"name":"Home","item":"https:\/\/ggba.swiss\/de\/"},{"@type":"ListItem","position":2,"name":"Zentrale Wirtschaftszweige","item":"https:\/\/ggba.swiss\/de\/zentrale-wirtschaftszweige\/"},{"@type":"ListItem","position":3,"name":"Life Sciences"}]},{"@type":"WebSite","@id":"https:\/\/staging.ggba.swiss\/en\/#website","url":"https:\/\/staging.ggba.swiss\/en\/","name":"Greater Geneva Bern area","description":"","potentialAction":[{"@type":"SearchAction","target":{"@type":"EntryPoint","urlTemplate":"https:\/\/staging.ggba.swiss\/en\/?s={search_term_string}"},"query-input":{"@type":"PropertyValueSpecification","valueRequired":true,"valueName":"search_term_string"}}],"inLanguage":"de-DE"}]}},"_links":{"self":[{"href":"https:\/\/ggba.swiss\/de\/wp-json\/wp\/v2\/pages\/139","targetHints":{"allow":["GET"]}}],"collection":[{"href":"https:\/\/ggba.swiss\/de\/wp-json\/wp\/v2\/pages"}],"about":[{"href":"https:\/\/ggba.swiss\/de\/wp-json\/wp\/v2\/types\/page"}],"author":[{"embeddable":true,"href":"https:\/\/ggba.swiss\/de\/wp-json\/wp\/v2\/users\/1"}],"replies":[{"embeddable":true,"href":"https:\/\/ggba.swiss\/de\/wp-json\/wp\/v2\/comments?post=139"}],"version-history":[{"count":32,"href":"https:\/\/ggba.swiss\/de\/wp-json\/wp\/v2\/pages\/139\/revisions"}],"predecessor-version":[{"id":30088,"href":"https:\/\/ggba.swiss\/de\/wp-json\/wp\/v2\/pages\/139\/revisions\/30088"}],"up":[{"embeddable":true,"href":"https:\/\/ggba.swiss\/de\/wp-json\/wp\/v2\/pages\/48"}],"wp:featuredmedia":[{"embeddable":true,"href":"https:\/\/ggba.swiss\/de\/wp-json\/wp\/v2\/media\/2165"}],"wp:attachment":[{"href":"https:\/\/ggba.swiss\/de\/wp-json\/wp\/v2\/media?parent=139"}],"curies":[{"name":"wp","href":"https:\/\/api.w.org\/{rel}","templated":true}]}}