{"id":1593,"date":"2023-05-15T11:34:54","date_gmt":"2023-05-15T09:34:54","guid":{"rendered":"https:\/\/ggba.swiss\/?page_id=1593"},"modified":"2026-03-11T14:54:44","modified_gmt":"2026-03-11T13:54:44","slug":"unser-team","status":"publish","type":"page","link":"https:\/\/ggba.swiss\/de\/unsere-leistungen\/unser-team\/","title":{"rendered":"Unser Team"},"content":{"rendered":"\n<div class=\"wp-block-columns is-layout-flex wp-container-core-columns-is-layout-9d6595d7 wp-block-columns-is-layout-flex\">\n<div class=\"wp-block-column is-layout-flow wp-block-column-is-layout-flow\"><div class=\"intro\">\n  <p><span lang=\"de-DE\">Im Rahmen Ihres Einf\u00fchrungsprozesses in der Westschweiz steht Ihnen unser Team unterst\u00fctzend zur Seite. Bei uns erhalten Sie das erforderliche Fachwissen sowie die notwendigen Ressourcen, um Ihre Ziele zu erreichen.<\/span><\/p>\n\n<\/div>\n\n<\/div>\n\n\n\n<div class=\"wp-block-column is-layout-flow wp-block-column-is-layout-flow\"><\/div>\n<\/div>\n","protected":false},"excerpt":{"rendered":"","protected":false},"author":1,"featured_media":0,"parent":62,"menu_order":29,"comment_status":"closed","ping_status":"closed","template":"template-team.blade.php","meta":{"_acf_changed":false,"inline_featured_image":false,"footnotes":""},"class_list":["post-1593","page","type-page","status-publish","hentry"],"acf":{"team_group":[{"country":"Schweiz","team_member":[{"firstname":"Thomas","lastname":"Bohn","job":"CEO","email":"t.bohn@ggba.swiss","phone":"+41 21 644 00 90","image":35504},{"firstname":"St\u00e9phanie ","lastname":"Celis","job":"Assistentin der Gesch\u00e4ftsf\u00fchrung","email":"s.celis@ggba.swiss","phone":"+41 21 644 00 90","image":35495},{"firstname":"Malcolm","lastname":"Wade","job":"Head of Communications","email":"m.wade@ggba.swiss","phone":"+41 21 644 00 90","image":35468},{"firstname":"Pierre-Yves","lastname":"Oehrli","job":"Communications Manager","email":"p-y.oehrli@ggba.swiss","phone":"+41 21 644 00 90","image":35483}]},{"country":"Deutschland","team_member":[{"firstname":"Sara","lastname":"Schneider-Hama\u00ef","job":"Direktorin Deutschland und Benelux","email":"s.schneider-hamai@ggba.swiss","phone":"+49 69 46909660","image":35486},{"firstname":"Shayan","lastname":"Balali","job":"Direktor Deutschland","email":"s.balali@ggba.swiss","phone":"+49 152 05833947","image":35489}]},{"country":"Brasilien","team_member":[{"firstname":"Thiago","lastname":"Cruz Silveira","job":"Direktor Brasilien","email":"t.silveira@ggba.swiss","phone":"+ 55 21 98862-2629","image":35498}]},{"country":"China","team_member":[{"firstname":"Shun","lastname":"Zhou","job":"Direktor China","email":"s.zhou@ggba.swiss","phone":"+86 21 615 74955","image":35492},{"firstname":"Nina","lastname":"Liu","job":"Marketing & BD Manager","email":"n.liu@ggba.swiss","phone":"+86 21 6157 4955","image":35474}]},{"country":"Frankreich","team_member":[{"firstname":"Olivier","lastname":"Petit","job":"Direktor Frankreich","email":"o.petit@ggba.swiss","phone":" +33 6 25 58 46 73","image":35477},{"firstname":"Thierry","lastname":"Baglan","job":"Senior Advisor","email":"t.baglan@ggba.swiss","phone":"+33 4 72 17 58 20","image":35501},{"firstname":"Pauline","lastname":"Degaudenzi","job":"Direktorin Frankreich","email":"p.degaudenzi@ggba.swiss","phone":"+33 6 99 48 78 91","image":35480}]},{"country":"Amerika","team_member":[{"firstname":"Mark","lastname":"White","job":"Direktor USA","email":"m.white@ggba.swiss","phone":"+1 949 395 0642","image":35471},{"firstname":"Marjorie","lastname":"Hamelin","job":"Direktorin USA","email":"m.hamelin@ggba.swiss","phone":" +1 650 209 2769","image":35514}]},{"country":"Weitere L\u00e4nder","team_member":[{"firstname":"Amitabh","lastname":"Arora","job":"Key Accounts Manager","email":"a.arora@ggba.swiss","phone":"+84 902 35 97 30","image":35459},{"firstname":"Iris","lastname":"Gaudras","job":"Key Accounts Managerin","email":"i.gaudras@ggba.swiss","phone":"+41 21 644 00 90","image":35465},{"firstname":"Yassin","lastname":"Nahi","job":"Direktor Life Sciences","email":"y.nahi@ggba.swiss","phone":"+44 7913 200249","image":35507}]}]},"yoast_head":"<!-- This site is optimized with the Yoast SEO plugin v27.2 - https:\/\/yoast.com\/product\/yoast-seo-wordpress\/ -->\n<title>Zu Ihren Diensten - Treffen Sie das GGBa-Team | GGBa<\/title>\n<meta name=\"description\" content=\"Das GGBa-Team bietet die Expertise und Ressourcen f\u00fcr eine erfolgreiche Gesch\u00e4ftsumsetzung in der Westschweiz.\" \/>\n<meta name=\"robots\" content=\"index, follow, max-snippet:-1, max-image-preview:large, max-video-preview:-1\" \/>\n<link rel=\"canonical\" href=\"https:\/\/ggba.swiss\/de\/unsere-leistungen\/unser-team\/\" \/>\n<meta property=\"og:locale\" content=\"de_DE\" \/>\n<meta property=\"og:type\" content=\"article\" \/>\n<meta property=\"og:title\" content=\"Zu Ihren Diensten - Treffen Sie das GGBa-Team | GGBa\" \/>\n<meta property=\"og:description\" content=\"Das GGBa-Team bietet die Expertise und Ressourcen f\u00fcr eine erfolgreiche Gesch\u00e4ftsumsetzung in der Westschweiz.\" \/>\n<meta property=\"og:url\" content=\"https:\/\/ggba.swiss\/de\/unsere-leistungen\/unser-team\/\" \/>\n<meta property=\"og:site_name\" content=\"Greater Geneva Bern area\" \/>\n<meta property=\"article:modified_time\" content=\"2026-03-11T13:54:44+00:00\" \/>\n<meta name=\"twitter:card\" content=\"summary_large_image\" \/>\n<script type=\"application\/ld+json\" class=\"yoast-schema-graph\">{\"@context\":\"https:\/\/schema.org\",\"@graph\":[{\"@type\":\"WebPage\",\"@id\":\"https:\/\/ggba.swiss\/de\/unsere-leistungen\/unser-team\/\",\"url\":\"https:\/\/ggba.swiss\/de\/unsere-leistungen\/unser-team\/\",\"name\":\"Zu Ihren Diensten - Treffen Sie das GGBa-Team | GGBa\",\"isPartOf\":{\"@id\":\"https:\/\/staging.ggba.swiss\/en\/#website\"},\"datePublished\":\"2023-05-15T09:34:54+00:00\",\"dateModified\":\"2026-03-11T13:54:44+00:00\",\"description\":\"Das GGBa-Team bietet die Expertise und Ressourcen f\u00fcr eine erfolgreiche Gesch\u00e4ftsumsetzung in der Westschweiz.\",\"breadcrumb\":{\"@id\":\"https:\/\/ggba.swiss\/de\/unsere-leistungen\/unser-team\/#breadcrumb\"},\"inLanguage\":\"de-DE\",\"potentialAction\":[{\"@type\":\"ReadAction\",\"target\":[\"https:\/\/ggba.swiss\/de\/unsere-leistungen\/unser-team\/\"]}]},{\"@type\":\"BreadcrumbList\",\"@id\":\"https:\/\/ggba.swiss\/de\/unsere-leistungen\/unser-team\/#breadcrumb\",\"itemListElement\":[{\"@type\":\"ListItem\",\"position\":1,\"name\":\"Home\",\"item\":\"https:\/\/ggba.swiss\/de\/\"},{\"@type\":\"ListItem\",\"position\":2,\"name\":\"Unsere Leistungen\",\"item\":\"https:\/\/ggba.swiss\/de\/unsere-leistungen\/\"},{\"@type\":\"ListItem\",\"position\":3,\"name\":\"Unser Team\"}]},{\"@type\":\"WebSite\",\"@id\":\"https:\/\/staging.ggba.swiss\/en\/#website\",\"url\":\"https:\/\/staging.ggba.swiss\/en\/\",\"name\":\"Greater Geneva Bern area\",\"description\":\"\",\"potentialAction\":[{\"@type\":\"SearchAction\",\"target\":{\"@type\":\"EntryPoint\",\"urlTemplate\":\"https:\/\/staging.ggba.swiss\/en\/?s={search_term_string}\"},\"query-input\":{\"@type\":\"PropertyValueSpecification\",\"valueRequired\":true,\"valueName\":\"search_term_string\"}}],\"inLanguage\":\"de-DE\"}]}<\/script>\n<!-- \/ Yoast SEO plugin. -->","yoast_head_json":{"title":"Zu Ihren Diensten - Treffen Sie das GGBa-Team | GGBa","description":"Das GGBa-Team bietet die Expertise und Ressourcen f\u00fcr eine erfolgreiche Gesch\u00e4ftsumsetzung in der Westschweiz.","robots":{"index":"index","follow":"follow","max-snippet":"max-snippet:-1","max-image-preview":"max-image-preview:large","max-video-preview":"max-video-preview:-1"},"canonical":"https:\/\/ggba.swiss\/de\/unsere-leistungen\/unser-team\/","og_locale":"de_DE","og_type":"article","og_title":"Zu Ihren Diensten - Treffen Sie das GGBa-Team | GGBa","og_description":"Das GGBa-Team bietet die Expertise und Ressourcen f\u00fcr eine erfolgreiche Gesch\u00e4ftsumsetzung in der Westschweiz.","og_url":"https:\/\/ggba.swiss\/de\/unsere-leistungen\/unser-team\/","og_site_name":"Greater Geneva Bern area","article_modified_time":"2026-03-11T13:54:44+00:00","twitter_card":"summary_large_image","schema":{"@context":"https:\/\/schema.org","@graph":[{"@type":"WebPage","@id":"https:\/\/ggba.swiss\/de\/unsere-leistungen\/unser-team\/","url":"https:\/\/ggba.swiss\/de\/unsere-leistungen\/unser-team\/","name":"Zu Ihren Diensten - Treffen Sie das GGBa-Team | GGBa","isPartOf":{"@id":"https:\/\/staging.ggba.swiss\/en\/#website"},"datePublished":"2023-05-15T09:34:54+00:00","dateModified":"2026-03-11T13:54:44+00:00","description":"Das GGBa-Team bietet die Expertise und Ressourcen f\u00fcr eine erfolgreiche Gesch\u00e4ftsumsetzung in der Westschweiz.","breadcrumb":{"@id":"https:\/\/ggba.swiss\/de\/unsere-leistungen\/unser-team\/#breadcrumb"},"inLanguage":"de-DE","potentialAction":[{"@type":"ReadAction","target":["https:\/\/ggba.swiss\/de\/unsere-leistungen\/unser-team\/"]}]},{"@type":"BreadcrumbList","@id":"https:\/\/ggba.swiss\/de\/unsere-leistungen\/unser-team\/#breadcrumb","itemListElement":[{"@type":"ListItem","position":1,"name":"Home","item":"https:\/\/ggba.swiss\/de\/"},{"@type":"ListItem","position":2,"name":"Unsere Leistungen","item":"https:\/\/ggba.swiss\/de\/unsere-leistungen\/"},{"@type":"ListItem","position":3,"name":"Unser Team"}]},{"@type":"WebSite","@id":"https:\/\/staging.ggba.swiss\/en\/#website","url":"https:\/\/staging.ggba.swiss\/en\/","name":"Greater Geneva Bern area","description":"","potentialAction":[{"@type":"SearchAction","target":{"@type":"EntryPoint","urlTemplate":"https:\/\/staging.ggba.swiss\/en\/?s={search_term_string}"},"query-input":{"@type":"PropertyValueSpecification","valueRequired":true,"valueName":"search_term_string"}}],"inLanguage":"de-DE"}]}},"_links":{"self":[{"href":"https:\/\/ggba.swiss\/de\/wp-json\/wp\/v2\/pages\/1593","targetHints":{"allow":["GET"]}}],"collection":[{"href":"https:\/\/ggba.swiss\/de\/wp-json\/wp\/v2\/pages"}],"about":[{"href":"https:\/\/ggba.swiss\/de\/wp-json\/wp\/v2\/types\/page"}],"author":[{"embeddable":true,"href":"https:\/\/ggba.swiss\/de\/wp-json\/wp\/v2\/users\/1"}],"replies":[{"embeddable":true,"href":"https:\/\/ggba.swiss\/de\/wp-json\/wp\/v2\/comments?post=1593"}],"version-history":[{"count":36,"href":"https:\/\/ggba.swiss\/de\/wp-json\/wp\/v2\/pages\/1593\/revisions"}],"predecessor-version":[{"id":38081,"href":"https:\/\/ggba.swiss\/de\/wp-json\/wp\/v2\/pages\/1593\/revisions\/38081"}],"up":[{"embeddable":true,"href":"https:\/\/ggba.swiss\/de\/wp-json\/wp\/v2\/pages\/62"}],"wp:attachment":[{"href":"https:\/\/ggba.swiss\/de\/wp-json\/wp\/v2\/media?parent=1593"}],"curies":[{"name":"wp","href":"https:\/\/api.w.org\/{rel}","templated":true}]}}