{"id":1596,"date":"2023-03-29T14:11:44","date_gmt":"2023-03-29T12:11:44","guid":{"rendered":"https:\/\/ggba.swiss\/?page_id=1596"},"modified":"2025-01-15T10:07:15","modified_gmt":"2025-01-15T09:07:15","slug":"cleantech","status":"publish","type":"page","link":"https:\/\/ggba.swiss\/de\/zentrale-wirtschaftszweige\/cleantech\/","title":{"rendered":"Cleantech"},"content":{"rendered":"\n<div class=\"wp-block-columns is-layout-flex wp-container-core-columns-is-layout-9d6595d7 wp-block-columns-is-layout-flex\">\n<div class=\"wp-block-column ClustersGuntenbergBlockAdjust is-layout-flow wp-block-column-is-layout-flow\" style=\"flex-basis:66.66%\"><div class=\"intro\">\n  <p>Die Schweiz, die \u00fcber nur wenige traditionelle nat\u00fcrliche Ressourcen verf\u00fcgt, ist ein Vorreiter auf dem Gebiet der erneuerbaren Energien. Von Solarenergie und Windkraft \u00fcber Biomasse, Biodiesel und Biogas bis hin zu Geothermie und Wasserkraft \u2013 die Schweiz hat sich auf die Entwicklung und Nutzung nachhaltiger Technologien konzentriert.<\/p>\n\n<\/div>\n\n\n\n\n<h2 class=\"wp-block-heading\"> <p style=\"margin-bottom: 0cm\"><\/p>Netzwerk und Expertise<\/h2>\n\n\n\n<p>Bei der Westschweiz handelt es sich um ein bl\u00fchendes \u00d6kosystem f\u00fcr Innovation und Unternehmertum, das zahlreiche Ressourcen zur Unterst\u00fctzung der Entwicklung von Spitzenprodukten und -dienstleistungen im Bereich der Energie- und Umwelttechnologien bietet. Die Region beherbergt eine Vielzahl von Gr\u00fcnderzentren, Technologieparks und Kompetenzzentren, die alle \u00fcber hochmoderne Infrastrukturen zur F\u00f6rderung von Innovation und Wachstum verf\u00fcgen. Der Verein <a href=\"https:\/\/energie-cluster.ch\/\">energie-cluster.ch<\/a> bietet Unternehmen im Bereich Energie- und Umwelttechnologien Zugang zu Dienstleistungen f\u00fcr Technologie- und Wissenstransfer sowie Weiterbildungsprogrammen. Zudem bietet <a href=\"https:\/\/www.cleantech-alps.com\/de\/\/index.php\">CleantechAlps<\/a> als regionaler Mechanismus Start-ups und KMUs im Cleantech-Sektor Unterst\u00fctzung und internationale Sichtbarkeit.<\/p>\n\n\n\n<p><a href=\"https:\/\/bluefactory.ch\/en\/home\/\">blueFACTORY<\/a> fungiert als Knotenpunkt f\u00fcr Unternehmen und Plattformen, die der nachhaltigen Entwicklung und dem Umweltschutz Priorit\u00e4t einr\u00e4umen. Ebenso konzentriert sich <a href=\"http:\/\/www.tecorbe.ch\/index.php?id=11&amp;L=2\">TecOrbe<\/a>, der Technop\u00f4le de l&#8217;Environnement d&#8217;Orbe, auf erneuerbare Energien und bietet eine breite Palette an Unterst\u00fctzungsmechanismen, um Unternehmen bei der Entwicklung ihrer Aktivit\u00e4ten zu unterst\u00fctzen. Mit diesem unsch\u00e4tzbaren Unterst\u00fctzungsnetzwerk bietet die Westschweiz ein ideales Umfeld f\u00fcr Unternehmen wie Meyer Burger, SunPower Systems, DuPont und Frewitt, um zu florieren und zum Wachstum und Wohlstand der Region beizutragen.<\/p>\n\n\n\n<h2 class=\"wp-block-heading\">Ein Zentrum f\u00fcr angewandte Forschung<\/h2>\n\n\n\n<p>In der Westschweiz haben Cleantech-Unternehmen zahlreiche M\u00f6glichkeiten, mit weltweit anerkannten Forschungsinstituten zusammenzuarbeiten. Das Energiezentrum der Eidgen\u00f6ssischen Technischen Hochschule Lausanne (<a href=\"https:\/\/www.epfl.ch\/de\/\">EPFL<\/a>) f\u00f6rdert multidisziplin\u00e4re Forschungsnetzwerke und -projekte im Bereich nachhaltiger Technologien, insbesondere im Transport, der Verteilung sowie der Speicherung von Energie. Das Centre suisse d&#8217;\u00e9lectronique et de microtechnique (<a href=\"https:\/\/www.csem.ch\/de\">CSEM<\/a>) ist auf verschiedene Technologien spezialisiert, darunter Photovoltaik. Mit diesen Forschungseinrichtungen und Kompetenzzentren haben Cleantech-Unternehmen in der Region Zugang zu einem gro\u00dfen Ma\u00df an Know-how und Ressourcen, um ihre innovativen Entwicklungen zu unterst\u00fctzen.<\/p>\n\n\n\n<h2 class=\"wp-block-heading\">Heimat zahlreicher Nachhaltigkeitsinitiativen<\/h2>\n\n\n\n<p>In der Schweiz gibt es eine Vielzahl von Nachhaltigkeitsinitiativen. Das <a data-type=\"URL\" data-id=\"https:\/\/www.sipbb.ch\/forschung\/swiss-battery-technology-center\/\" href=\"https:\/\/www.sipbb.ch\/forschung\/swiss-battery-technology-center\/\">Swiss Battery Technology Center<\/a> (SBTC) im Switzerland Innovation Park Biel\/Bienne (<a href=\"https:\/\/www.sipbb.ch\/\">SIPBB<\/a>) widmet sich der Entwicklung von L\u00f6sungen zur Reduzierung des CO2-Fu\u00dfabdrucks und zur Verbesserung des Lebenszyklus von Batterien der n\u00e4chsten Generation durch Wiederverwendung als Energiespeicher oder effizienteres Recycling. Im Auftrag des Bundesamtes f\u00fcr Energie (<a href=\"https:\/\/www.bfe.admin.ch\/bfe\/de\/home\/das-bfe\/bundesamt-fuer-energie.html\">BFE<\/a>) und des Staatssekretariats f\u00fcr Wirtschaft (<a href=\"https:\/\/www.seco.admin.ch\/seco\/de\/home.html\">SECO<\/a>) f\u00f6rdert die Schweiz ihre Exportwirtschaft im globalen Cleantech-Markt und unterst\u00fctzt Unternehmen aller Branchen dabei, Cleantech-Chancen im Ausland zu erkennen und zu nutzen. Weitere Informationen zu Nachhaltigkeitsinitiativen und -technologien in der Westschweiz finden Sie in <a href=\"https:\/\/ggba.swiss\/10-initiatives-and-technologies-for-sustainability-from-western-switzerland\/\">diesem Artikel<\/a>.<\/p>\n\n\n\n<h2 class=\"wp-block-heading\">Solar Impulse, ein Prototyp zur F\u00f6rderung von Cleantech<\/h2>\n\n\n\n<p>Bei dem <a href=\"https:\/\/solarimpulse.com\/startseite?changelang=de\">Projekt Solar Impulse<\/a> handelt es sich um eine innovative Initiative aus der Schweiz, die transformative Kraft sauberer Technologien verk\u00f6rpert. Konzipiert von den Schweizer Pionieren Bertrand Piccard und Andr\u00e9 Borschberg, soll das Solarflugzeug Solar Impulse in der Lage sein, ohne den Einsatz fossiler Brennstoffe Tag und Nacht zu fliegen. Ziel des Projekts ist es, die Nutzung erneuerbarer Energiequellen zu f\u00f6rdern und die Entwicklung neuer L\u00f6sungen f\u00fcr Umweltprobleme anzusto\u00dfen. Mit der weltweit ersten vollst\u00e4ndigen Umrundung der Erde ausschlie\u00dflich mit Solarenergie hat Solar Impulse eindrucksvoll gezeigt, dass nachhaltige Technologien das Potenzial haben, die Art und Weise, wie wir unsere Welt mit Energie versorgen, zu revolutionieren.<\/p>\n<\/div>\n\n\n\n<div class=\"wp-block-column is-layout-flow wp-block-column-is-layout-flow\" style=\"flex-basis:33.33%\"><div class=\"askAdvice\">\n <div class=\"relative\">\n   <h2>\n     Ratschl\u00e4ge einholen\n    <\/h2>\n   <p>Kontaktieren Sie unseren Experten<br \/>\r\nCleantech<\/p>\n   <div>\n     <a class=\"arrowedButton\" href=\"https:\/\/ggba.swiss\/en\/contact\/\">\n    <span>Kontakt<\/span>\n    <svg width=\"26\" height=\"26\" viewBox=\"0 0 26 26\" fill=\"none\" xmlns=\"http:\/\/www.w3.org\/2000\/svg\">\n      <path d=\"M16.25 19.5C15.925 19.5 15.7083 19.3917 15.4917 19.175C15.0583 18.7417 15.0583 18.0917 15.4917 17.6583L20.9083 12.2417C21.3417 11.8083 21.9917 11.8083 22.425 12.2417C22.8583 12.675 22.8583 13.325 22.425 13.7583L17.0083 19.175C16.7917 19.3917 16.575 19.5 16.25 19.5Z\" fill=\"white\"\/>\n      <path d=\"M21.6667 14.0833C21.3417 14.0833 21.125 13.975 20.9083 13.7583L15.4917 8.34167C15.0583 7.90833 15.0583 7.25833 15.4917 6.825C15.925 6.39167 16.575 6.39167 17.0083 6.825L22.425 12.2417C22.8583 12.675 22.8583 13.325 22.425 13.7583C22.2083 13.975 21.9917 14.0833 21.6667 14.0833Z\" fill=\"white\"\/>\n      <path d=\"M21.6667 14.0833H4.33333C3.68333 14.0833 3.25 13.65 3.25 13C3.25 12.35 3.68333 11.9167 4.33333 11.9167H21.6667C22.3167 11.9167 22.75 12.35 22.75 13C22.75 13.65 22.3167 14.0833 21.6667 14.0833Z\" fill=\"white\"\/>\n    <\/svg>    \n  <\/a>    <\/div>\n  <\/div>\n<\/div>\n\n\n\n<div class=\"keyNumbers\">\n  <h2 class=\"keyNumbers__title\">\n    Kennzahlen\n   <\/h2>\n    <div class=\"keyNumbers__item\">\n    <strong class=\"keyNumbers__numbers\">211,000<\/strong><br>\n    <span class=\"keyNumbers__descr\">Arbeitnehmer<\/span>\n  <\/div>\n    <div class=\"keyNumbers__item\">\n    <strong class=\"keyNumbers__numbers\">30,8<\/strong><br>\n    <span class=\"keyNumbers__descr\">Millionen Wertsch\u00f6pfung<\/span>\n  <\/div>\n    <div class=\"keyNumbers__item\">\n    <strong class=\"keyNumbers__numbers\">4,5%<\/strong><br>\n    <span class=\"keyNumbers__descr\">BIP<\/span>\n  <\/div>\n    <div class=\"keyNumbers__item\">\n    <strong class=\"keyNumbers__numbers\">682<\/strong><br>\n    <span class=\"keyNumbers__descr\">Wasserkraftwerke<\/span>\n  <\/div>\n    <div class=\"keyNumbers__item\">\n    <strong class=\"keyNumbers__numbers\">300+<\/strong><br>\n    <span class=\"keyNumbers__descr\">KMUs und Start-ups<\/span>\n  <\/div>\n    <div class=\"keyNumbers__sources\"><\/div>\n<\/div>\n<\/div>\n<\/div>\n\n\n\n\n\n\n<div class=\"ContactUs\">\n    <div class=\"container-lg p-0\">\n        <div class=\"row\">\n            <div class=\"col-12 col-md-6 col-lg-4\">\n                <h2 class=\"contactUs__title\">\n                     Beratung anfordern\n                <\/h2>\n            <\/div>\n        <\/div>\n        <div class=\"ContactUs__container row\">\n            <div class=\"contactUs__text\">\n                <div class=\"contactUs__textDescr\"><p>Die GGBa kann sich auf ein globales Netzwerk von Fachleuten st\u00fctzen, die Ihnen bei Ihrer erfolgreichen Gesch\u00e4ftsaufnahme in der Schweiz zur Seite stehen. Nehmen Sie Kontakt mit uns auf, um Ihre Pl\u00e4ne und Ideen zu besprechen. Unsere Leistungen sind individuell auf Sie zugeschnitten, kostenlos und vertraulich.<\/p>\n<p>Sie ben\u00f6tigen eine individuelle Beratung? Unsere Vertreter befinden sich auf der ganzen Welt.<\/p>\n<\/div>\n                <div class=\"contactUs__btn\">\n                    <a class=\"arrowedButton\" href=\"https:\/\/ggba.swiss\/en\/contact\/\">\n    <span>Kontakt<\/span>\n    <svg width=\"26\" height=\"26\" viewBox=\"0 0 26 26\" fill=\"none\" xmlns=\"http:\/\/www.w3.org\/2000\/svg\">\n      <path d=\"M16.25 19.5C15.925 19.5 15.7083 19.3917 15.4917 19.175C15.0583 18.7417 15.0583 18.0917 15.4917 17.6583L20.9083 12.2417C21.3417 11.8083 21.9917 11.8083 22.425 12.2417C22.8583 12.675 22.8583 13.325 22.425 13.7583L17.0083 19.175C16.7917 19.3917 16.575 19.5 16.25 19.5Z\" fill=\"white\"\/>\n      <path d=\"M21.6667 14.0833C21.3417 14.0833 21.125 13.975 20.9083 13.7583L15.4917 8.34167C15.0583 7.90833 15.0583 7.25833 15.4917 6.825C15.925 6.39167 16.575 6.39167 17.0083 6.825L22.425 12.2417C22.8583 12.675 22.8583 13.325 22.425 13.7583C22.2083 13.975 21.9917 14.0833 21.6667 14.0833Z\" fill=\"white\"\/>\n      <path d=\"M21.6667 14.0833H4.33333C3.68333 14.0833 3.25 13.65 3.25 13C3.25 12.35 3.68333 11.9167 4.33333 11.9167H21.6667C22.3167 11.9167 22.75 12.35 22.75 13C22.75 13.65 22.3167 14.0833 21.6667 14.0833Z\" fill=\"white\"\/>\n    <\/svg>    \n  <\/a>                <\/div>\n            <\/div>\n        <\/div>\n                    <div class=\"contactUs__image offset-lg-6 col-lg-6 col-12\">\n                <img loading=\"lazy\" decoding=\"async\" width=\"2560\" height=\"1075\" src=\"https:\/\/ggba.swiss\/app\/uploads\/2023\/06\/contact-scaled.jpg\" class=\"attachment-full size-full\" alt=\"\" srcset=\"https:\/\/ggba.swiss\/app\/uploads\/2023\/06\/contact-scaled.jpg 2560w, https:\/\/ggba.swiss\/app\/uploads\/2023\/06\/contact-300x126.jpg 300w, https:\/\/ggba.swiss\/app\/uploads\/2023\/06\/contact-1024x430.jpg 1024w, https:\/\/ggba.swiss\/app\/uploads\/2023\/06\/contact-768x322.jpg 768w, https:\/\/ggba.swiss\/app\/uploads\/2023\/06\/contact-1536x645.jpg 1536w, https:\/\/ggba.swiss\/app\/uploads\/2023\/06\/contact-2048x860.jpg 2048w\" sizes=\"auto, (max-width: 2560px) 100vw, 2560px\" \/>\n            <\/div>\n            <\/div>\n<\/div>\n","protected":false},"excerpt":{"rendered":"<p>Netzwerk und Expertise Bei der Westschweiz handelt es sich um ein bl\u00fchendes \u00d6kosystem f\u00fcr Innovation und Unternehmertum, das zahlreiche Ressourcen zur Unterst\u00fctzung der Entwicklung von Spitzenprodukten und -dienstleistungen im Bereich der Energie- und Umwelttechnologien bietet. Die Region beherbergt eine Vielzahl von Gr\u00fcnderzentren, Technologieparks und Kompetenzzentren, die alle \u00fcber hochmoderne Infrastrukturen zur F\u00f6rderung von Innovation und [&hellip;]<\/p>\n","protected":false},"author":1,"featured_media":2055,"parent":48,"menu_order":50,"comment_status":"closed","ping_status":"closed","template":"","meta":{"_acf_changed":false,"inline_featured_image":false,"footnotes":""},"class_list":["post-1596","page","type-page","status-publish","has-post-thumbnail","hentry"],"acf":[],"yoast_head":"<!-- This site is optimized with the Yoast SEO plugin v27.2 - https:\/\/yoast.com\/product\/yoast-seo-wordpress\/ -->\n<title>Cleantech in der Westschweiz | GGBa<\/title>\n<meta name=\"description\" content=\"Von erneuerbaren Energien bis zu innovativen Nachhaltigkeitsprojekten, entdecken Sie die Vorreiterrolle der Schweiz im Bereich Cleantech.\" \/>\n<meta name=\"robots\" content=\"index, follow, max-snippet:-1, max-image-preview:large, max-video-preview:-1\" \/>\n<link rel=\"canonical\" href=\"https:\/\/ggba.swiss\/de\/zentrale-wirtschaftszweige\/cleantech\/\" \/>\n<meta property=\"og:locale\" content=\"de_DE\" \/>\n<meta property=\"og:type\" content=\"article\" \/>\n<meta property=\"og:title\" content=\"Cleantech in der Westschweiz | GGBa\" \/>\n<meta property=\"og:description\" content=\"Von erneuerbaren Energien bis zu innovativen Nachhaltigkeitsprojekten, entdecken Sie die Vorreiterrolle der Schweiz im Bereich Cleantech.\" \/>\n<meta property=\"og:url\" content=\"https:\/\/ggba.swiss\/de\/zentrale-wirtschaftszweige\/cleantech\/\" \/>\n<meta property=\"og:site_name\" content=\"Greater Geneva Bern area\" \/>\n<meta property=\"article:modified_time\" content=\"2025-01-15T09:07:15+00:00\" \/>\n<meta property=\"og:image\" content=\"https:\/\/ggba.swiss\/app\/uploads\/2023\/06\/cleantech-sm.jpg\" \/>\n\t<meta property=\"og:image:width\" content=\"1500\" \/>\n\t<meta property=\"og:image:height\" content=\"1000\" \/>\n\t<meta property=\"og:image:type\" content=\"image\/jpeg\" \/>\n<meta name=\"twitter:card\" content=\"summary_large_image\" \/>\n<meta name=\"twitter:label1\" content=\"Gesch\u00e4tzte Lesezeit\" \/>\n\t<meta name=\"twitter:data1\" content=\"3 minutes\" \/>\n<script type=\"application\/ld+json\" class=\"yoast-schema-graph\">{\"@context\":\"https:\/\/schema.org\",\"@graph\":[{\"@type\":\"WebPage\",\"@id\":\"https:\/\/ggba.swiss\/de\/zentrale-wirtschaftszweige\/cleantech\/\",\"url\":\"https:\/\/ggba.swiss\/de\/zentrale-wirtschaftszweige\/cleantech\/\",\"name\":\"Cleantech in der Westschweiz | GGBa\",\"isPartOf\":{\"@id\":\"https:\/\/staging.ggba.swiss\/en\/#website\"},\"primaryImageOfPage\":{\"@id\":\"https:\/\/ggba.swiss\/de\/zentrale-wirtschaftszweige\/cleantech\/#primaryimage\"},\"image\":{\"@id\":\"https:\/\/ggba.swiss\/de\/zentrale-wirtschaftszweige\/cleantech\/#primaryimage\"},\"thumbnailUrl\":\"https:\/\/ggba.swiss\/app\/uploads\/2023\/06\/cleantech-sm.jpg\",\"datePublished\":\"2023-03-29T12:11:44+00:00\",\"dateModified\":\"2025-01-15T09:07:15+00:00\",\"description\":\"Von erneuerbaren Energien bis zu innovativen Nachhaltigkeitsprojekten, entdecken Sie die Vorreiterrolle der Schweiz im Bereich Cleantech.\",\"breadcrumb\":{\"@id\":\"https:\/\/ggba.swiss\/de\/zentrale-wirtschaftszweige\/cleantech\/#breadcrumb\"},\"inLanguage\":\"de-DE\",\"potentialAction\":[{\"@type\":\"ReadAction\",\"target\":[\"https:\/\/ggba.swiss\/de\/zentrale-wirtschaftszweige\/cleantech\/\"]}]},{\"@type\":\"ImageObject\",\"inLanguage\":\"de-DE\",\"@id\":\"https:\/\/ggba.swiss\/de\/zentrale-wirtschaftszweige\/cleantech\/#primaryimage\",\"url\":\"https:\/\/ggba.swiss\/app\/uploads\/2023\/06\/cleantech-sm.jpg\",\"contentUrl\":\"https:\/\/ggba.swiss\/app\/uploads\/2023\/06\/cleantech-sm.jpg\",\"width\":1500,\"height\":1000},{\"@type\":\"BreadcrumbList\",\"@id\":\"https:\/\/ggba.swiss\/de\/zentrale-wirtschaftszweige\/cleantech\/#breadcrumb\",\"itemListElement\":[{\"@type\":\"ListItem\",\"position\":1,\"name\":\"Home\",\"item\":\"https:\/\/ggba.swiss\/de\/\"},{\"@type\":\"ListItem\",\"position\":2,\"name\":\"Zentrale Wirtschaftszweige\",\"item\":\"https:\/\/ggba.swiss\/de\/zentrale-wirtschaftszweige\/\"},{\"@type\":\"ListItem\",\"position\":3,\"name\":\"Cleantech\"}]},{\"@type\":\"WebSite\",\"@id\":\"https:\/\/staging.ggba.swiss\/en\/#website\",\"url\":\"https:\/\/staging.ggba.swiss\/en\/\",\"name\":\"Greater Geneva Bern area\",\"description\":\"\",\"potentialAction\":[{\"@type\":\"SearchAction\",\"target\":{\"@type\":\"EntryPoint\",\"urlTemplate\":\"https:\/\/staging.ggba.swiss\/en\/?s={search_term_string}\"},\"query-input\":{\"@type\":\"PropertyValueSpecification\",\"valueRequired\":true,\"valueName\":\"search_term_string\"}}],\"inLanguage\":\"de-DE\"}]}<\/script>\n<!-- \/ Yoast SEO plugin. -->","yoast_head_json":{"title":"Cleantech in der Westschweiz | GGBa","description":"Von erneuerbaren Energien bis zu innovativen Nachhaltigkeitsprojekten, entdecken Sie die Vorreiterrolle der Schweiz im Bereich Cleantech.","robots":{"index":"index","follow":"follow","max-snippet":"max-snippet:-1","max-image-preview":"max-image-preview:large","max-video-preview":"max-video-preview:-1"},"canonical":"https:\/\/ggba.swiss\/de\/zentrale-wirtschaftszweige\/cleantech\/","og_locale":"de_DE","og_type":"article","og_title":"Cleantech in der Westschweiz | GGBa","og_description":"Von erneuerbaren Energien bis zu innovativen Nachhaltigkeitsprojekten, entdecken Sie die Vorreiterrolle der Schweiz im Bereich Cleantech.","og_url":"https:\/\/ggba.swiss\/de\/zentrale-wirtschaftszweige\/cleantech\/","og_site_name":"Greater Geneva Bern area","article_modified_time":"2025-01-15T09:07:15+00:00","og_image":[{"width":1500,"height":1000,"url":"https:\/\/ggba.swiss\/app\/uploads\/2023\/06\/cleantech-sm.jpg","type":"image\/jpeg"}],"twitter_card":"summary_large_image","twitter_misc":{"Gesch\u00e4tzte Lesezeit":"3 minutes"},"schema":{"@context":"https:\/\/schema.org","@graph":[{"@type":"WebPage","@id":"https:\/\/ggba.swiss\/de\/zentrale-wirtschaftszweige\/cleantech\/","url":"https:\/\/ggba.swiss\/de\/zentrale-wirtschaftszweige\/cleantech\/","name":"Cleantech in der Westschweiz | GGBa","isPartOf":{"@id":"https:\/\/staging.ggba.swiss\/en\/#website"},"primaryImageOfPage":{"@id":"https:\/\/ggba.swiss\/de\/zentrale-wirtschaftszweige\/cleantech\/#primaryimage"},"image":{"@id":"https:\/\/ggba.swiss\/de\/zentrale-wirtschaftszweige\/cleantech\/#primaryimage"},"thumbnailUrl":"https:\/\/ggba.swiss\/app\/uploads\/2023\/06\/cleantech-sm.jpg","datePublished":"2023-03-29T12:11:44+00:00","dateModified":"2025-01-15T09:07:15+00:00","description":"Von erneuerbaren Energien bis zu innovativen Nachhaltigkeitsprojekten, entdecken Sie die Vorreiterrolle der Schweiz im Bereich Cleantech.","breadcrumb":{"@id":"https:\/\/ggba.swiss\/de\/zentrale-wirtschaftszweige\/cleantech\/#breadcrumb"},"inLanguage":"de-DE","potentialAction":[{"@type":"ReadAction","target":["https:\/\/ggba.swiss\/de\/zentrale-wirtschaftszweige\/cleantech\/"]}]},{"@type":"ImageObject","inLanguage":"de-DE","@id":"https:\/\/ggba.swiss\/de\/zentrale-wirtschaftszweige\/cleantech\/#primaryimage","url":"https:\/\/ggba.swiss\/app\/uploads\/2023\/06\/cleantech-sm.jpg","contentUrl":"https:\/\/ggba.swiss\/app\/uploads\/2023\/06\/cleantech-sm.jpg","width":1500,"height":1000},{"@type":"BreadcrumbList","@id":"https:\/\/ggba.swiss\/de\/zentrale-wirtschaftszweige\/cleantech\/#breadcrumb","itemListElement":[{"@type":"ListItem","position":1,"name":"Home","item":"https:\/\/ggba.swiss\/de\/"},{"@type":"ListItem","position":2,"name":"Zentrale Wirtschaftszweige","item":"https:\/\/ggba.swiss\/de\/zentrale-wirtschaftszweige\/"},{"@type":"ListItem","position":3,"name":"Cleantech"}]},{"@type":"WebSite","@id":"https:\/\/staging.ggba.swiss\/en\/#website","url":"https:\/\/staging.ggba.swiss\/en\/","name":"Greater Geneva Bern area","description":"","potentialAction":[{"@type":"SearchAction","target":{"@type":"EntryPoint","urlTemplate":"https:\/\/staging.ggba.swiss\/en\/?s={search_term_string}"},"query-input":{"@type":"PropertyValueSpecification","valueRequired":true,"valueName":"search_term_string"}}],"inLanguage":"de-DE"}]}},"_links":{"self":[{"href":"https:\/\/ggba.swiss\/de\/wp-json\/wp\/v2\/pages\/1596","targetHints":{"allow":["GET"]}}],"collection":[{"href":"https:\/\/ggba.swiss\/de\/wp-json\/wp\/v2\/pages"}],"about":[{"href":"https:\/\/ggba.swiss\/de\/wp-json\/wp\/v2\/types\/page"}],"author":[{"embeddable":true,"href":"https:\/\/ggba.swiss\/de\/wp-json\/wp\/v2\/users\/1"}],"replies":[{"embeddable":true,"href":"https:\/\/ggba.swiss\/de\/wp-json\/wp\/v2\/comments?post=1596"}],"version-history":[{"count":16,"href":"https:\/\/ggba.swiss\/de\/wp-json\/wp\/v2\/pages\/1596\/revisions"}],"predecessor-version":[{"id":30142,"href":"https:\/\/ggba.swiss\/de\/wp-json\/wp\/v2\/pages\/1596\/revisions\/30142"}],"up":[{"embeddable":true,"href":"https:\/\/ggba.swiss\/de\/wp-json\/wp\/v2\/pages\/48"}],"wp:featuredmedia":[{"embeddable":true,"href":"https:\/\/ggba.swiss\/de\/wp-json\/wp\/v2\/media\/2055"}],"wp:attachment":[{"href":"https:\/\/ggba.swiss\/de\/wp-json\/wp\/v2\/media?parent=1596"}],"curies":[{"name":"wp","href":"https:\/\/api.w.org\/{rel}","templated":true}]}}