{"id":24686,"date":"2024-06-11T09:33:08","date_gmt":"2024-06-11T07:33:08","guid":{"rendered":"https:\/\/ggba.swiss\/zentrale-wirtschaftszweige\/banque-finance-et-trading\/"},"modified":"2026-03-17T10:14:32","modified_gmt":"2026-03-17T09:14:32","slug":"banking-finanzen-und-handel","status":"publish","type":"page","link":"https:\/\/ggba.swiss\/de\/zentrale-wirtschaftszweige\/banking-finanzen-und-handel\/","title":{"rendered":"Banking, Finanzen und Handel"},"content":{"rendered":"\n<div class=\"wp-block-columns is-layout-flex wp-container-core-columns-is-layout-9d6595d7 wp-block-columns-is-layout-flex\">\n<div class=\"wp-block-column ClustersGuntenbergBlockAdjust is-layout-flow wp-block-column-is-layout-flow\" style=\"flex-basis:66.66%\"><div class=\"intro\">\n  <p>Die Westschweiz ist eine weltweit f\u00fchrende Banken- und Finanzregion, die f\u00fcr ihre Stabilit\u00e4t, Innovation und Wettbewerbsf\u00e4higkeit bekannt ist. Dank eines soliden regulatorischen Rahmens, hoch qualifizierter Arbeitskr\u00e4fte und ihres Engagements f\u00fcr eine nachhaltige Entwicklung bietet die Region ein aussergew\u00f6hnliches Umfeld f\u00fcr Finanzdienstleistungen.<\/p>\n\n<\/div>\n\n\n\n\n<h2 class=\"wp-block-heading\">Stabilit\u00e4t und Innovation aus Tradition<\/h2>\n\n\n\n<p>Der Schweizer Finanzsektor zeichnet sich durch eine bemerkenswerte Stabilit\u00e4t und Widerstandsf\u00e4higkeit aus. Mit einem <a href=\"https:\/\/www.fitchratings.com\/research\/sovereigns\/fitch-affirms-switzerland-at-aaa-outlook-stable-26-04-2024#:~:text=Strong%20Credit%20Fundamentals%3A%20Switzerland's%20'AAA,status%20of%20the%20Swiss%20franc.\">AAA-Rating<\/a> f\u00fcr die Staatsfinanzen, einer tiefen Staatsverschuldung und einem politisch stabilen Umfeld bietet das Land eine sichere Basis f\u00fcr Finanzgesch\u00e4fte. Die Schweiz belegt regelm\u00e4ssig <a href=\"https:\/\/www.sfi.ch\/resources\/public\/dtc\/media\/gfrtci_20250527_en.pdf\">Spitzenpl\u00e4tze in den weltweiten Ranglisten<\/a> f\u00fcr Finanzregulierung, Transparenz und Compliance und beweist damit ihre F\u00fchrungsrolle bei der Aufrechterhaltung robuster und transparenter Finanzm\u00e4rkte. Organisationen wie die <a href=\"https:\/\/www.geneve-finance.ch\/en-ch\/index.cfm\">Fondation Gen\u00e8ve Place Financi\u00e8re<\/a> spielen eine entscheidende Rolle bei der Aufrechterhaltung dieser hohen Standards und der F\u00f6rderung der Schweiz als globales Finanzzentrum.<\/p>\n\n\n\n<h2 class=\"wp-block-heading\">Ein globaler Hub f\u00fcr den Rohstoffhandel<\/h2>\n\n\n\n<p>Die Westschweiz z\u00e4hlt zu den weltweit f\u00fchrenden Zentren des Rohstoffhandels und beherbergt mehr als 500 Unternehmen, die in den Bereichen Energie, Metalle und Agrarrohstoffe t\u00e4tig sind. Dieses \u00d6kosystem wird von einem umfassenden Netzwerk an Dienstleistungen in den Bereichen Trade Finance, Schifffahrt, Inspektionen, Risikomanagement und Compliance unterst\u00fctzt. Bedeutende Handelsh\u00e4user wie Vitol, Trafigura, Mercuria, Gunvor, Cargill International und Louis Dreyfus Company haben in der Region umfangreiche Aktivit\u00e4ten aufgebaut und tragen so zu ihrer Rolle als global bedeutender Standort bei. Diese Konzentration von Fachkompetenz wird durch international anerkannte Institutionen und Branchenorganisationen verst\u00e4rkt, darunter <a href=\"https:\/\/suissenegoce.ch\/\">SUISSEN\u00c9GOCE<\/a>, der nationale Verband, der \u00fcber 190 im Rohstoffhandel und im maritimen Transport t\u00e4tige Unternehmen vertritt. Mit der <a href=\"https:\/\/suissenegoce.ch\/education\/\">SUISSEN\u00c9GOCE Academy<\/a> sowie seiner Arbeit in den Bereichen Branchenpolitik, Ausbildung und Best Practices spielt der Verband eine zentrale Rolle bei der Talentf\u00f6rderung und bei der St\u00e4rkung der Position der Schweiz im globalen Handel.<\/p>\n\n\n\n<p>Akademische Partner wie die <a href=\"https:\/\/genevatradeplatform.org\/\">Geneva Trade Platform<\/a> und der Commodity Trading Master der Universit\u00e4t Genf tragen ebenfalls dazu bei, ein dichtes und widerstandsf\u00e4higes Umfeld zu schaffen, das die Westschweiz zu einem strategischen Standort f\u00fcr international t\u00e4tige Rohstoffhandelsunternehmen macht.<\/p>\n\n\n\n<h2 class=\"wp-block-heading\">F\u00fchrend in Finanztechnologie und Innovation<\/h2>\n\n\n\n<p>Die Schweiz ist f\u00fchrend in den Bereichen Finanztechnologie (Fintech) und Innovation. Das Land verf\u00fcgt \u00fcber ein florierendes Fintech-\u00d6kosystem, das durch einen modernen und innovativen Regulierungsrahmen unterst\u00fctzt wird und das Wachstum von rund 350 Start-ups in diesem Bereich f\u00f6rdert. Die Westschweiz mit Genf als wichtigstem Finanzzentrum ist einer der wichtigsten Finanzpl\u00e4tze Europas. Diese Position spiegelt die fortschrittliche technologische Infrastruktur der Region und ihr Engagement f\u00fcr die F\u00f6rderung von Innovationen im Finanzsektor wider. Der globale Ansatz des Landes stellt sicher, dass Fintech-Innovationen gleichm\u00e4\u00dfig verteilt sind, was zum Ruf der Schweiz als weltweit f\u00fchrendes Finanzdienstleistungsland beitr\u00e4gt.<\/p>\n\n\n\n<h2 class=\"wp-block-heading\">Web3 und die digitale Transformation<\/h2>\n\n\n\n<p>Die Schweiz hat Web3-Technologien eingef\u00fchrt und sich damit als Vorreiter bei der Einf\u00fchrung von Blockchain und dezentralisierten Finanzsystemen (DeFi) positioniert. Schweizer Banken und Finanzbeh\u00f6rden integrieren aktiv Web3-L\u00f6sungen, um die Transparenz, Sicherheit und Effizienz von Finanztransaktionen zu verbessern. Dieser zukunftsorientierte Ansatz stellt sicher, dass die Schweiz bei der digitalen Transformation des Finanzsektors an vorderster Front bleibt.<\/p>\n\n\n\n<h2 class=\"wp-block-heading\">Umfassende Finanzdienstleistungen<\/h2>\n\n\n\n<p>Die Schweiz verf\u00fcgt \u00fcber einen diversifizierten und umfassenden Finanzdienstleistungssektor. Mit 250 Banken, von denen 97 aus dem Ausland stammen, und 200 Versicherungsgesellschaften bietet das Land eine breite Palette von Finanzprodukten und -dienstleistungen an. Der Sektor besch\u00e4ftigt rund 206\u2019000 hochqualifizierte Fachkr\u00e4fte und tr\u00e4gt 9,2% zum BIP des Landes bei. Schweizer Banken sind besonders erfolgreich in der Handelsfinanzierung und der Schweizer Franken ist die sechstmeistgehandelte W\u00e4hrung der Welt.<\/p>\n\n\n\n<h2 class=\"wp-block-heading\">Nachhaltiges Finanzwesen<\/h2>\n\n\n\n<p>Die Schweiz hat eine lange Tradition im Bereich des nachhaltigen Finanzwesens und investiert j\u00e4hrlich <a href=\"https:\/\/www.sustainablefinance.ch\/en\/our-activities\/ssf-publications\/swiss-sustainable-investment-market-study-2020.html\">CHF 1&#8217;000 Milliarden in nachhaltige Projekte<\/a>. Die Schweiz belegt regelm\u00e4ssig Spitzenpl\u00e4tze im <a href=\"https:\/\/www.longfinance.net\/programmes\/financial-centre-futures\/global-green-finance-index\/\">Global Green Financial Index<\/a>, was ihr Engagement f\u00fcr den Einbezug von Umwelt-, Sozial- und Governance-Kriterien (ESG) in die finanzielle Entscheidungsfindung widerspiegelt. Die Schweiz verf\u00fcgt \u00fcber mehr als 30 Jahre Erfahrung im Bereich des nachhaltigen Finanzwesens.<\/p>\n\n\n\n<h2 class=\"wp-block-heading\">Strategische Lage und Ausbildung<\/h2>\n\n\n\n<p>Die strategische Lage der Westschweiz im Herzen Europas macht sie zu einer idealen Drehscheibe f\u00fcr Finanzdienstleistungen. Sie bietet eine optimale Zeitzone f\u00fcr die Abwicklung von Gesch\u00e4ften zwischen dem amerikanischen Kontinent und dem asiatisch-pazifischen Raum. Dar\u00fcber hinaus sind in der Region f\u00fchrende Universit\u00e4ten wie die <a href=\"https:\/\/www.epfl.ch\/de\/\">EPFL<\/a>, <a href=\"https:\/\/www.creageneve.com\/\">CREA<\/a> und <a href=\"https:\/\/unige.ch\/\">UNIGE<\/a> angesiedelt, die dem Finanzsektor einen kontinuierlichen Nachschub an hochqualifizierten Fachkr\u00e4ften sichern.<\/p>\n<\/div>\n\n\n\n<div class=\"wp-block-column is-layout-flow wp-block-column-is-layout-flow\" style=\"flex-basis:33.33%\"><div class=\"askAdvice\">\n <div class=\"relative\">\n   <h2>\n     Ratschl\u00e4ge einholen\n    <\/h2>\n   <p>Kontaktieren Sie unseren Experten<br \/>\r\nBanking, Finanzen und Trading<\/p>\n   <div>\n     <a class=\"arrowedButton\" href=\"https:\/\/ggba.swiss\/en\/contact\/\">\n    <span>Kontakt<\/span>\n    <svg width=\"26\" height=\"26\" viewBox=\"0 0 26 26\" fill=\"none\" xmlns=\"http:\/\/www.w3.org\/2000\/svg\">\n      <path d=\"M16.25 19.5C15.925 19.5 15.7083 19.3917 15.4917 19.175C15.0583 18.7417 15.0583 18.0917 15.4917 17.6583L20.9083 12.2417C21.3417 11.8083 21.9917 11.8083 22.425 12.2417C22.8583 12.675 22.8583 13.325 22.425 13.7583L17.0083 19.175C16.7917 19.3917 16.575 19.5 16.25 19.5Z\" fill=\"white\"\/>\n      <path d=\"M21.6667 14.0833C21.3417 14.0833 21.125 13.975 20.9083 13.7583L15.4917 8.34167C15.0583 7.90833 15.0583 7.25833 15.4917 6.825C15.925 6.39167 16.575 6.39167 17.0083 6.825L22.425 12.2417C22.8583 12.675 22.8583 13.325 22.425 13.7583C22.2083 13.975 21.9917 14.0833 21.6667 14.0833Z\" fill=\"white\"\/>\n      <path d=\"M21.6667 14.0833H4.33333C3.68333 14.0833 3.25 13.65 3.25 13C3.25 12.35 3.68333 11.9167 4.33333 11.9167H21.6667C22.3167 11.9167 22.75 12.35 22.75 13C22.75 13.65 22.3167 14.0833 21.6667 14.0833Z\" fill=\"white\"\/>\n    <\/svg>    \n  <\/a>    <\/div>\n  <\/div>\n<\/div>\n\n\n\n<div class=\"keyNumbers\">\n  <h2 class=\"keyNumbers__title\">\n    Kennzahlen\n   <\/h2>\n    <div class=\"keyNumbers__item\">\n    <strong class=\"keyNumbers__numbers\">CHF 1&#039;000<\/strong><br>\n    <span class=\"keyNumbers__descr\">Milliarden nachhaltige Anlagen<\/span>\n  <\/div>\n    <div class=\"keyNumbers__item\">\n    <strong class=\"keyNumbers__numbers\">250<\/strong><br>\n    <span class=\"keyNumbers__descr\">Banken, davon 97 ausl\u00e4ndische<\/span>\n  <\/div>\n    <div class=\"keyNumbers__item\">\n    <strong class=\"keyNumbers__numbers\">206,000<\/strong><br>\n    <span class=\"keyNumbers__descr\">hoch qualifizierte Mitarbeitende<\/span>\n  <\/div>\n    <div class=\"keyNumbers__item\">\n    <strong class=\"keyNumbers__numbers\">200<\/strong><br>\n    <span class=\"keyNumbers__descr\">Versicherungen<\/span>\n  <\/div>\n    <div class=\"keyNumbers__item\">\n    <strong class=\"keyNumbers__numbers\">200<\/strong><br>\n    <span class=\"keyNumbers__descr\">FINMA-zertifizierte Verm\u00f6gensverwalter<\/span>\n  <\/div>\n    <div class=\"keyNumbers__item\">\n    <strong class=\"keyNumbers__numbers\">9,2%<\/strong><br>\n    <span class=\"keyNumbers__descr\">des Schweizer BIP stammen aus dem Finanzsektor<\/span>\n  <\/div>\n    <div class=\"keyNumbers__sources\"><\/div>\n<\/div>\n<\/div>\n<\/div>\n\n\n\n\n<div class=\"ContactUs\">\n    <div class=\"container-lg p-0\">\n        <div class=\"row\">\n            <div class=\"col-12 col-md-6 col-lg-4\">\n                <h2 class=\"contactUs__title\">\n                     Beratung anfordern\n                <\/h2>\n            <\/div>\n        <\/div>\n        <div class=\"ContactUs__container row\">\n            <div class=\"contactUs__text\">\n                <div class=\"contactUs__textDescr\"><p>Die GGBa kann sich auf ein globales Netzwerk von Fachleuten st\u00fctzen, die Ihnen bei Ihrer erfolgreichen Gesch\u00e4ftsaufnahme in der Schweiz zur Seite stehen. Nehmen Sie Kontakt mit uns auf, um Ihre Pl\u00e4ne und Ideen zu besprechen. Unsere Leistungen sind individuell auf Sie zugeschnitten, kostenlos und vertraulich.<\/p>\n<p>Sie ben\u00f6tigen eine individuelle Beratung? Unsere Vertreter befinden sich auf der ganzen Welt.<\/p>\n<\/div>\n                <div class=\"contactUs__btn\">\n                    <a class=\"arrowedButton\" href=\"https:\/\/ggba.swiss\/en\/contact\/\">\n    <span>Kontakt<\/span>\n    <svg width=\"26\" height=\"26\" viewBox=\"0 0 26 26\" fill=\"none\" xmlns=\"http:\/\/www.w3.org\/2000\/svg\">\n      <path d=\"M16.25 19.5C15.925 19.5 15.7083 19.3917 15.4917 19.175C15.0583 18.7417 15.0583 18.0917 15.4917 17.6583L20.9083 12.2417C21.3417 11.8083 21.9917 11.8083 22.425 12.2417C22.8583 12.675 22.8583 13.325 22.425 13.7583L17.0083 19.175C16.7917 19.3917 16.575 19.5 16.25 19.5Z\" fill=\"white\"\/>\n      <path d=\"M21.6667 14.0833C21.3417 14.0833 21.125 13.975 20.9083 13.7583L15.4917 8.34167C15.0583 7.90833 15.0583 7.25833 15.4917 6.825C15.925 6.39167 16.575 6.39167 17.0083 6.825L22.425 12.2417C22.8583 12.675 22.8583 13.325 22.425 13.7583C22.2083 13.975 21.9917 14.0833 21.6667 14.0833Z\" fill=\"white\"\/>\n      <path d=\"M21.6667 14.0833H4.33333C3.68333 14.0833 3.25 13.65 3.25 13C3.25 12.35 3.68333 11.9167 4.33333 11.9167H21.6667C22.3167 11.9167 22.75 12.35 22.75 13C22.75 13.65 22.3167 14.0833 21.6667 14.0833Z\" fill=\"white\"\/>\n    <\/svg>    \n  <\/a>                <\/div>\n            <\/div>\n        <\/div>\n                    <div class=\"contactUs__image offset-lg-6 col-lg-6 col-12\">\n                <img loading=\"lazy\" decoding=\"async\" width=\"2560\" height=\"1075\" src=\"https:\/\/ggba.swiss\/app\/uploads\/2023\/06\/contact-scaled.jpg\" class=\"attachment-full size-full\" alt=\"\" srcset=\"https:\/\/ggba.swiss\/app\/uploads\/2023\/06\/contact-scaled.jpg 2560w, https:\/\/ggba.swiss\/app\/uploads\/2023\/06\/contact-300x126.jpg 300w, https:\/\/ggba.swiss\/app\/uploads\/2023\/06\/contact-1024x430.jpg 1024w, https:\/\/ggba.swiss\/app\/uploads\/2023\/06\/contact-768x322.jpg 768w, https:\/\/ggba.swiss\/app\/uploads\/2023\/06\/contact-1536x645.jpg 1536w, https:\/\/ggba.swiss\/app\/uploads\/2023\/06\/contact-2048x860.jpg 2048w\" sizes=\"auto, (max-width: 2560px) 100vw, 2560px\" \/>\n            <\/div>\n            <\/div>\n<\/div>\n","protected":false},"excerpt":{"rendered":"<p>Stabilit\u00e4t und Innovation aus Tradition Der Schweizer Finanzsektor zeichnet sich durch eine bemerkenswerte Stabilit\u00e4t und Widerstandsf\u00e4higkeit aus. Mit einem AAA-Rating f\u00fcr die Staatsfinanzen, einer tiefen Staatsverschuldung und einem politisch stabilen Umfeld bietet das Land eine sichere Basis f\u00fcr Finanzgesch\u00e4fte. Die Schweiz belegt regelm\u00e4ssig Spitzenpl\u00e4tze in den weltweiten Ranglisten f\u00fcr Finanzregulierung, Transparenz und Compliance und beweist [&hellip;]<\/p>\n","protected":false},"author":6,"featured_media":24670,"parent":48,"menu_order":52,"comment_status":"closed","ping_status":"closed","template":"","meta":{"_acf_changed":false,"inline_featured_image":false,"footnotes":""},"class_list":["post-24686","page","type-page","status-publish","has-post-thumbnail","hentry"],"acf":[],"yoast_head":"<!-- This site is optimized with the Yoast SEO plugin v27.2 - https:\/\/yoast.com\/product\/yoast-seo-wordpress\/ -->\n<title>Banking, Finanzen und Handel | GGBa<\/title>\n<meta name=\"description\" content=\"Die Schweiz ist seit jeher eine f\u00fchrende Banken- und Finanzregion, die f\u00fcr ihre Stabilit\u00e4t, Innovation und Wettbewerbsf\u00e4higkeit bekannt ist.\" \/>\n<meta name=\"robots\" content=\"index, follow, max-snippet:-1, max-image-preview:large, max-video-preview:-1\" \/>\n<link rel=\"canonical\" href=\"https:\/\/ggba.swiss\/de\/zentrale-wirtschaftszweige\/banking-finanzen-und-handel\/\" \/>\n<meta property=\"og:locale\" content=\"de_DE\" \/>\n<meta property=\"og:type\" content=\"article\" \/>\n<meta property=\"og:title\" content=\"Banking, Finanzen und Handel | GGBa\" \/>\n<meta property=\"og:description\" content=\"Die Schweiz ist seit jeher eine f\u00fchrende Banken- und Finanzregion, die f\u00fcr ihre Stabilit\u00e4t, Innovation und Wettbewerbsf\u00e4higkeit bekannt ist.\" \/>\n<meta property=\"og:url\" content=\"https:\/\/ggba.swiss\/de\/zentrale-wirtschaftszweige\/banking-finanzen-und-handel\/\" \/>\n<meta property=\"og:site_name\" content=\"Greater Geneva Bern area\" \/>\n<meta property=\"article:modified_time\" content=\"2026-03-17T09:14:32+00:00\" \/>\n<meta property=\"og:image\" content=\"https:\/\/ggba.swiss\/app\/uploads\/2024\/06\/GGBa-Banking-Finance-Stocks-2360x1622-1-1024x704.jpeg\" \/>\n\t<meta property=\"og:image:width\" content=\"1024\" \/>\n\t<meta property=\"og:image:height\" content=\"704\" \/>\n\t<meta property=\"og:image:type\" content=\"image\/jpeg\" \/>\n<meta name=\"twitter:card\" content=\"summary_large_image\" \/>\n<meta name=\"twitter:label1\" content=\"Gesch\u00e4tzte Lesezeit\" \/>\n\t<meta name=\"twitter:data1\" content=\"3 minutes\" \/>\n<script type=\"application\/ld+json\" class=\"yoast-schema-graph\">{\"@context\":\"https:\/\/schema.org\",\"@graph\":[{\"@type\":\"WebPage\",\"@id\":\"https:\/\/ggba.swiss\/de\/zentrale-wirtschaftszweige\/banking-finanzen-und-handel\/\",\"url\":\"https:\/\/ggba.swiss\/de\/zentrale-wirtschaftszweige\/banking-finanzen-und-handel\/\",\"name\":\"Banking, Finanzen und Handel | GGBa\",\"isPartOf\":{\"@id\":\"https:\/\/staging.ggba.swiss\/en\/#website\"},\"primaryImageOfPage\":{\"@id\":\"https:\/\/ggba.swiss\/de\/zentrale-wirtschaftszweige\/banking-finanzen-und-handel\/#primaryimage\"},\"image\":{\"@id\":\"https:\/\/ggba.swiss\/de\/zentrale-wirtschaftszweige\/banking-finanzen-und-handel\/#primaryimage\"},\"thumbnailUrl\":\"https:\/\/ggba.swiss\/app\/uploads\/2024\/06\/GGBa-Banking-Finance-Stocks-2360x1622-1.jpeg\",\"datePublished\":\"2024-06-11T07:33:08+00:00\",\"dateModified\":\"2026-03-17T09:14:32+00:00\",\"description\":\"Die Schweiz ist seit jeher eine f\u00fchrende Banken- und Finanzregion, die f\u00fcr ihre Stabilit\u00e4t, Innovation und Wettbewerbsf\u00e4higkeit bekannt ist.\",\"breadcrumb\":{\"@id\":\"https:\/\/ggba.swiss\/de\/zentrale-wirtschaftszweige\/banking-finanzen-und-handel\/#breadcrumb\"},\"inLanguage\":\"de-DE\",\"potentialAction\":[{\"@type\":\"ReadAction\",\"target\":[\"https:\/\/ggba.swiss\/de\/zentrale-wirtschaftszweige\/banking-finanzen-und-handel\/\"]}]},{\"@type\":\"ImageObject\",\"inLanguage\":\"de-DE\",\"@id\":\"https:\/\/ggba.swiss\/de\/zentrale-wirtschaftszweige\/banking-finanzen-und-handel\/#primaryimage\",\"url\":\"https:\/\/ggba.swiss\/app\/uploads\/2024\/06\/GGBa-Banking-Finance-Stocks-2360x1622-1.jpeg\",\"contentUrl\":\"https:\/\/ggba.swiss\/app\/uploads\/2024\/06\/GGBa-Banking-Finance-Stocks-2360x1622-1.jpeg\",\"width\":2360,\"height\":1622,\"caption\":\"Die Westschweiz ist seit jeher eine weltweit f\u00fchrende Banken- und Finanzregion, die f\u00fcr ihre Stabilit\u00e4t, Innovation und Wettbewerbsf\u00e4higkeit bekannt ist. Dank eines soliden regulatorischen Rahmens, hoch qualifizierter Arbeitskr\u00e4fte und ihres Engagements f\u00fcr eine nachhaltige Entwicklung bietet die Region ein aussergew\u00f6hnliches Umfeld f\u00fcr Finanzdienstleistungen.\"},{\"@type\":\"BreadcrumbList\",\"@id\":\"https:\/\/ggba.swiss\/de\/zentrale-wirtschaftszweige\/banking-finanzen-und-handel\/#breadcrumb\",\"itemListElement\":[{\"@type\":\"ListItem\",\"position\":1,\"name\":\"Home\",\"item\":\"https:\/\/ggba.swiss\/de\/\"},{\"@type\":\"ListItem\",\"position\":2,\"name\":\"Zentrale Wirtschaftszweige\",\"item\":\"https:\/\/ggba.swiss\/de\/zentrale-wirtschaftszweige\/\"},{\"@type\":\"ListItem\",\"position\":3,\"name\":\"Banking, Finanzen und Handel\"}]},{\"@type\":\"WebSite\",\"@id\":\"https:\/\/staging.ggba.swiss\/en\/#website\",\"url\":\"https:\/\/staging.ggba.swiss\/en\/\",\"name\":\"Greater Geneva Bern area\",\"description\":\"\",\"potentialAction\":[{\"@type\":\"SearchAction\",\"target\":{\"@type\":\"EntryPoint\",\"urlTemplate\":\"https:\/\/staging.ggba.swiss\/en\/?s={search_term_string}\"},\"query-input\":{\"@type\":\"PropertyValueSpecification\",\"valueRequired\":true,\"valueName\":\"search_term_string\"}}],\"inLanguage\":\"de-DE\"}]}<\/script>\n<!-- \/ Yoast SEO plugin. -->","yoast_head_json":{"title":"Banking, Finanzen und Handel | GGBa","description":"Die Schweiz ist seit jeher eine f\u00fchrende Banken- und Finanzregion, die f\u00fcr ihre Stabilit\u00e4t, Innovation und Wettbewerbsf\u00e4higkeit bekannt ist.","robots":{"index":"index","follow":"follow","max-snippet":"max-snippet:-1","max-image-preview":"max-image-preview:large","max-video-preview":"max-video-preview:-1"},"canonical":"https:\/\/ggba.swiss\/de\/zentrale-wirtschaftszweige\/banking-finanzen-und-handel\/","og_locale":"de_DE","og_type":"article","og_title":"Banking, Finanzen und Handel | GGBa","og_description":"Die Schweiz ist seit jeher eine f\u00fchrende Banken- und Finanzregion, die f\u00fcr ihre Stabilit\u00e4t, Innovation und Wettbewerbsf\u00e4higkeit bekannt ist.","og_url":"https:\/\/ggba.swiss\/de\/zentrale-wirtschaftszweige\/banking-finanzen-und-handel\/","og_site_name":"Greater Geneva Bern area","article_modified_time":"2026-03-17T09:14:32+00:00","og_image":[{"width":1024,"height":704,"url":"https:\/\/ggba.swiss\/app\/uploads\/2024\/06\/GGBa-Banking-Finance-Stocks-2360x1622-1-1024x704.jpeg","type":"image\/jpeg"}],"twitter_card":"summary_large_image","twitter_misc":{"Gesch\u00e4tzte Lesezeit":"3 minutes"},"schema":{"@context":"https:\/\/schema.org","@graph":[{"@type":"WebPage","@id":"https:\/\/ggba.swiss\/de\/zentrale-wirtschaftszweige\/banking-finanzen-und-handel\/","url":"https:\/\/ggba.swiss\/de\/zentrale-wirtschaftszweige\/banking-finanzen-und-handel\/","name":"Banking, Finanzen und Handel | GGBa","isPartOf":{"@id":"https:\/\/staging.ggba.swiss\/en\/#website"},"primaryImageOfPage":{"@id":"https:\/\/ggba.swiss\/de\/zentrale-wirtschaftszweige\/banking-finanzen-und-handel\/#primaryimage"},"image":{"@id":"https:\/\/ggba.swiss\/de\/zentrale-wirtschaftszweige\/banking-finanzen-und-handel\/#primaryimage"},"thumbnailUrl":"https:\/\/ggba.swiss\/app\/uploads\/2024\/06\/GGBa-Banking-Finance-Stocks-2360x1622-1.jpeg","datePublished":"2024-06-11T07:33:08+00:00","dateModified":"2026-03-17T09:14:32+00:00","description":"Die Schweiz ist seit jeher eine f\u00fchrende Banken- und Finanzregion, die f\u00fcr ihre Stabilit\u00e4t, Innovation und Wettbewerbsf\u00e4higkeit bekannt ist.","breadcrumb":{"@id":"https:\/\/ggba.swiss\/de\/zentrale-wirtschaftszweige\/banking-finanzen-und-handel\/#breadcrumb"},"inLanguage":"de-DE","potentialAction":[{"@type":"ReadAction","target":["https:\/\/ggba.swiss\/de\/zentrale-wirtschaftszweige\/banking-finanzen-und-handel\/"]}]},{"@type":"ImageObject","inLanguage":"de-DE","@id":"https:\/\/ggba.swiss\/de\/zentrale-wirtschaftszweige\/banking-finanzen-und-handel\/#primaryimage","url":"https:\/\/ggba.swiss\/app\/uploads\/2024\/06\/GGBa-Banking-Finance-Stocks-2360x1622-1.jpeg","contentUrl":"https:\/\/ggba.swiss\/app\/uploads\/2024\/06\/GGBa-Banking-Finance-Stocks-2360x1622-1.jpeg","width":2360,"height":1622,"caption":"Die Westschweiz ist seit jeher eine weltweit f\u00fchrende Banken- und Finanzregion, die f\u00fcr ihre Stabilit\u00e4t, Innovation und Wettbewerbsf\u00e4higkeit bekannt ist. Dank eines soliden regulatorischen Rahmens, hoch qualifizierter Arbeitskr\u00e4fte und ihres Engagements f\u00fcr eine nachhaltige Entwicklung bietet die Region ein aussergew\u00f6hnliches Umfeld f\u00fcr Finanzdienstleistungen."},{"@type":"BreadcrumbList","@id":"https:\/\/ggba.swiss\/de\/zentrale-wirtschaftszweige\/banking-finanzen-und-handel\/#breadcrumb","itemListElement":[{"@type":"ListItem","position":1,"name":"Home","item":"https:\/\/ggba.swiss\/de\/"},{"@type":"ListItem","position":2,"name":"Zentrale Wirtschaftszweige","item":"https:\/\/ggba.swiss\/de\/zentrale-wirtschaftszweige\/"},{"@type":"ListItem","position":3,"name":"Banking, Finanzen und Handel"}]},{"@type":"WebSite","@id":"https:\/\/staging.ggba.swiss\/en\/#website","url":"https:\/\/staging.ggba.swiss\/en\/","name":"Greater Geneva Bern area","description":"","potentialAction":[{"@type":"SearchAction","target":{"@type":"EntryPoint","urlTemplate":"https:\/\/staging.ggba.swiss\/en\/?s={search_term_string}"},"query-input":{"@type":"PropertyValueSpecification","valueRequired":true,"valueName":"search_term_string"}}],"inLanguage":"de-DE"}]}},"_links":{"self":[{"href":"https:\/\/ggba.swiss\/de\/wp-json\/wp\/v2\/pages\/24686","targetHints":{"allow":["GET"]}}],"collection":[{"href":"https:\/\/ggba.swiss\/de\/wp-json\/wp\/v2\/pages"}],"about":[{"href":"https:\/\/ggba.swiss\/de\/wp-json\/wp\/v2\/types\/page"}],"author":[{"embeddable":true,"href":"https:\/\/ggba.swiss\/de\/wp-json\/wp\/v2\/users\/6"}],"replies":[{"embeddable":true,"href":"https:\/\/ggba.swiss\/de\/wp-json\/wp\/v2\/comments?post=24686"}],"version-history":[{"count":15,"href":"https:\/\/ggba.swiss\/de\/wp-json\/wp\/v2\/pages\/24686\/revisions"}],"predecessor-version":[{"id":38143,"href":"https:\/\/ggba.swiss\/de\/wp-json\/wp\/v2\/pages\/24686\/revisions\/38143"}],"up":[{"embeddable":true,"href":"https:\/\/ggba.swiss\/de\/wp-json\/wp\/v2\/pages\/48"}],"wp:featuredmedia":[{"embeddable":true,"href":"https:\/\/ggba.swiss\/de\/wp-json\/wp\/v2\/media\/24670"}],"wp:attachment":[{"href":"https:\/\/ggba.swiss\/de\/wp-json\/wp\/v2\/media?parent=24686"}],"curies":[{"name":"wp","href":"https:\/\/api.w.org\/{rel}","templated":true}]}}