{"id":40,"date":"2023-02-27T17:06:24","date_gmt":"2023-02-27T16:06:24","guid":{"rendered":"https:\/\/ggba.swiss\/?page_id=40"},"modified":"2023-10-16T11:19:47","modified_gmt":"2023-10-16T09:19:47","slug":"datenschutz","status":"publish","type":"page","link":"https:\/\/ggba.swiss\/de\/datenschutz\/","title":{"rendered":"Datenschutz"},"content":{"rendered":"\n<p><\/p>\n\n\n\n<p><\/p>\n\n\n\n<h2 class=\"wp-block-heading\">Cookies<\/h2>\n\n\n\n<p>Diese Website verwendet Cookies, um die Benutzerfreundlichkeit zu verbessern, w\u00e4hrend Sie auf unserer Website surfen. Die als notwendig eingestuften Cookies werden auf Ihrem Browser gespeichert, da sie f\u00fcr den einwandfreien Betrieb der Grundfunktionalit\u00e4ten unserer Website notwendig sind. Wir verwenden auch Cookies von Drittanbietern, um zu analysieren und zu verstehen, wie Sie unsere Website nutzen. Diese Cookies werden nur mit Ihrer Zustimmung in Ihrem Browser gespeichert. Sie haben auch die M\u00f6glichkeit, diese Cookies abzulehnen.<\/p>\n\n\n\n<h3 class=\"wp-block-heading\">Notwendige Cookies<\/h3>\n\n\n\n<p>Diese Cookies sind f\u00fcr den einwandfreien Betrieb der Website notwendig. Diese Kategorie beinhaltet nur Cookies, die die grundlegende Funktionalit\u00e4t und Sicherheit der Website garantieren. Diese Cookies speichern keine pers\u00f6nlichen Informationen.<\/p>\n\n\n\n<h3 class=\"wp-block-heading\">Nicht notwendige Cookies<\/h3>\n\n\n\n<p>Cookies, die f\u00fcr den Betrieb der Website nicht erforderlich sind und die spezifisch verwendet werden, um pers\u00f6nliche Daten des Benutzers durch Analyse, Werbung oder andere integrierte Inhalte zu sammeln, werden als nicht notwendige Cookies bezeichnet. Es ist verpflichtend, die Zustimmung des Nutzers einzuholen, bevor diese Cookies auf dem Webbrowser des Nutzers gespeichert werden.<\/p>\n\n\n\n<h2 class=\"wp-block-heading\">Datenschutzerkl\u00e4rung<\/h2>\n\n\n\n<p>Datenschutz und Datensicherheit ist der Greater Geneva Bern area (GGBa) sehr wichtig. Wir verpflichten uns, mit allen pers\u00f6nlichen Daten verantwortungsbewusst umzugehen und dies mit der Zustimmung unserer Nutzer und im Einklang mit der Datenschutz-Grundverordnung. Diese Datenschutzerkl\u00e4rung beschreibt, wie unsere Organisation mit pers\u00f6nlichen Daten umgeht, die wir von Ihnen erheben, w\u00e4hrend Sie unsere Website(s) nutzen. Die Greater Geneva Bern area (GGBa) ist f\u00fcr die Verarbeitung personenbezogener Daten f\u00fcr die Websites <a href=\"http:\/\/www.ggba.swiss\" data-type=\"URL\" data-id=\"www.ggba.swiss\">www.ggba.swiss<\/a> und <a href=\"http:\/\/www.investinswitzerland.com\" data-type=\"URL\" data-id=\"www.investinswitzerland.com\">www.investinswitzerland.com<\/a> verantwortlich.<\/p>\n\n\n\n<h3 class=\"wp-block-heading\">Erhobene Daten und Ziele ihrer Verarbeitung<\/h3>\n\n\n\n<p>Unter personenbezogenen Daten verstehen wir alle Informationen \u00fcber eine identifizierte nat\u00fcrliche Person oder eine Person, die direkt oder indirekt identifiziert werden kann. Wir k\u00f6nnen die folgenden personenbezogenen Daten \u00fcber Besucher unserer Websites zu den unten beschriebenen Zwecken erheben und verarbeiten&nbsp;:<\/p>\n\n\n\n<ul class=\"wp-block-list\">\n<li>Daten zu Ihrer Identit\u00e4t, insbesondere Ihre Anrede, Ihr Name, Vorname, Ihre E-Mail-Adresse, im Kontext der Bearbeitung von Anfragen, die \u00fcber das Kontaktformular gestellt werden oder bei der Anmeldung zu unserem(n) Newsletter(n). Die Felder, die f\u00fcr die Bearbeitung Ihrer Anfragen obligatorisch sind, sind in den Kontaktformularen mit einem Sternchen gekennzeichnet.<\/li>\n\n\n\n<li>Die Daten, die sich auf Ihre Navigation beziehen, wie z.B. das Datum, die Uhrzeit der Verbindung und\/oder Navigation, die Browser-Typen, die Sprache des Browsers, die IP-Adresse. Diese Daten werden verwendet, um Ihnen eine bessere Benutzerfreundlichkeit zu erm\u00f6glichen.<\/li>\n<\/ul>\n\n\n\n<h3 class=\"wp-block-heading\">Empf\u00e4nger<\/h3>\n\n\n\n<p>Ihre pers\u00f6nlichen Daten k\u00f6nnen an bestimmte Partnerorganisationen oder Vertreter der GGBa unter Gew\u00e4hrleistung der Vertraulichkeit und Sicherheit der pers\u00f6nlichen Daten nur weitergegeben werden, insoweit dies f\u00fcr die Erf\u00fcllung ihrer Anfragen erforderlich sind. Um die Servicequalit\u00e4t unserer Websites zu verbessern und angesichts der internationalen Ausrichtung unserer Organisation kann eine Weiterleitung von personenbezogenen Daten au\u00dferhalb Ihres Landes und\/oder au\u00dferhalb der Europ\u00e4ischen Union eventuell erforderlich sein. In diesem Fall werden die geeigneten physischen, organisatorischen, prozeduralen und technischen Ma\u00dfnahmen ergriffen, um die Sicherheit und Vertraulichkeit der pers\u00f6nlichen Daten zu sichern.<\/p>\n\n\n\n<h3 class=\"wp-block-heading\">Dauer der Datenspeicherung<\/h3>\n\n\n\n<p>Wir bem\u00fchen uns, Ihre pers\u00f6nlichen Daten nicht l\u00e4nger aufzubewahren, als es zur Erf\u00fcllung der oben beschriebenen Ziele erforderlich ist, oder in \u00dcbereinstimmung mit den geltenden Vorschriften.<\/p>\n\n\n\n<h3 class=\"wp-block-heading\">Ihre Rechte<\/h3>\n\n\n\n<p>In \u00dcbereinstimmung mit den geltenden Verordnungen haben Sie jederzeit das Recht auf Zugang, Berichtigung, Einschr\u00e4nkung, Einspruch und L\u00f6schung der Sie betreffenden Daten. Dazu k\u00f6nnen Sie uns mit unserem <a href=\"\/de\/kontakt\/\" data-type=\"URL\" data-id=\"\/de\/kontakt\/\">Kontaktformular<\/a> oder per Telefon unter +41 21 644 00 90 kontaktieren.<\/p>\n\n\n\n<p><\/p>\n","protected":false},"excerpt":{"rendered":"<p>Cookies Diese Website verwendet Cookies, um die Benutzerfreundlichkeit zu verbessern, w\u00e4hrend Sie auf unserer Website surfen. Die als notwendig eingestuften Cookies werden auf Ihrem Browser gespeichert, da sie f\u00fcr den einwandfreien Betrieb der Grundfunktionalit\u00e4ten unserer Website notwendig sind. Wir verwenden auch Cookies von Drittanbietern, um zu analysieren und zu verstehen, wie Sie unsere Website nutzen. [&hellip;]<\/p>\n","protected":false},"author":1,"featured_media":0,"parent":0,"menu_order":69,"comment_status":"closed","ping_status":"open","template":"","meta":{"_acf_changed":false,"inline_featured_image":false,"footnotes":""},"class_list":["post-40","page","type-page","status-publish","hentry"],"acf":[],"yoast_head":"<!-- This site is optimized with the Yoast SEO plugin v27.2 - https:\/\/yoast.com\/product\/yoast-seo-wordpress\/ -->\n<title>Datenschutzrichtlinie | GGBa<\/title>\n<meta name=\"description\" content=\"Lesen Sie unsere umfassende Datenschutzrichtlinie, um Details dar\u00fcber zu erfahren, wie wir Ihre Informationen behandeln und sch\u00fctzen.\" \/>\n<meta name=\"robots\" content=\"index, follow, max-snippet:-1, max-image-preview:large, max-video-preview:-1\" \/>\n<link rel=\"canonical\" href=\"https:\/\/ggba.swiss\/de\/datenschutz\/\" \/>\n<meta property=\"og:locale\" content=\"de_DE\" \/>\n<meta property=\"og:type\" content=\"article\" \/>\n<meta property=\"og:title\" content=\"Datenschutzrichtlinie | GGBa\" \/>\n<meta property=\"og:description\" content=\"Lesen Sie unsere umfassende Datenschutzrichtlinie, um Details dar\u00fcber zu erfahren, wie wir Ihre Informationen behandeln und sch\u00fctzen.\" \/>\n<meta property=\"og:url\" content=\"https:\/\/ggba.swiss\/de\/datenschutz\/\" \/>\n<meta property=\"og:site_name\" content=\"Greater Geneva Bern area\" \/>\n<meta property=\"article:modified_time\" content=\"2023-10-16T09:19:47+00:00\" \/>\n<meta name=\"twitter:card\" content=\"summary_large_image\" \/>\n<meta name=\"twitter:label1\" content=\"Gesch\u00e4tzte Lesezeit\" \/>\n\t<meta name=\"twitter:data1\" content=\"3 minutes\" \/>\n<script type=\"application\/ld+json\" class=\"yoast-schema-graph\">{\"@context\":\"https:\/\/schema.org\",\"@graph\":[{\"@type\":\"WebPage\",\"@id\":\"https:\/\/ggba.swiss\/de\/datenschutz\/\",\"url\":\"https:\/\/ggba.swiss\/de\/datenschutz\/\",\"name\":\"Datenschutzrichtlinie | GGBa\",\"isPartOf\":{\"@id\":\"https:\/\/staging.ggba.swiss\/en\/#website\"},\"datePublished\":\"2023-02-27T16:06:24+00:00\",\"dateModified\":\"2023-10-16T09:19:47+00:00\",\"description\":\"Lesen Sie unsere umfassende Datenschutzrichtlinie, um Details dar\u00fcber zu erfahren, wie wir Ihre Informationen behandeln und sch\u00fctzen.\",\"breadcrumb\":{\"@id\":\"https:\/\/ggba.swiss\/de\/datenschutz\/#breadcrumb\"},\"inLanguage\":\"de-DE\",\"potentialAction\":[{\"@type\":\"ReadAction\",\"target\":[\"https:\/\/ggba.swiss\/de\/datenschutz\/\"]}]},{\"@type\":\"BreadcrumbList\",\"@id\":\"https:\/\/ggba.swiss\/de\/datenschutz\/#breadcrumb\",\"itemListElement\":[{\"@type\":\"ListItem\",\"position\":1,\"name\":\"Home\",\"item\":\"https:\/\/ggba.swiss\/de\/\"},{\"@type\":\"ListItem\",\"position\":2,\"name\":\"Datenschutz\"}]},{\"@type\":\"WebSite\",\"@id\":\"https:\/\/staging.ggba.swiss\/en\/#website\",\"url\":\"https:\/\/staging.ggba.swiss\/en\/\",\"name\":\"Greater Geneva Bern area\",\"description\":\"\",\"potentialAction\":[{\"@type\":\"SearchAction\",\"target\":{\"@type\":\"EntryPoint\",\"urlTemplate\":\"https:\/\/staging.ggba.swiss\/en\/?s={search_term_string}\"},\"query-input\":{\"@type\":\"PropertyValueSpecification\",\"valueRequired\":true,\"valueName\":\"search_term_string\"}}],\"inLanguage\":\"de-DE\"}]}<\/script>\n<!-- \/ Yoast SEO plugin. -->","yoast_head_json":{"title":"Datenschutzrichtlinie | GGBa","description":"Lesen Sie unsere umfassende Datenschutzrichtlinie, um Details dar\u00fcber zu erfahren, wie wir Ihre Informationen behandeln und sch\u00fctzen.","robots":{"index":"index","follow":"follow","max-snippet":"max-snippet:-1","max-image-preview":"max-image-preview:large","max-video-preview":"max-video-preview:-1"},"canonical":"https:\/\/ggba.swiss\/de\/datenschutz\/","og_locale":"de_DE","og_type":"article","og_title":"Datenschutzrichtlinie | GGBa","og_description":"Lesen Sie unsere umfassende Datenschutzrichtlinie, um Details dar\u00fcber zu erfahren, wie wir Ihre Informationen behandeln und sch\u00fctzen.","og_url":"https:\/\/ggba.swiss\/de\/datenschutz\/","og_site_name":"Greater Geneva Bern area","article_modified_time":"2023-10-16T09:19:47+00:00","twitter_card":"summary_large_image","twitter_misc":{"Gesch\u00e4tzte Lesezeit":"3 minutes"},"schema":{"@context":"https:\/\/schema.org","@graph":[{"@type":"WebPage","@id":"https:\/\/ggba.swiss\/de\/datenschutz\/","url":"https:\/\/ggba.swiss\/de\/datenschutz\/","name":"Datenschutzrichtlinie | GGBa","isPartOf":{"@id":"https:\/\/staging.ggba.swiss\/en\/#website"},"datePublished":"2023-02-27T16:06:24+00:00","dateModified":"2023-10-16T09:19:47+00:00","description":"Lesen Sie unsere umfassende Datenschutzrichtlinie, um Details dar\u00fcber zu erfahren, wie wir Ihre Informationen behandeln und sch\u00fctzen.","breadcrumb":{"@id":"https:\/\/ggba.swiss\/de\/datenschutz\/#breadcrumb"},"inLanguage":"de-DE","potentialAction":[{"@type":"ReadAction","target":["https:\/\/ggba.swiss\/de\/datenschutz\/"]}]},{"@type":"BreadcrumbList","@id":"https:\/\/ggba.swiss\/de\/datenschutz\/#breadcrumb","itemListElement":[{"@type":"ListItem","position":1,"name":"Home","item":"https:\/\/ggba.swiss\/de\/"},{"@type":"ListItem","position":2,"name":"Datenschutz"}]},{"@type":"WebSite","@id":"https:\/\/staging.ggba.swiss\/en\/#website","url":"https:\/\/staging.ggba.swiss\/en\/","name":"Greater Geneva Bern area","description":"","potentialAction":[{"@type":"SearchAction","target":{"@type":"EntryPoint","urlTemplate":"https:\/\/staging.ggba.swiss\/en\/?s={search_term_string}"},"query-input":{"@type":"PropertyValueSpecification","valueRequired":true,"valueName":"search_term_string"}}],"inLanguage":"de-DE"}]}},"_links":{"self":[{"href":"https:\/\/ggba.swiss\/de\/wp-json\/wp\/v2\/pages\/40","targetHints":{"allow":["GET"]}}],"collection":[{"href":"https:\/\/ggba.swiss\/de\/wp-json\/wp\/v2\/pages"}],"about":[{"href":"https:\/\/ggba.swiss\/de\/wp-json\/wp\/v2\/types\/page"}],"author":[{"embeddable":true,"href":"https:\/\/ggba.swiss\/de\/wp-json\/wp\/v2\/users\/1"}],"replies":[{"embeddable":true,"href":"https:\/\/ggba.swiss\/de\/wp-json\/wp\/v2\/comments?post=40"}],"version-history":[{"count":11,"href":"https:\/\/ggba.swiss\/de\/wp-json\/wp\/v2\/pages\/40\/revisions"}],"predecessor-version":[{"id":20527,"href":"https:\/\/ggba.swiss\/de\/wp-json\/wp\/v2\/pages\/40\/revisions\/20527"}],"wp:attachment":[{"href":"https:\/\/ggba.swiss\/de\/wp-json\/wp\/v2\/media?parent=40"}],"curies":[{"name":"wp","href":"https:\/\/api.w.org\/{rel}","templated":true}]}}