{"id":48,"date":"2023-02-28T15:06:25","date_gmt":"2023-02-28T14:06:25","guid":{"rendered":"https:\/\/ggba.swiss\/?page_id=48"},"modified":"2023-08-08T15:51:08","modified_gmt":"2023-08-08T13:51:08","slug":"zentrale-wirtschaftszweige","status":"publish","type":"page","link":"https:\/\/ggba.swiss\/de\/zentrale-wirtschaftszweige\/","title":{"rendered":"Zentrale Wirtschaftszweige"},"content":{"rendered":"<div class=\"reasonsWhy\">\n        <div class=\"container-lg p-0\">\n                            <div class=\"row\">\n                    <div class=\"col-md-5 col-12\">\n                        <h2 class=\"reasonsWhy__block_title\">\n                            6 Gr\u00fcnde, warum Sie in der Westschweiz investieren sollten\n                        <\/h2>\n                    <\/div>\n                <\/div>\n                        <div class=\"row\">\n                                                                        <div class=\"col-md-6 col-12\">\n                        <div\n                            class=\"reason animateFadeFromBottom  \">\n                            <div class=\"row\">\n                                <div class=\"col-md-auto col-12 reasonNumber\">\n                                    01\n                                <\/div>\n                                <div class=\"col-12 col-md\">\n\n                                    <div>\n                                                                                    <img loading=\"lazy\" decoding=\"async\" width=\"960\" height=\"660\" src=\"https:\/\/ggba.swiss\/app\/uploads\/2023\/07\/reason-1.jpg\" class=\"attachment-large size-large\" alt=\"\" srcset=\"https:\/\/ggba.swiss\/app\/uploads\/2023\/07\/reason-1.jpg 960w, https:\/\/ggba.swiss\/app\/uploads\/2023\/07\/reason-1-300x206.jpg 300w, https:\/\/ggba.swiss\/app\/uploads\/2023\/07\/reason-1-768x528.jpg 768w\" sizes=\"auto, (max-width: 960px) 100vw, 960px\" \/>\n                                        \n                                                                                    <h3>\n                                                Eine dynamische Region, die von Innovation gepr\u00e4gt ist\n                                            <\/h3>\n                                                                                                                            <p class=\"reasonWhyText\">\n                                                Hier treffen f\u00fchrende F&amp;E-Zentren, bedeutende Industriecluster sowie eine Kultur aufeinander, die nicht nur den Fortschritt und den Unternehmergeist f\u00f6rdert, sondern auf st\u00e4ndige Innovation setzt.\n                                            <\/p>\n                                                                            <\/div>\n                                <\/div>\n                            <\/div>\n                        <\/div>\n                    <\/div>\n                                                        <div class=\"col-md-6 col-12\">\n                        <div\n                            class=\"reason animateFadeFromBottom   reason--right \">\n                            <div class=\"row\">\n                                <div class=\"col-md-auto col-12 reasonNumber\">\n                                    02\n                                <\/div>\n                                <div class=\"col-12 col-md\">\n\n                                    <div>\n                                                                                    <img loading=\"lazy\" decoding=\"async\" width=\"960\" height=\"660\" src=\"https:\/\/ggba.swiss\/app\/uploads\/2023\/06\/raison2.jpg\" class=\"attachment-large size-large\" alt=\"\" srcset=\"https:\/\/ggba.swiss\/app\/uploads\/2023\/06\/raison2.jpg 960w, https:\/\/ggba.swiss\/app\/uploads\/2023\/06\/raison2-300x206.jpg 300w, https:\/\/ggba.swiss\/app\/uploads\/2023\/06\/raison2-768x528.jpg 768w\" sizes=\"auto, (max-width: 960px) 100vw, 960px\" \/>\n                                        \n                                                                                    <h3>\n                                                Eine internationale Atmosph\u00e4re im Herzen Europas\n                                            <\/h3>\n                                                                                                                            <p class=\"reasonWhyText\">\n                                                Dank des unmittelbaren Zugangs zu den gr\u00f6\u00dften europ\u00e4ischen M\u00e4rkten sind sowohl die geografische Lage als auch die Zug\u00e4nglichkeit des Landes ein gro\u00dfer Vorteil f\u00fcr den internationalen Handel.\n                                            <\/p>\n                                                                            <\/div>\n                                <\/div>\n                            <\/div>\n                        <\/div>\n                    <\/div>\n                                                        <div class=\"col-md-6 col-12\">\n                        <div\n                            class=\"reason animateFadeFromBottom  \">\n                            <div class=\"row\">\n                                <div class=\"col-md-auto col-12 reasonNumber\">\n                                    03\n                                <\/div>\n                                <div class=\"col-12 col-md\">\n\n                                    <div>\n                                                                                    <img loading=\"lazy\" decoding=\"async\" width=\"960\" height=\"660\" src=\"https:\/\/ggba.swiss\/app\/uploads\/2023\/06\/raison3.jpg\" class=\"attachment-large size-large\" alt=\"\" srcset=\"https:\/\/ggba.swiss\/app\/uploads\/2023\/06\/raison3.jpg 960w, https:\/\/ggba.swiss\/app\/uploads\/2023\/06\/raison3-300x206.jpg 300w, https:\/\/ggba.swiss\/app\/uploads\/2023\/06\/raison3-768x528.jpg 768w\" sizes=\"auto, (max-width: 960px) 100vw, 960px\" \/>\n                                        \n                                                                                    <h3>\n                                                Unternehmensfreundliche Beh\u00f6rden\n                                            <\/h3>\n                                                                                                                            <p class=\"reasonWhyText\">\n                                                Investitionsf\u00f6rdernde Ma\u00dfnahmen, vereinfachte Verfahren zur Unternehmensgr\u00fcndung und ein direkter Kontakt zu lokalen Beh\u00f6rden tragen dazu bei, dass die Region das optimale Umfeld f\u00fcr unternehmerische Initiativen bietet.\n                                            <\/p>\n                                                                            <\/div>\n                                <\/div>\n                            <\/div>\n                        <\/div>\n                    <\/div>\n                                                        <div class=\"col-md-6 col-12\">\n                        <div\n                            class=\"reason animateFadeFromBottom   reason--right \">\n                            <div class=\"row\">\n                                <div class=\"col-md-auto col-12 reasonNumber\">\n                                    04\n                                <\/div>\n                                <div class=\"col-12 col-md\">\n\n                                    <div>\n                                                                                    <img loading=\"lazy\" decoding=\"async\" width=\"960\" height=\"660\" src=\"https:\/\/ggba.swiss\/app\/uploads\/2023\/05\/raison4.jpg\" class=\"attachment-large size-large\" alt=\"\" srcset=\"https:\/\/ggba.swiss\/app\/uploads\/2023\/05\/raison4.jpg 960w, https:\/\/ggba.swiss\/app\/uploads\/2023\/05\/raison4-300x206.jpg 300w, https:\/\/ggba.swiss\/app\/uploads\/2023\/05\/raison4-768x528.jpg 768w\" sizes=\"auto, (max-width: 960px) 100vw, 960px\" \/>\n                                        \n                                                                                    <h3>\n                                                Hochqualifizierte und mehrsprachige Arbeitskr\u00e4fte  \n                                            <\/h3>\n                                                                                                                            <p class=\"reasonWhyText\">\n                                                Aufgrund der praxisorientierten Berufsausbildung sowie renommierter Universit\u00e4ten gibt es in der Schweiz eine Vielzahl kompetenter Arbeitskr\u00e4fte, die den Anforderungen der Unternehmen gewachsen sind.\n                                            <\/p>\n                                                                            <\/div>\n                                <\/div>\n                            <\/div>\n                        <\/div>\n                    <\/div>\n                                                        <div class=\"col-md-6 col-12\">\n                        <div\n                            class=\"reason animateFadeFromBottom  \">\n                            <div class=\"row\">\n                                <div class=\"col-md-auto col-12 reasonNumber\">\n                                    05\n                                <\/div>\n                                <div class=\"col-12 col-md\">\n\n                                    <div>\n                                                                                    <img loading=\"lazy\" decoding=\"async\" width=\"960\" height=\"660\" src=\"https:\/\/ggba.swiss\/app\/uploads\/2023\/07\/reason-5.jpg\" class=\"attachment-large size-large\" alt=\"\" srcset=\"https:\/\/ggba.swiss\/app\/uploads\/2023\/07\/reason-5.jpg 960w, https:\/\/ggba.swiss\/app\/uploads\/2023\/07\/reason-5-300x206.jpg 300w, https:\/\/ggba.swiss\/app\/uploads\/2023\/07\/reason-5-768x528.jpg 768w\" sizes=\"auto, (max-width: 960px) 100vw, 960px\" \/>\n                                        \n                                                                                    <h3>\n                                                Erstklassige Einrichtungen und Infrastruktur\n                                            <\/h3>\n                                                                                                                            <p class=\"reasonWhyText\">\n                                                Die Schweiz verf\u00fcgt \u00fcber eine ausgezeichnete Infrastruktur, die sich durch ihre Verl\u00e4sslichkeit und Stabilit\u00e4t auszeichnet, wodurch ein optimales Umfeld f\u00fcr die Niederlassung und das Wachstum von Unternehmen geschaffen wird. \n                                            <\/p>\n                                                                            <\/div>\n                                <\/div>\n                            <\/div>\n                        <\/div>\n                    <\/div>\n                                                        <div class=\"col-md-6 col-12\">\n                        <div\n                            class=\"reason animateFadeFromBottom   reason--right \">\n                            <div class=\"row\">\n                                <div class=\"col-md-auto col-12 reasonNumber\">\n                                    06\n                                <\/div>\n                                <div class=\"col-12 col-md\">\n\n                                    <div>\n                                                                                    <img loading=\"lazy\" decoding=\"async\" width=\"960\" height=\"660\" src=\"https:\/\/ggba.swiss\/app\/uploads\/2023\/06\/WhySwitzerland_06.jpeg\" class=\"attachment-large size-large\" alt=\"\" srcset=\"https:\/\/ggba.swiss\/app\/uploads\/2023\/06\/WhySwitzerland_06.jpeg 960w, https:\/\/ggba.swiss\/app\/uploads\/2023\/06\/WhySwitzerland_06-300x206.jpeg 300w, https:\/\/ggba.swiss\/app\/uploads\/2023\/06\/WhySwitzerland_06-768x528.jpeg 768w\" sizes=\"auto, (max-width: 960px) 100vw, 960px\" \/>\n                                        \n                                                                                    <h3>\n                                                Ein atemberaubender Ort zum Leben und Arbeiten\n                                            <\/h3>\n                                                                                                                            <p class=\"reasonWhyText\">\n                                                Die idyllische Landschaft, kulturelle Vielfalt, politische und wirtschaftliche Stabilit\u00e4t sowie ein hervorragendes Gesundheitssystem tragen dazu bei, dass das Land ein gro\u00dfartiger Ort zum Leben und Arbeiten ist.\n                                            <\/p>\n                                                                            <\/div>\n                                <\/div>\n                            <\/div>\n                        <\/div>\n                    <\/div>\n                \n            <\/div>\n        <\/div>\n    <\/div>\n\n\n<div class=\"ContactUs\">\n    <div class=\"container-lg p-0\">\n        <div class=\"row\">\n            <div class=\"col-12 col-md-6 col-lg-4\">\n                <h2 class=\"contactUs__title\">\n                     Beratung anfordern\n                <\/h2>\n            <\/div>\n        <\/div>\n        <div class=\"ContactUs__container row\">\n            <div class=\"contactUs__text\">\n                <div class=\"contactUs__textDescr\"><p>Die GGBa kann sich auf ein globales Netzwerk von Fachleuten st\u00fctzen, die Ihnen bei Ihrer erfolgreichen Gesch\u00e4ftsaufnahme in der Schweiz zur Seite stehen. Nehmen Sie Kontakt mit uns auf, um Ihre Pl\u00e4ne und Ideen zu besprechen. Unsere Leistungen sind individuell auf Sie zugeschnitten, kostenlos und vertraulich.<\/p>\n<p>Sie ben\u00f6tigen eine individuelle Beratung? Unsere Vertreter befinden sich auf der ganzen Welt.<\/p>\n<\/div>\n                <div class=\"contactUs__btn\">\n                    <a class=\"arrowedButton\" href=\"https:\/\/ggba.swiss\/en\/contact\/\">\n    <span>Kontakt<\/span>\n    <svg width=\"26\" height=\"26\" viewBox=\"0 0 26 26\" fill=\"none\" xmlns=\"http:\/\/www.w3.org\/2000\/svg\">\n      <path d=\"M16.25 19.5C15.925 19.5 15.7083 19.3917 15.4917 19.175C15.0583 18.7417 15.0583 18.0917 15.4917 17.6583L20.9083 12.2417C21.3417 11.8083 21.9917 11.8083 22.425 12.2417C22.8583 12.675 22.8583 13.325 22.425 13.7583L17.0083 19.175C16.7917 19.3917 16.575 19.5 16.25 19.5Z\" fill=\"white\"\/>\n      <path d=\"M21.6667 14.0833C21.3417 14.0833 21.125 13.975 20.9083 13.7583L15.4917 8.34167C15.0583 7.90833 15.0583 7.25833 15.4917 6.825C15.925 6.39167 16.575 6.39167 17.0083 6.825L22.425 12.2417C22.8583 12.675 22.8583 13.325 22.425 13.7583C22.2083 13.975 21.9917 14.0833 21.6667 14.0833Z\" fill=\"white\"\/>\n      <path d=\"M21.6667 14.0833H4.33333C3.68333 14.0833 3.25 13.65 3.25 13C3.25 12.35 3.68333 11.9167 4.33333 11.9167H21.6667C22.3167 11.9167 22.75 12.35 22.75 13C22.75 13.65 22.3167 14.0833 21.6667 14.0833Z\" fill=\"white\"\/>\n    <\/svg>    \n  <\/a>                <\/div>\n            <\/div>\n        <\/div>\n                    <div class=\"contactUs__image offset-lg-6 col-lg-6 col-12\">\n                <img loading=\"lazy\" decoding=\"async\" width=\"2560\" height=\"1075\" src=\"https:\/\/ggba.swiss\/app\/uploads\/2023\/06\/contact-scaled.jpg\" class=\"attachment-full size-full\" alt=\"\" srcset=\"https:\/\/ggba.swiss\/app\/uploads\/2023\/06\/contact-scaled.jpg 2560w, https:\/\/ggba.swiss\/app\/uploads\/2023\/06\/contact-300x126.jpg 300w, https:\/\/ggba.swiss\/app\/uploads\/2023\/06\/contact-1024x430.jpg 1024w, https:\/\/ggba.swiss\/app\/uploads\/2023\/06\/contact-768x322.jpg 768w, https:\/\/ggba.swiss\/app\/uploads\/2023\/06\/contact-1536x645.jpg 1536w, https:\/\/ggba.swiss\/app\/uploads\/2023\/06\/contact-2048x860.jpg 2048w\" sizes=\"auto, (max-width: 2560px) 100vw, 2560px\" \/>\n            <\/div>\n            <\/div>\n<\/div>\n","protected":false},"excerpt":{"rendered":"","protected":false},"author":1,"featured_media":123,"parent":0,"menu_order":32,"comment_status":"closed","ping_status":"closed","template":"template-clusters.blade.php","meta":{"_acf_changed":false,"inline_featured_image":false,"footnotes":""},"class_list":["post-48","page","type-page","status-publish","has-post-thumbnail","hentry"],"acf":[],"yoast_head":"<!-- This site is optimized with the Yoast SEO plugin v27.2 - https:\/\/yoast.com\/product\/yoast-seo-wordpress\/ -->\n<title>Zentrale Wirtschaftszweige in der Westschweiz | GGBa<\/title>\n<meta name=\"description\" content=\"Entdecken Sie die Wirtschaftszweige der Schweiz: Lebenswissenschaften, Pr\u00e4zision &amp; Robotik, IT, Innovative Produktion, Agtech, Cleantech.\" \/>\n<meta name=\"robots\" content=\"index, follow, max-snippet:-1, max-image-preview:large, max-video-preview:-1\" \/>\n<link rel=\"canonical\" href=\"https:\/\/ggba.swiss\/de\/zentrale-wirtschaftszweige\/\" \/>\n<meta property=\"og:locale\" content=\"de_DE\" \/>\n<meta property=\"og:type\" content=\"article\" \/>\n<meta property=\"og:title\" content=\"Zentrale Wirtschaftszweige in der Westschweiz | GGBa\" \/>\n<meta property=\"og:description\" content=\"Entdecken Sie die Wirtschaftszweige der Schweiz: Lebenswissenschaften, Pr\u00e4zision &amp; Robotik, IT, Innovative Produktion, Agtech, Cleantech.\" \/>\n<meta property=\"og:url\" content=\"https:\/\/ggba.swiss\/de\/zentrale-wirtschaftszweige\/\" \/>\n<meta property=\"og:site_name\" content=\"Greater Geneva Bern area\" \/>\n<meta property=\"article:modified_time\" content=\"2023-08-08T13:51:08+00:00\" \/>\n<meta property=\"og:image\" content=\"https:\/\/ggba.swiss\/app\/uploads\/2023\/03\/homepage-img.jpg\" \/>\n\t<meta property=\"og:image:width\" content=\"1420\" \/>\n\t<meta property=\"og:image:height\" content=\"1100\" \/>\n\t<meta property=\"og:image:type\" content=\"image\/jpeg\" \/>\n<meta name=\"twitter:card\" content=\"summary_large_image\" \/>\n<script type=\"application\/ld+json\" class=\"yoast-schema-graph\">{\"@context\":\"https:\/\/schema.org\",\"@graph\":[{\"@type\":\"WebPage\",\"@id\":\"https:\/\/ggba.swiss\/de\/zentrale-wirtschaftszweige\/\",\"url\":\"https:\/\/ggba.swiss\/de\/zentrale-wirtschaftszweige\/\",\"name\":\"Zentrale Wirtschaftszweige in der Westschweiz | GGBa\",\"isPartOf\":{\"@id\":\"https:\/\/staging.ggba.swiss\/en\/#website\"},\"primaryImageOfPage\":{\"@id\":\"https:\/\/ggba.swiss\/de\/zentrale-wirtschaftszweige\/#primaryimage\"},\"image\":{\"@id\":\"https:\/\/ggba.swiss\/de\/zentrale-wirtschaftszweige\/#primaryimage\"},\"thumbnailUrl\":\"https:\/\/ggba.swiss\/app\/uploads\/2023\/03\/homepage-img.jpg\",\"datePublished\":\"2023-02-28T14:06:25+00:00\",\"dateModified\":\"2023-08-08T13:51:08+00:00\",\"description\":\"Entdecken Sie die Wirtschaftszweige der Schweiz: Lebenswissenschaften, Pr\u00e4zision & Robotik, IT, Innovative Produktion, Agtech, Cleantech.\",\"breadcrumb\":{\"@id\":\"https:\/\/ggba.swiss\/de\/zentrale-wirtschaftszweige\/#breadcrumb\"},\"inLanguage\":\"de-DE\",\"potentialAction\":[{\"@type\":\"ReadAction\",\"target\":[\"https:\/\/ggba.swiss\/de\/zentrale-wirtschaftszweige\/\"]}]},{\"@type\":\"ImageObject\",\"inLanguage\":\"de-DE\",\"@id\":\"https:\/\/ggba.swiss\/de\/zentrale-wirtschaftszweige\/#primaryimage\",\"url\":\"https:\/\/ggba.swiss\/app\/uploads\/2023\/03\/homepage-img.jpg\",\"contentUrl\":\"https:\/\/ggba.swiss\/app\/uploads\/2023\/03\/homepage-img.jpg\",\"width\":1420,\"height\":1100},{\"@type\":\"BreadcrumbList\",\"@id\":\"https:\/\/ggba.swiss\/de\/zentrale-wirtschaftszweige\/#breadcrumb\",\"itemListElement\":[{\"@type\":\"ListItem\",\"position\":1,\"name\":\"Home\",\"item\":\"https:\/\/ggba.swiss\/de\/\"},{\"@type\":\"ListItem\",\"position\":2,\"name\":\"Zentrale Wirtschaftszweige\"}]},{\"@type\":\"WebSite\",\"@id\":\"https:\/\/staging.ggba.swiss\/en\/#website\",\"url\":\"https:\/\/staging.ggba.swiss\/en\/\",\"name\":\"Greater Geneva Bern area\",\"description\":\"\",\"potentialAction\":[{\"@type\":\"SearchAction\",\"target\":{\"@type\":\"EntryPoint\",\"urlTemplate\":\"https:\/\/staging.ggba.swiss\/en\/?s={search_term_string}\"},\"query-input\":{\"@type\":\"PropertyValueSpecification\",\"valueRequired\":true,\"valueName\":\"search_term_string\"}}],\"inLanguage\":\"de-DE\"}]}<\/script>\n<!-- \/ Yoast SEO plugin. -->","yoast_head_json":{"title":"Zentrale Wirtschaftszweige in der Westschweiz | GGBa","description":"Entdecken Sie die Wirtschaftszweige der Schweiz: Lebenswissenschaften, Pr\u00e4zision & Robotik, IT, Innovative Produktion, Agtech, Cleantech.","robots":{"index":"index","follow":"follow","max-snippet":"max-snippet:-1","max-image-preview":"max-image-preview:large","max-video-preview":"max-video-preview:-1"},"canonical":"https:\/\/ggba.swiss\/de\/zentrale-wirtschaftszweige\/","og_locale":"de_DE","og_type":"article","og_title":"Zentrale Wirtschaftszweige in der Westschweiz | GGBa","og_description":"Entdecken Sie die Wirtschaftszweige der Schweiz: Lebenswissenschaften, Pr\u00e4zision & Robotik, IT, Innovative Produktion, Agtech, Cleantech.","og_url":"https:\/\/ggba.swiss\/de\/zentrale-wirtschaftszweige\/","og_site_name":"Greater Geneva Bern area","article_modified_time":"2023-08-08T13:51:08+00:00","og_image":[{"width":1420,"height":1100,"url":"https:\/\/ggba.swiss\/app\/uploads\/2023\/03\/homepage-img.jpg","type":"image\/jpeg"}],"twitter_card":"summary_large_image","schema":{"@context":"https:\/\/schema.org","@graph":[{"@type":"WebPage","@id":"https:\/\/ggba.swiss\/de\/zentrale-wirtschaftszweige\/","url":"https:\/\/ggba.swiss\/de\/zentrale-wirtschaftszweige\/","name":"Zentrale Wirtschaftszweige in der Westschweiz | GGBa","isPartOf":{"@id":"https:\/\/staging.ggba.swiss\/en\/#website"},"primaryImageOfPage":{"@id":"https:\/\/ggba.swiss\/de\/zentrale-wirtschaftszweige\/#primaryimage"},"image":{"@id":"https:\/\/ggba.swiss\/de\/zentrale-wirtschaftszweige\/#primaryimage"},"thumbnailUrl":"https:\/\/ggba.swiss\/app\/uploads\/2023\/03\/homepage-img.jpg","datePublished":"2023-02-28T14:06:25+00:00","dateModified":"2023-08-08T13:51:08+00:00","description":"Entdecken Sie die Wirtschaftszweige der Schweiz: Lebenswissenschaften, Pr\u00e4zision & Robotik, IT, Innovative Produktion, Agtech, Cleantech.","breadcrumb":{"@id":"https:\/\/ggba.swiss\/de\/zentrale-wirtschaftszweige\/#breadcrumb"},"inLanguage":"de-DE","potentialAction":[{"@type":"ReadAction","target":["https:\/\/ggba.swiss\/de\/zentrale-wirtschaftszweige\/"]}]},{"@type":"ImageObject","inLanguage":"de-DE","@id":"https:\/\/ggba.swiss\/de\/zentrale-wirtschaftszweige\/#primaryimage","url":"https:\/\/ggba.swiss\/app\/uploads\/2023\/03\/homepage-img.jpg","contentUrl":"https:\/\/ggba.swiss\/app\/uploads\/2023\/03\/homepage-img.jpg","width":1420,"height":1100},{"@type":"BreadcrumbList","@id":"https:\/\/ggba.swiss\/de\/zentrale-wirtschaftszweige\/#breadcrumb","itemListElement":[{"@type":"ListItem","position":1,"name":"Home","item":"https:\/\/ggba.swiss\/de\/"},{"@type":"ListItem","position":2,"name":"Zentrale Wirtschaftszweige"}]},{"@type":"WebSite","@id":"https:\/\/staging.ggba.swiss\/en\/#website","url":"https:\/\/staging.ggba.swiss\/en\/","name":"Greater Geneva Bern area","description":"","potentialAction":[{"@type":"SearchAction","target":{"@type":"EntryPoint","urlTemplate":"https:\/\/staging.ggba.swiss\/en\/?s={search_term_string}"},"query-input":{"@type":"PropertyValueSpecification","valueRequired":true,"valueName":"search_term_string"}}],"inLanguage":"de-DE"}]}},"_links":{"self":[{"href":"https:\/\/ggba.swiss\/de\/wp-json\/wp\/v2\/pages\/48","targetHints":{"allow":["GET"]}}],"collection":[{"href":"https:\/\/ggba.swiss\/de\/wp-json\/wp\/v2\/pages"}],"about":[{"href":"https:\/\/ggba.swiss\/de\/wp-json\/wp\/v2\/types\/page"}],"author":[{"embeddable":true,"href":"https:\/\/ggba.swiss\/de\/wp-json\/wp\/v2\/users\/1"}],"replies":[{"embeddable":true,"href":"https:\/\/ggba.swiss\/de\/wp-json\/wp\/v2\/comments?post=48"}],"version-history":[{"count":10,"href":"https:\/\/ggba.swiss\/de\/wp-json\/wp\/v2\/pages\/48\/revisions"}],"predecessor-version":[{"id":19225,"href":"https:\/\/ggba.swiss\/de\/wp-json\/wp\/v2\/pages\/48\/revisions\/19225"}],"wp:featuredmedia":[{"embeddable":true,"href":"https:\/\/ggba.swiss\/de\/wp-json\/wp\/v2\/media\/123"}],"wp:attachment":[{"href":"https:\/\/ggba.swiss\/de\/wp-json\/wp\/v2\/media?parent=48"}],"curies":[{"name":"wp","href":"https:\/\/api.w.org\/{rel}","templated":true}]}}