{"id":52,"date":"2023-02-28T14:59:08","date_gmt":"2023-02-28T13:59:08","guid":{"rendered":"https:\/\/ggba.swiss\/?page_id=52"},"modified":"2023-08-07T16:58:35","modified_gmt":"2023-08-07T14:58:35","slug":"why-switzerland","status":"publish","type":"page","link":"https:\/\/ggba.swiss\/de\/why-switzerland\/","title":{"rendered":"Why Switzerland"},"content":{"rendered":"\n<div class=\"wp-block-columns is-layout-flex wp-container-core-columns-is-layout-9d6595d7 wp-block-columns-is-layout-flex\">\n<div class=\"wp-block-column is-layout-flow wp-block-column-is-layout-flow\">\n<p>Aufgrund der vielen Vorteile, die die Westschweiz zu bieten hat, entscheiden sich immer mehr gro\u00dfe und kleine multinationale Unternehmen f\u00fcr die Westschweiz als neuen Standort.<\/p>\n<\/div>\n\n\n\n<div class=\"wp-block-column is-layout-flow wp-block-column-is-layout-flow\"><\/div>\n<\/div>\n\n\n<div class=\"reasonsWhy\">\n        <div class=\"container-lg p-0\">\n                            <div class=\"row\">\n                    <div class=\"col-md-5 col-12\">\n                        <h2 class=\"reasonsWhy__block_title\">\n                            6 Gr\u00fcnde, warum Sie in der Westschweiz investieren sollten\n                        <\/h2>\n                    <\/div>\n                <\/div>\n                        <div class=\"row\">\n                                                                        <div class=\"col-md-6 col-12\">\n                        <div\n                            class=\"reason animateFadeFromBottom  \">\n                            <div class=\"row\">\n                                <div class=\"col-md-auto col-12 reasonNumber\">\n                                    01\n                                <\/div>\n                                <div class=\"col-12 col-md\">\n\n                                    <div>\n                                                                                    <img loading=\"lazy\" decoding=\"async\" width=\"960\" height=\"660\" src=\"https:\/\/ggba.swiss\/app\/uploads\/2023\/07\/reason-1.jpg\" class=\"attachment-large size-large\" alt=\"\" srcset=\"https:\/\/ggba.swiss\/app\/uploads\/2023\/07\/reason-1.jpg 960w, https:\/\/ggba.swiss\/app\/uploads\/2023\/07\/reason-1-300x206.jpg 300w, https:\/\/ggba.swiss\/app\/uploads\/2023\/07\/reason-1-768x528.jpg 768w\" sizes=\"auto, (max-width: 960px) 100vw, 960px\" \/>\n                                        \n                                                                                    <h3>\n                                                Eine dynamische Region, die von Innovation gepr\u00e4gt ist\n                                            <\/h3>\n                                                                                                                            <p class=\"reasonWhyText\">\n                                                Hier treffen f\u00fchrende F&amp;E-Zentren, bedeutende Industriecluster sowie eine Kultur aufeinander, die nicht nur den Fortschritt und den Unternehmergeist f\u00f6rdert, sondern auf st\u00e4ndige Innovation setzt.\n                                            <\/p>\n                                                                            <\/div>\n                                <\/div>\n                            <\/div>\n                        <\/div>\n                    <\/div>\n                                                        <div class=\"col-md-6 col-12\">\n                        <div\n                            class=\"reason animateFadeFromBottom   reason--right \">\n                            <div class=\"row\">\n                                <div class=\"col-md-auto col-12 reasonNumber\">\n                                    02\n                                <\/div>\n                                <div class=\"col-12 col-md\">\n\n                                    <div>\n                                                                                    <img loading=\"lazy\" decoding=\"async\" width=\"960\" height=\"660\" src=\"https:\/\/ggba.swiss\/app\/uploads\/2023\/06\/raison2.jpg\" class=\"attachment-large size-large\" alt=\"\" srcset=\"https:\/\/ggba.swiss\/app\/uploads\/2023\/06\/raison2.jpg 960w, https:\/\/ggba.swiss\/app\/uploads\/2023\/06\/raison2-300x206.jpg 300w, https:\/\/ggba.swiss\/app\/uploads\/2023\/06\/raison2-768x528.jpg 768w\" sizes=\"auto, (max-width: 960px) 100vw, 960px\" \/>\n                                        \n                                                                                    <h3>\n                                                Eine internationale Atmosph\u00e4re im Herzen Europas\n                                            <\/h3>\n                                                                                                                            <p class=\"reasonWhyText\">\n                                                Dank des unmittelbaren Zugangs zu den gr\u00f6\u00dften europ\u00e4ischen M\u00e4rkten sind sowohl die geografische Lage als auch die Zug\u00e4nglichkeit des Landes ein gro\u00dfer Vorteil f\u00fcr den internationalen Handel.\n                                            <\/p>\n                                                                            <\/div>\n                                <\/div>\n                            <\/div>\n                        <\/div>\n                    <\/div>\n                                                        <div class=\"col-md-6 col-12\">\n                        <div\n                            class=\"reason animateFadeFromBottom  \">\n                            <div class=\"row\">\n                                <div class=\"col-md-auto col-12 reasonNumber\">\n                                    03\n                                <\/div>\n                                <div class=\"col-12 col-md\">\n\n                                    <div>\n                                                                                    <img loading=\"lazy\" decoding=\"async\" width=\"960\" height=\"660\" src=\"https:\/\/ggba.swiss\/app\/uploads\/2023\/06\/raison3.jpg\" class=\"attachment-large size-large\" alt=\"\" srcset=\"https:\/\/ggba.swiss\/app\/uploads\/2023\/06\/raison3.jpg 960w, https:\/\/ggba.swiss\/app\/uploads\/2023\/06\/raison3-300x206.jpg 300w, https:\/\/ggba.swiss\/app\/uploads\/2023\/06\/raison3-768x528.jpg 768w\" sizes=\"auto, (max-width: 960px) 100vw, 960px\" \/>\n                                        \n                                                                                    <h3>\n                                                Unternehmensfreundliche Beh\u00f6rden\n                                            <\/h3>\n                                                                                                                            <p class=\"reasonWhyText\">\n                                                Investitionsf\u00f6rdernde Ma\u00dfnahmen, vereinfachte Verfahren zur Unternehmensgr\u00fcndung und ein direkter Kontakt zu lokalen Beh\u00f6rden tragen dazu bei, dass die Region das optimale Umfeld f\u00fcr unternehmerische Initiativen bietet.\n                                            <\/p>\n                                                                            <\/div>\n                                <\/div>\n                            <\/div>\n                        <\/div>\n                    <\/div>\n                                                        <div class=\"col-md-6 col-12\">\n                        <div\n                            class=\"reason animateFadeFromBottom   reason--right \">\n                            <div class=\"row\">\n                                <div class=\"col-md-auto col-12 reasonNumber\">\n                                    04\n                                <\/div>\n                                <div class=\"col-12 col-md\">\n\n                                    <div>\n                                                                                    <img loading=\"lazy\" decoding=\"async\" width=\"960\" height=\"660\" src=\"https:\/\/ggba.swiss\/app\/uploads\/2023\/05\/raison4.jpg\" class=\"attachment-large size-large\" alt=\"\" srcset=\"https:\/\/ggba.swiss\/app\/uploads\/2023\/05\/raison4.jpg 960w, https:\/\/ggba.swiss\/app\/uploads\/2023\/05\/raison4-300x206.jpg 300w, https:\/\/ggba.swiss\/app\/uploads\/2023\/05\/raison4-768x528.jpg 768w\" sizes=\"auto, (max-width: 960px) 100vw, 960px\" \/>\n                                        \n                                                                                    <h3>\n                                                Hochqualifizierte und mehrsprachige Arbeitskr\u00e4fte\n                                            <\/h3>\n                                                                                                                            <p class=\"reasonWhyText\">\n                                                Aufgrund der praxisorientierten Berufsausbildung sowie renommierter Universit\u00e4ten gibt es in der Schweiz eine Vielzahl kompetenter Arbeitskr\u00e4fte, die den Anforderungen der Unternehmen gewachsen sind.\n                                            <\/p>\n                                                                            <\/div>\n                                <\/div>\n                            <\/div>\n                        <\/div>\n                    <\/div>\n                                                        <div class=\"col-md-6 col-12\">\n                        <div\n                            class=\"reason animateFadeFromBottom  \">\n                            <div class=\"row\">\n                                <div class=\"col-md-auto col-12 reasonNumber\">\n                                    05\n                                <\/div>\n                                <div class=\"col-12 col-md\">\n\n                                    <div>\n                                                                                    <img loading=\"lazy\" decoding=\"async\" width=\"960\" height=\"660\" src=\"https:\/\/ggba.swiss\/app\/uploads\/2023\/07\/reason-5.jpg\" class=\"attachment-large size-large\" alt=\"\" srcset=\"https:\/\/ggba.swiss\/app\/uploads\/2023\/07\/reason-5.jpg 960w, https:\/\/ggba.swiss\/app\/uploads\/2023\/07\/reason-5-300x206.jpg 300w, https:\/\/ggba.swiss\/app\/uploads\/2023\/07\/reason-5-768x528.jpg 768w\" sizes=\"auto, (max-width: 960px) 100vw, 960px\" \/>\n                                        \n                                                                                    <h3>\n                                                Erstklassige Einrichtungen und Infrastruktur\n                                            <\/h3>\n                                                                                                                            <p class=\"reasonWhyText\">\n                                                Die Schweiz verf\u00fcgt \u00fcber eine ausgezeichnete Infrastruktur, die sich durch ihre Verl\u00e4sslichkeit und Stabilit\u00e4t auszeichnet, wodurch ein optimales Umfeld f\u00fcr die Niederlassung und das Wachstum von Unternehmen geschaffen wird. \n                                            <\/p>\n                                                                            <\/div>\n                                <\/div>\n                            <\/div>\n                        <\/div>\n                    <\/div>\n                                                        <div class=\"col-md-6 col-12\">\n                        <div\n                            class=\"reason animateFadeFromBottom   reason--right \">\n                            <div class=\"row\">\n                                <div class=\"col-md-auto col-12 reasonNumber\">\n                                    06\n                                <\/div>\n                                <div class=\"col-12 col-md\">\n\n                                    <div>\n                                                                                    <img loading=\"lazy\" decoding=\"async\" width=\"960\" height=\"660\" src=\"https:\/\/ggba.swiss\/app\/uploads\/2023\/06\/WhySwitzerland_06.jpeg\" class=\"attachment-large size-large\" alt=\"\" srcset=\"https:\/\/ggba.swiss\/app\/uploads\/2023\/06\/WhySwitzerland_06.jpeg 960w, https:\/\/ggba.swiss\/app\/uploads\/2023\/06\/WhySwitzerland_06-300x206.jpeg 300w, https:\/\/ggba.swiss\/app\/uploads\/2023\/06\/WhySwitzerland_06-768x528.jpeg 768w\" sizes=\"auto, (max-width: 960px) 100vw, 960px\" \/>\n                                        \n                                                                                    <h3>\n                                                Ein atemberaubender Ort zum Leben und Arbeiten\n                                            <\/h3>\n                                                                                                                            <p class=\"reasonWhyText\">\n                                                Die idyllische Landschaft, kulturelle Vielfalt, politische und wirtschaftliche Stabilit\u00e4t sowie ein hervorragendes Gesundheitssystem tragen dazu bei, dass das Land ein gro\u00dfartiger Ort zum Leben und Arbeiten ist.\n                                            <\/p>\n                                                                            <\/div>\n                                <\/div>\n                            <\/div>\n                        <\/div>\n                    <\/div>\n                \n            <\/div>\n        <\/div>\n    <\/div>\n\n\n<div class=\"autoplayVideoContainer container-lg p-0\">\n  <div class=\"row g-3\">\n    <div class=\"col-12\">\n      <video autoplay loop muted playsinline class=\"autoplayVideo\">\n        <source src=\"https:\/\/ggba.swiss\/app\/uploads\/2023\/08\/Testimonials-Website-DE.mp4\" type=\"video\/mp4\">\n        Your browser does not support the video tag.\n      <\/video>\n    <\/div>\n  <\/div>\n<\/div>\n\n","protected":false},"excerpt":{"rendered":"<p>Aufgrund der vielen Vorteile, die die Westschweiz zu bieten hat, entscheiden sich immer mehr gro\u00dfe und kleine multinationale Unternehmen f\u00fcr die Westschweiz als neuen Standort.<\/p>\n","protected":false},"author":1,"featured_media":0,"parent":0,"menu_order":74,"comment_status":"closed","ping_status":"closed","template":"","meta":{"_acf_changed":false,"inline_featured_image":false,"footnotes":""},"class_list":["post-52","page","type-page","status-publish","hentry"],"acf":[],"yoast_head":"<!-- This site is optimized with the Yoast SEO plugin v27.2 - https:\/\/yoast.com\/product\/yoast-seo-wordpress\/ -->\n<title>Why Switzerland - Greater Geneva Bern area<\/title>\n<meta name=\"robots\" content=\"index, follow, max-snippet:-1, max-image-preview:large, max-video-preview:-1\" \/>\n<link rel=\"canonical\" href=\"https:\/\/ggba.swiss\/de\/why-switzerland\/\" \/>\n<meta property=\"og:locale\" content=\"de_DE\" \/>\n<meta property=\"og:type\" content=\"article\" \/>\n<meta property=\"og:title\" content=\"Why Switzerland - Greater Geneva Bern area\" \/>\n<meta property=\"og:description\" content=\"Aufgrund der vielen Vorteile, die die Westschweiz zu bieten hat, entscheiden sich immer mehr gro\u00dfe und kleine multinationale Unternehmen f\u00fcr die Westschweiz als neuen Standort.\" \/>\n<meta property=\"og:url\" content=\"https:\/\/ggba.swiss\/de\/why-switzerland\/\" \/>\n<meta property=\"og:site_name\" content=\"Greater Geneva Bern area\" \/>\n<meta property=\"article:modified_time\" content=\"2023-08-07T14:58:35+00:00\" \/>\n<meta name=\"twitter:card\" content=\"summary_large_image\" \/>\n<meta name=\"twitter:label1\" content=\"Gesch\u00e4tzte Lesezeit\" \/>\n\t<meta name=\"twitter:data1\" content=\"1 minute\" \/>\n<script type=\"application\/ld+json\" class=\"yoast-schema-graph\">{\"@context\":\"https:\/\/schema.org\",\"@graph\":[{\"@type\":\"WebPage\",\"@id\":\"https:\/\/ggba.swiss\/de\/why-switzerland\/\",\"url\":\"https:\/\/ggba.swiss\/de\/why-switzerland\/\",\"name\":\"Why Switzerland - Greater Geneva Bern area\",\"isPartOf\":{\"@id\":\"https:\/\/staging.ggba.swiss\/en\/#website\"},\"datePublished\":\"2023-02-28T13:59:08+00:00\",\"dateModified\":\"2023-08-07T14:58:35+00:00\",\"breadcrumb\":{\"@id\":\"https:\/\/ggba.swiss\/de\/why-switzerland\/#breadcrumb\"},\"inLanguage\":\"de-DE\",\"potentialAction\":[{\"@type\":\"ReadAction\",\"target\":[\"https:\/\/ggba.swiss\/de\/why-switzerland\/\"]}]},{\"@type\":\"BreadcrumbList\",\"@id\":\"https:\/\/ggba.swiss\/de\/why-switzerland\/#breadcrumb\",\"itemListElement\":[{\"@type\":\"ListItem\",\"position\":1,\"name\":\"Home\",\"item\":\"https:\/\/ggba.swiss\/de\/\"},{\"@type\":\"ListItem\",\"position\":2,\"name\":\"Why Switzerland\"}]},{\"@type\":\"WebSite\",\"@id\":\"https:\/\/staging.ggba.swiss\/en\/#website\",\"url\":\"https:\/\/staging.ggba.swiss\/en\/\",\"name\":\"Greater Geneva Bern area\",\"description\":\"\",\"potentialAction\":[{\"@type\":\"SearchAction\",\"target\":{\"@type\":\"EntryPoint\",\"urlTemplate\":\"https:\/\/staging.ggba.swiss\/en\/?s={search_term_string}\"},\"query-input\":{\"@type\":\"PropertyValueSpecification\",\"valueRequired\":true,\"valueName\":\"search_term_string\"}}],\"inLanguage\":\"de-DE\"}]}<\/script>\n<!-- \/ Yoast SEO plugin. -->","yoast_head_json":{"title":"Why Switzerland - Greater Geneva Bern area","robots":{"index":"index","follow":"follow","max-snippet":"max-snippet:-1","max-image-preview":"max-image-preview:large","max-video-preview":"max-video-preview:-1"},"canonical":"https:\/\/ggba.swiss\/de\/why-switzerland\/","og_locale":"de_DE","og_type":"article","og_title":"Why Switzerland - Greater Geneva Bern area","og_description":"Aufgrund der vielen Vorteile, die die Westschweiz zu bieten hat, entscheiden sich immer mehr gro\u00dfe und kleine multinationale Unternehmen f\u00fcr die Westschweiz als neuen Standort.","og_url":"https:\/\/ggba.swiss\/de\/why-switzerland\/","og_site_name":"Greater Geneva Bern area","article_modified_time":"2023-08-07T14:58:35+00:00","twitter_card":"summary_large_image","twitter_misc":{"Gesch\u00e4tzte Lesezeit":"1 minute"},"schema":{"@context":"https:\/\/schema.org","@graph":[{"@type":"WebPage","@id":"https:\/\/ggba.swiss\/de\/why-switzerland\/","url":"https:\/\/ggba.swiss\/de\/why-switzerland\/","name":"Why Switzerland - Greater Geneva Bern area","isPartOf":{"@id":"https:\/\/staging.ggba.swiss\/en\/#website"},"datePublished":"2023-02-28T13:59:08+00:00","dateModified":"2023-08-07T14:58:35+00:00","breadcrumb":{"@id":"https:\/\/ggba.swiss\/de\/why-switzerland\/#breadcrumb"},"inLanguage":"de-DE","potentialAction":[{"@type":"ReadAction","target":["https:\/\/ggba.swiss\/de\/why-switzerland\/"]}]},{"@type":"BreadcrumbList","@id":"https:\/\/ggba.swiss\/de\/why-switzerland\/#breadcrumb","itemListElement":[{"@type":"ListItem","position":1,"name":"Home","item":"https:\/\/ggba.swiss\/de\/"},{"@type":"ListItem","position":2,"name":"Why Switzerland"}]},{"@type":"WebSite","@id":"https:\/\/staging.ggba.swiss\/en\/#website","url":"https:\/\/staging.ggba.swiss\/en\/","name":"Greater Geneva Bern area","description":"","potentialAction":[{"@type":"SearchAction","target":{"@type":"EntryPoint","urlTemplate":"https:\/\/staging.ggba.swiss\/en\/?s={search_term_string}"},"query-input":{"@type":"PropertyValueSpecification","valueRequired":true,"valueName":"search_term_string"}}],"inLanguage":"de-DE"}]}},"_links":{"self":[{"href":"https:\/\/ggba.swiss\/de\/wp-json\/wp\/v2\/pages\/52","targetHints":{"allow":["GET"]}}],"collection":[{"href":"https:\/\/ggba.swiss\/de\/wp-json\/wp\/v2\/pages"}],"about":[{"href":"https:\/\/ggba.swiss\/de\/wp-json\/wp\/v2\/types\/page"}],"author":[{"embeddable":true,"href":"https:\/\/ggba.swiss\/de\/wp-json\/wp\/v2\/users\/1"}],"replies":[{"embeddable":true,"href":"https:\/\/ggba.swiss\/de\/wp-json\/wp\/v2\/comments?post=52"}],"version-history":[{"count":17,"href":"https:\/\/ggba.swiss\/de\/wp-json\/wp\/v2\/pages\/52\/revisions"}],"predecessor-version":[{"id":19249,"href":"https:\/\/ggba.swiss\/de\/wp-json\/wp\/v2\/pages\/52\/revisions\/19249"}],"wp:attachment":[{"href":"https:\/\/ggba.swiss\/de\/wp-json\/wp\/v2\/media?parent=52"}],"curies":[{"name":"wp","href":"https:\/\/api.w.org\/{rel}","templated":true}]}}