{"id":1149,"date":"2023-05-15T11:34:54","date_gmt":"2023-05-15T09:34:54","guid":{"rendered":"https:\/\/ggba.swiss\/?page_id=1149"},"modified":"2026-03-11T14:52:32","modified_gmt":"2026-03-11T13:52:32","slug":"notre-equipe","status":"publish","type":"page","link":"https:\/\/ggba.swiss\/fr\/services\/notre-equipe\/","title":{"rendered":"Notre \u00e9quipe"},"content":{"rendered":"\n<div class=\"wp-block-columns is-layout-flex wp-container-core-columns-is-layout-9d6595d7 wp-block-columns-is-layout-flex\">\n<div class=\"wp-block-column is-layout-flow wp-block-column-is-layout-flow\"><div class=\"intro\">\n  <p>Notre \u00e9quipe vous accompagne dans votre processus d\u2019implantation en Suisse occidentale. Nous vous offrons l\u2019expertise et les ressources n\u00e9cessaires pour atteindre vos objectifs.<\/p>\n\n<\/div>\n\n<\/div>\n\n\n\n<div class=\"wp-block-column is-layout-flow wp-block-column-is-layout-flow\"><\/div>\n<\/div>\n","protected":false},"excerpt":{"rendered":"","protected":false},"author":1,"featured_media":0,"parent":60,"menu_order":28,"comment_status":"closed","ping_status":"closed","template":"template-team.blade.php","meta":{"_acf_changed":false,"inline_featured_image":false,"footnotes":""},"class_list":["post-1149","page","type-page","status-publish","hentry"],"acf":{"team_group":[{"country":"Suisse","team_member":[{"firstname":"Thomas","lastname":"Bohn","job":"CEO","email":"t.bohn@ggba.swiss","phone":"+41 21 644 00 90","image":35503},{"firstname":"St\u00e9phanie ","lastname":"Celis","job":"Assistante de direction","email":"s.celis@ggba.swiss","phone":"+41 21 644 00 90","image":35494},{"firstname":"Malcolm","lastname":"Wade","job":"Responsable communication","email":"m.wade@ggba.swiss","phone":"+41 21 644 00 90","image":35467},{"firstname":"Pierre-Yves","lastname":"Oehrli","job":"Communications Manager","email":"p-y.oehrli@ggba.swiss","phone":"+41 21 644 00 90","image":35482}]},{"country":"Allemagne","team_member":[{"firstname":"Sara","lastname":"Schneider-Hama\u00ef","job":"Directrice Allemagne et Benelux","email":"s.schneider-hamai@ggba.swiss","phone":"+49 69 46909660","image":35485},{"firstname":"Shayan","lastname":"Balali","job":"Directeur Allemagne","email":"s.balali@ggba.swiss","phone":"+49 152 05833947","image":35488}]},{"country":"Br\u00e9sil","team_member":[{"firstname":"Thiago","lastname":"Cruz Silveira","job":"Directeur Br\u00e9sil","email":"t.silveira@ggba.swiss","phone":"+ 55 21 98862-2629","image":35497}]},{"country":"Chine","team_member":[{"firstname":"Shun","lastname":"Zhou","job":"Directeur Chine","email":"s.zhou@ggba.swiss","phone":"+86 21 615 74955","image":35491},{"firstname":"Nina","lastname":"Liu","job":"Marketing & BD Manager","email":"n.liu@ggba.swiss","phone":"+86 21 6157 4955","image":35473}]},{"country":"France","team_member":[{"firstname":"Olivier","lastname":"Petit","job":"Directeur France","email":"o.petit@ggba.swiss","phone":" +33 6 25 58 46 73","image":35476},{"firstname":"Thierry","lastname":"Baglan","job":"Senior Advisor","email":"t.baglan@ggba.swiss","phone":"+33 4 72 17 58 20","image":35500},{"firstname":"Pauline","lastname":"Degaudenzi","job":"Directrice France","email":"p.degaudenzi@ggba.swiss","phone":"+33 6 99 48 78 91","image":35479}]},{"country":"Etats-unis","team_member":[{"firstname":"Mark","lastname":"White","job":"Directeur USA","email":"m.white@ggba.swiss","phone":"+1 949 395 0642","image":35470},{"firstname":"Marjorie","lastname":"Hamelin","job":"Directrice USA","email":"m.hamelin@ggba.swiss","phone":" +1 650 209 2769","image":35513}]},{"country":"Autres pays","team_member":[{"firstname":"Amitabh","lastname":"Arora","job":"Directeur Grands Comptes","email":"a.arora@ggba.swiss","phone":"+84 902 35 97 30","image":35458},{"firstname":"Iris","lastname":"Gaudras","job":"Directrice Grands Comptes","email":"i.gaudras@ggba.swiss","phone":"+41 21 644 00 90","image":35464},{"firstname":"Yassin","lastname":"Nahi","job":"Directeur Life Sciences","email":"y.nahi@ggba.swiss","phone":"+44 7913 200249","image":35506}]}]},"yoast_head":"<!-- This site is optimized with the Yoast SEO plugin v27.2 - https:\/\/yoast.com\/product\/yoast-seo-wordpress\/ -->\n<title>\u00c0 Votre Service - Rencontrez l&#039;\u00c9quipe du GGBa | GGBa<\/title>\n<meta name=\"description\" content=\"L&#039;\u00e9quipe du GGBa offre l&#039;expertise et les ressources pour la mise en place r\u00e9ussie de votre entreprise en Suisse occidentale.\" \/>\n<meta name=\"robots\" content=\"index, follow, max-snippet:-1, max-image-preview:large, max-video-preview:-1\" \/>\n<link rel=\"canonical\" href=\"https:\/\/ggba.swiss\/fr\/services\/notre-equipe\/\" \/>\n<meta property=\"og:locale\" content=\"fr_FR\" \/>\n<meta property=\"og:type\" content=\"article\" \/>\n<meta property=\"og:title\" content=\"\u00c0 Votre Service - Rencontrez l&#039;\u00c9quipe du GGBa | GGBa\" \/>\n<meta property=\"og:description\" content=\"L&#039;\u00e9quipe du GGBa offre l&#039;expertise et les ressources pour la mise en place r\u00e9ussie de votre entreprise en Suisse occidentale.\" \/>\n<meta property=\"og:url\" content=\"https:\/\/ggba.swiss\/fr\/services\/notre-equipe\/\" \/>\n<meta property=\"og:site_name\" content=\"Greater Geneva Bern area\" \/>\n<meta property=\"article:modified_time\" content=\"2026-03-11T13:52:32+00:00\" \/>\n<meta name=\"twitter:card\" content=\"summary_large_image\" \/>\n<script type=\"application\/ld+json\" class=\"yoast-schema-graph\">{\"@context\":\"https:\/\/schema.org\",\"@graph\":[{\"@type\":\"WebPage\",\"@id\":\"https:\/\/ggba.swiss\/fr\/services\/notre-equipe\/\",\"url\":\"https:\/\/ggba.swiss\/fr\/services\/notre-equipe\/\",\"name\":\"\u00c0 Votre Service - Rencontrez l'\u00c9quipe du GGBa | GGBa\",\"isPartOf\":{\"@id\":\"https:\/\/staging.ggba.swiss\/en\/#website\"},\"datePublished\":\"2023-05-15T09:34:54+00:00\",\"dateModified\":\"2026-03-11T13:52:32+00:00\",\"description\":\"L'\u00e9quipe du GGBa offre l'expertise et les ressources pour la mise en place r\u00e9ussie de votre entreprise en Suisse occidentale.\",\"breadcrumb\":{\"@id\":\"https:\/\/ggba.swiss\/fr\/services\/notre-equipe\/#breadcrumb\"},\"inLanguage\":\"fr-FR\",\"potentialAction\":[{\"@type\":\"ReadAction\",\"target\":[\"https:\/\/ggba.swiss\/fr\/services\/notre-equipe\/\"]}]},{\"@type\":\"BreadcrumbList\",\"@id\":\"https:\/\/ggba.swiss\/fr\/services\/notre-equipe\/#breadcrumb\",\"itemListElement\":[{\"@type\":\"ListItem\",\"position\":1,\"name\":\"Home\",\"item\":\"https:\/\/ggba.swiss\/fr\/\"},{\"@type\":\"ListItem\",\"position\":2,\"name\":\"Services\",\"item\":\"https:\/\/ggba.swiss\/fr\/services\/\"},{\"@type\":\"ListItem\",\"position\":3,\"name\":\"Notre \u00e9quipe\"}]},{\"@type\":\"WebSite\",\"@id\":\"https:\/\/staging.ggba.swiss\/en\/#website\",\"url\":\"https:\/\/staging.ggba.swiss\/en\/\",\"name\":\"Greater Geneva Bern area\",\"description\":\"\",\"potentialAction\":[{\"@type\":\"SearchAction\",\"target\":{\"@type\":\"EntryPoint\",\"urlTemplate\":\"https:\/\/staging.ggba.swiss\/en\/?s={search_term_string}\"},\"query-input\":{\"@type\":\"PropertyValueSpecification\",\"valueRequired\":true,\"valueName\":\"search_term_string\"}}],\"inLanguage\":\"fr-FR\"}]}<\/script>\n<!-- \/ Yoast SEO plugin. -->","yoast_head_json":{"title":"\u00c0 Votre Service - Rencontrez l'\u00c9quipe du GGBa | GGBa","description":"L'\u00e9quipe du GGBa offre l'expertise et les ressources pour la mise en place r\u00e9ussie de votre entreprise en Suisse occidentale.","robots":{"index":"index","follow":"follow","max-snippet":"max-snippet:-1","max-image-preview":"max-image-preview:large","max-video-preview":"max-video-preview:-1"},"canonical":"https:\/\/ggba.swiss\/fr\/services\/notre-equipe\/","og_locale":"fr_FR","og_type":"article","og_title":"\u00c0 Votre Service - Rencontrez l'\u00c9quipe du GGBa | GGBa","og_description":"L'\u00e9quipe du GGBa offre l'expertise et les ressources pour la mise en place r\u00e9ussie de votre entreprise en Suisse occidentale.","og_url":"https:\/\/ggba.swiss\/fr\/services\/notre-equipe\/","og_site_name":"Greater Geneva Bern area","article_modified_time":"2026-03-11T13:52:32+00:00","twitter_card":"summary_large_image","schema":{"@context":"https:\/\/schema.org","@graph":[{"@type":"WebPage","@id":"https:\/\/ggba.swiss\/fr\/services\/notre-equipe\/","url":"https:\/\/ggba.swiss\/fr\/services\/notre-equipe\/","name":"\u00c0 Votre Service - Rencontrez l'\u00c9quipe du GGBa | GGBa","isPartOf":{"@id":"https:\/\/staging.ggba.swiss\/en\/#website"},"datePublished":"2023-05-15T09:34:54+00:00","dateModified":"2026-03-11T13:52:32+00:00","description":"L'\u00e9quipe du GGBa offre l'expertise et les ressources pour la mise en place r\u00e9ussie de votre entreprise en Suisse occidentale.","breadcrumb":{"@id":"https:\/\/ggba.swiss\/fr\/services\/notre-equipe\/#breadcrumb"},"inLanguage":"fr-FR","potentialAction":[{"@type":"ReadAction","target":["https:\/\/ggba.swiss\/fr\/services\/notre-equipe\/"]}]},{"@type":"BreadcrumbList","@id":"https:\/\/ggba.swiss\/fr\/services\/notre-equipe\/#breadcrumb","itemListElement":[{"@type":"ListItem","position":1,"name":"Home","item":"https:\/\/ggba.swiss\/fr\/"},{"@type":"ListItem","position":2,"name":"Services","item":"https:\/\/ggba.swiss\/fr\/services\/"},{"@type":"ListItem","position":3,"name":"Notre \u00e9quipe"}]},{"@type":"WebSite","@id":"https:\/\/staging.ggba.swiss\/en\/#website","url":"https:\/\/staging.ggba.swiss\/en\/","name":"Greater Geneva Bern area","description":"","potentialAction":[{"@type":"SearchAction","target":{"@type":"EntryPoint","urlTemplate":"https:\/\/staging.ggba.swiss\/en\/?s={search_term_string}"},"query-input":{"@type":"PropertyValueSpecification","valueRequired":true,"valueName":"search_term_string"}}],"inLanguage":"fr-FR"}]}},"_links":{"self":[{"href":"https:\/\/ggba.swiss\/fr\/wp-json\/wp\/v2\/pages\/1149","targetHints":{"allow":["GET"]}}],"collection":[{"href":"https:\/\/ggba.swiss\/fr\/wp-json\/wp\/v2\/pages"}],"about":[{"href":"https:\/\/ggba.swiss\/fr\/wp-json\/wp\/v2\/types\/page"}],"author":[{"embeddable":true,"href":"https:\/\/ggba.swiss\/fr\/wp-json\/wp\/v2\/users\/1"}],"replies":[{"embeddable":true,"href":"https:\/\/ggba.swiss\/fr\/wp-json\/wp\/v2\/comments?post=1149"}],"version-history":[{"count":40,"href":"https:\/\/ggba.swiss\/fr\/wp-json\/wp\/v2\/pages\/1149\/revisions"}],"predecessor-version":[{"id":38078,"href":"https:\/\/ggba.swiss\/fr\/wp-json\/wp\/v2\/pages\/1149\/revisions\/38078"}],"up":[{"embeddable":true,"href":"https:\/\/ggba.swiss\/fr\/wp-json\/wp\/v2\/pages\/60"}],"wp:attachment":[{"href":"https:\/\/ggba.swiss\/fr\/wp-json\/wp\/v2\/media?parent=1149"}],"curies":[{"name":"wp","href":"https:\/\/api.w.org\/{rel}","templated":true}]}}