{"id":117,"date":"2023-03-28T10:41:34","date_gmt":"2023-03-28T08:41:34","guid":{"rendered":"https:\/\/ggba.swiss\/?page_id=117"},"modified":"2023-08-16T16:34:03","modified_gmt":"2023-08-16T14:34:03","slug":"impressum","status":"publish","type":"page","link":"https:\/\/ggba.swiss\/fr\/impressum\/","title":{"rendered":"Impressum"},"content":{"rendered":"\n<h2 class=\"wp-block-heading\"><strong>\u00c9dition<\/strong><\/h2>\n\n\n\n<h3 class=\"wp-block-heading\">Greater Geneva Bern area<\/h3>\n\n\n\n<p><strong>Invest Western Switzerland<\/strong><\/p>\n\n\n\n<p><a href=\"https:\/\/goo.gl\/maps\/txmCzkNLhLBHHDAU9\">World Trade Center<br>Av. de Gratta-Paille 2<br>1018 Lausanne<br>Switzerland<\/a><\/p>\n\n\n\n<h2 class=\"wp-block-heading\"><strong>R\u00e9alisation<\/strong><\/h2>\n\n\n\n<p>Le site internet a \u00e9t\u00e9 r\u00e9alis\u00e9 par <a href=\"https:\/\/www.8bitstudio.ch\/\" data-type=\"URL\" data-id=\"https:\/\/www.8bitstudio.ch\/\">8bitstudio<\/a><\/p>\n\n\n\n<p><a href=\"https:\/\/goo.gl\/maps\/XYrKhHhSNMD3bDFx7\" data-type=\"URL\" data-id=\"https:\/\/goo.gl\/maps\/XYrKhHhSNMD3bDFx7\">Avenue de Beaulieu 3<br>1004 Lausanne<br>Suisse<\/a><\/p>\n","protected":false},"excerpt":{"rendered":"<p>\u00c9dition Greater Geneva Bern area Invest Western Switzerland World Trade CenterAv. de Gratta-Paille 21018 LausanneSwitzerland R\u00e9alisation Le site internet a \u00e9t\u00e9 r\u00e9alis\u00e9 par 8bitstudio Avenue de Beaulieu 31004 LausanneSuisse<\/p>\n","protected":false},"author":1,"featured_media":0,"parent":0,"menu_order":66,"comment_status":"closed","ping_status":"closed","template":"","meta":{"_acf_changed":false,"inline_featured_image":false,"footnotes":""},"class_list":["post-117","page","type-page","status-publish","hentry"],"acf":[],"yoast_head":"<!-- This site is optimized with the Yoast SEO plugin v27.2 - https:\/\/yoast.com\/product\/yoast-seo-wordpress\/ -->\n<title>Impressum | Greater Geneva Bern area<\/title>\n<meta name=\"robots\" content=\"index, follow, max-snippet:-1, max-image-preview:large, max-video-preview:-1\" \/>\n<link rel=\"canonical\" href=\"https:\/\/ggba.swiss\/fr\/impressum\/\" \/>\n<meta property=\"og:locale\" content=\"fr_FR\" \/>\n<meta property=\"og:type\" content=\"article\" \/>\n<meta property=\"og:title\" content=\"Impressum | Greater Geneva Bern area\" \/>\n<meta property=\"og:description\" content=\"\u00c9dition Greater Geneva Bern area Invest Western Switzerland World Trade CenterAv. de Gratta-Paille 21018 LausanneSwitzerland R\u00e9alisation Le site internet a \u00e9t\u00e9 r\u00e9alis\u00e9 par 8bitstudio Avenue de Beaulieu 31004 LausanneSuisse\" \/>\n<meta property=\"og:url\" content=\"https:\/\/ggba.swiss\/fr\/impressum\/\" \/>\n<meta property=\"og:site_name\" content=\"Greater Geneva Bern area\" \/>\n<meta property=\"article:modified_time\" content=\"2023-08-16T14:34:03+00:00\" \/>\n<meta name=\"twitter:card\" content=\"summary_large_image\" \/>\n<meta name=\"twitter:label1\" content=\"Dur\u00e9e de lecture estim\u00e9e\" \/>\n\t<meta name=\"twitter:data1\" content=\"1 minute\" \/>\n<script type=\"application\/ld+json\" class=\"yoast-schema-graph\">{\"@context\":\"https:\/\/schema.org\",\"@graph\":[{\"@type\":\"WebPage\",\"@id\":\"https:\/\/ggba.swiss\/fr\/impressum\/\",\"url\":\"https:\/\/ggba.swiss\/fr\/impressum\/\",\"name\":\"Impressum | Greater Geneva Bern area\",\"isPartOf\":{\"@id\":\"https:\/\/staging.ggba.swiss\/en\/#website\"},\"datePublished\":\"2023-03-28T08:41:34+00:00\",\"dateModified\":\"2023-08-16T14:34:03+00:00\",\"breadcrumb\":{\"@id\":\"https:\/\/ggba.swiss\/fr\/impressum\/#breadcrumb\"},\"inLanguage\":\"fr-FR\",\"potentialAction\":[{\"@type\":\"ReadAction\",\"target\":[\"https:\/\/ggba.swiss\/fr\/impressum\/\"]}]},{\"@type\":\"BreadcrumbList\",\"@id\":\"https:\/\/ggba.swiss\/fr\/impressum\/#breadcrumb\",\"itemListElement\":[{\"@type\":\"ListItem\",\"position\":1,\"name\":\"Home\",\"item\":\"https:\/\/ggba.swiss\/fr\/\"},{\"@type\":\"ListItem\",\"position\":2,\"name\":\"Impressum\"}]},{\"@type\":\"WebSite\",\"@id\":\"https:\/\/staging.ggba.swiss\/en\/#website\",\"url\":\"https:\/\/staging.ggba.swiss\/en\/\",\"name\":\"Greater Geneva Bern area\",\"description\":\"\",\"potentialAction\":[{\"@type\":\"SearchAction\",\"target\":{\"@type\":\"EntryPoint\",\"urlTemplate\":\"https:\/\/staging.ggba.swiss\/en\/?s={search_term_string}\"},\"query-input\":{\"@type\":\"PropertyValueSpecification\",\"valueRequired\":true,\"valueName\":\"search_term_string\"}}],\"inLanguage\":\"fr-FR\"}]}<\/script>\n<!-- \/ Yoast SEO plugin. -->","yoast_head_json":{"title":"Impressum | Greater Geneva Bern area","robots":{"index":"index","follow":"follow","max-snippet":"max-snippet:-1","max-image-preview":"max-image-preview:large","max-video-preview":"max-video-preview:-1"},"canonical":"https:\/\/ggba.swiss\/fr\/impressum\/","og_locale":"fr_FR","og_type":"article","og_title":"Impressum | Greater Geneva Bern area","og_description":"\u00c9dition Greater Geneva Bern area Invest Western Switzerland World Trade CenterAv. de Gratta-Paille 21018 LausanneSwitzerland R\u00e9alisation Le site internet a \u00e9t\u00e9 r\u00e9alis\u00e9 par 8bitstudio Avenue de Beaulieu 31004 LausanneSuisse","og_url":"https:\/\/ggba.swiss\/fr\/impressum\/","og_site_name":"Greater Geneva Bern area","article_modified_time":"2023-08-16T14:34:03+00:00","twitter_card":"summary_large_image","twitter_misc":{"Dur\u00e9e de lecture estim\u00e9e":"1 minute"},"schema":{"@context":"https:\/\/schema.org","@graph":[{"@type":"WebPage","@id":"https:\/\/ggba.swiss\/fr\/impressum\/","url":"https:\/\/ggba.swiss\/fr\/impressum\/","name":"Impressum | Greater Geneva Bern area","isPartOf":{"@id":"https:\/\/staging.ggba.swiss\/en\/#website"},"datePublished":"2023-03-28T08:41:34+00:00","dateModified":"2023-08-16T14:34:03+00:00","breadcrumb":{"@id":"https:\/\/ggba.swiss\/fr\/impressum\/#breadcrumb"},"inLanguage":"fr-FR","potentialAction":[{"@type":"ReadAction","target":["https:\/\/ggba.swiss\/fr\/impressum\/"]}]},{"@type":"BreadcrumbList","@id":"https:\/\/ggba.swiss\/fr\/impressum\/#breadcrumb","itemListElement":[{"@type":"ListItem","position":1,"name":"Home","item":"https:\/\/ggba.swiss\/fr\/"},{"@type":"ListItem","position":2,"name":"Impressum"}]},{"@type":"WebSite","@id":"https:\/\/staging.ggba.swiss\/en\/#website","url":"https:\/\/staging.ggba.swiss\/en\/","name":"Greater Geneva Bern area","description":"","potentialAction":[{"@type":"SearchAction","target":{"@type":"EntryPoint","urlTemplate":"https:\/\/staging.ggba.swiss\/en\/?s={search_term_string}"},"query-input":{"@type":"PropertyValueSpecification","valueRequired":true,"valueName":"search_term_string"}}],"inLanguage":"fr-FR"}]}},"_links":{"self":[{"href":"https:\/\/ggba.swiss\/fr\/wp-json\/wp\/v2\/pages\/117","targetHints":{"allow":["GET"]}}],"collection":[{"href":"https:\/\/ggba.swiss\/fr\/wp-json\/wp\/v2\/pages"}],"about":[{"href":"https:\/\/ggba.swiss\/fr\/wp-json\/wp\/v2\/types\/page"}],"author":[{"embeddable":true,"href":"https:\/\/ggba.swiss\/fr\/wp-json\/wp\/v2\/users\/1"}],"replies":[{"embeddable":true,"href":"https:\/\/ggba.swiss\/fr\/wp-json\/wp\/v2\/comments?post=117"}],"version-history":[{"count":4,"href":"https:\/\/ggba.swiss\/fr\/wp-json\/wp\/v2\/pages\/117\/revisions"}],"predecessor-version":[{"id":1913,"href":"https:\/\/ggba.swiss\/fr\/wp-json\/wp\/v2\/pages\/117\/revisions\/1913"}],"wp:attachment":[{"href":"https:\/\/ggba.swiss\/fr\/wp-json\/wp\/v2\/media?parent=117"}],"curies":[{"name":"wp","href":"https:\/\/api.w.org\/{rel}","templated":true}]}}