{"id":3,"date":"2023-02-27T17:06:24","date_gmt":"2023-02-27T16:06:24","guid":{"rendered":"https:\/\/ggba.swiss\/?page_id=3"},"modified":"2023-10-16T11:18:40","modified_gmt":"2023-10-16T09:18:40","slug":"protection-des-donnees","status":"publish","type":"page","link":"https:\/\/ggba.swiss\/fr\/protection-des-donnees\/","title":{"rendered":"Protection des donn\u00e9es"},"content":{"rendered":"\n<p><br><\/p>\n\n\n\n<h2 class=\"wp-block-heading\">Cookies<\/h2>\n\n\n\n<p>Ce site web utilise des cookies pour am\u00e9liorer votre exp\u00e9rience lorsque vous naviguez sur ce site. Les cookies class\u00e9s comme n\u00e9cessaires sont stock\u00e9s sur votre navigateur car ils sont essentiels au bon fonctionnement des fonctionnalit\u00e9s de base du site web. Nous utilisons \u00e9galement des cookies tiers qui nous aident \u00e0 analyser et \u00e0 comprendre comment vous utilisez le site. Ces cookies ne seront stock\u00e9s dans votre navigateur qu\u2019avec votre consentement. Vous avez \u00e9galement la possibilit\u00e9 de refuser ces cookies.<\/p>\n\n\n\n<h3 class=\"wp-block-heading\">Cookies indispensables<\/h3>\n\n\n\n<p>Les cookies indispensables au bon fonctionnement du site web. Cette cat\u00e9gorie ne comprend que les cookies qui assurent les fonctionnalit\u00e9s de base et de s\u00e9curit\u00e9 du site. Ces cookies ne stockent aucune information personnelle.<\/p>\n\n\n\n<h3 class=\"wp-block-heading\">Cookies non indispensables<\/h3>\n\n\n\n<p>Les cookies qui ne sont pas indispensables au fonctionnement du site et qui sont utilis\u00e9s sp\u00e9cifiquement pour collecter des donn\u00e9es personnelles de l\u2019utilisateur par le biais d\u2019analyses, de publicit\u00e9s ou d\u2019autres contenus int\u00e9gr\u00e9s sont appel\u00e9s cookies non indispensables. Il est obligatoire d\u2019obtenir le consentement de l\u2019utilisateur avant de placer ces cookies sur votre navigateur web.<\/p>\n\n\n\n<h2 class=\"wp-block-heading\">Politique de confidentialit\u00e9<\/h2>\n\n\n\n<p>La protection et la s\u00e9curit\u00e9 des donn\u00e9es sont importantes pour le Greater Geneva Bern area (GGBa), qui s\u2019engage \u00e0 traiter toute donn\u00e9e personnelle de mani\u00e8re responsable, avec le consentement de l\u2019utilisateur et conform\u00e9ment aux directives du R\u00e8glement G\u00e9n\u00e9ral sur la Protection des Donn\u00e9es (RGPD). La pr\u00e9sente politique de confidentialit\u00e9 explique comment notre organisation utilise les donn\u00e9es personnelles que nous recueillons aupr\u00e8s de vous lorsque vous utilisez notre (nos) site(s) web. Le Greater Geneva Bern area (GGBa) est l\u2019entit\u00e9 responsable du traitement des donn\u00e9es personnelles pour les sites web <a href=\"http:\/\/www.ggba.swiss\" data-type=\"URL\" data-id=\"www.ggba.swiss\">www.ggba.swiss<\/a> et <a href=\"http:\/\/www.investinswitzerland.com\" data-type=\"URL\" data-id=\"www.investinswitzerland.com\">www.investinswitzerland.com<\/a>.<\/p>\n\n\n\n<h3 class=\"wp-block-heading\">Donn\u00e9es collect\u00e9es et finalit\u00e9s de leur traitement<\/h3>\n\n\n\n<p>Par donn\u00e9es \u00e0 caract\u00e8re personnel, nous entendons toute information relative \u00e0 une personne physique identifiable ou pouvant \u00eatre identifi\u00e9e, directement ou indirectement. Nous pouvons collecter et traiter les donn\u00e9es personnelles suivantes concernant les visiteurs de nos sites web pour les finalit\u00e9s d\u00e9crites ci-apr\u00e8s&nbsp;:<\/p>\n\n\n\n<ul class=\"wp-block-list\">\n<li>Les donn\u00e9es relatives \u00e0 votre identit\u00e9, notamment votre titre, nom, pr\u00e9nom, adresse \u00e9lectronique, dans le cadre du traitement des requ\u00eates effectu\u00e9es par l\u2019interm\u00e9diaire du formulaire de contact ou lors de votre abonnement \u00e0 notre (nos) newsletter(s). Les champs obligatoires aux fins du traitement de vos demandes sont marqu\u00e9s d\u2019un ast\u00e9risque dans les formulaires de contact.<\/li>\n\n\n\n<li>Les donn\u00e9es relatives \u00e0 votre navigation, telles que la date, l\u2019heure de connexion et\/ou de navigation, le type de navigateur, la langue du navigateur, l\u2019adresse IP. Ces donn\u00e9es sont utilis\u00e9es pour vous offrir une meilleure exp\u00e9rience utilisateur.<\/li>\n<\/ul>\n\n\n\n<h3 class=\"wp-block-heading\">Destinataires<\/h3>\n\n\n\n<p>Vos donn\u00e9es personnelles peuvent \u00eatre divulgu\u00e9es \u00e0 certains organismes partenaires ou repr\u00e9sentants du GGBa, tout en pr\u00e9servant la confidentialit\u00e9 et la s\u00e9curit\u00e9 des donn\u00e9es personnelles et uniquement dans la mesure n\u00e9cessaire \u00e0 l\u2019accomplissement de leurs fonctions. Afin d\u2019optimiser la qualit\u00e9 des services de nos sites web et compte tenu de la dimension internationale de notre organisation, des transferts de donn\u00e9es personnelles en dehors de votre pays et\/ou en dehors de l\u2019Union europ\u00e9enne peuvent \u00eatre n\u00e9cessaires. Dans ce cas, les mesures physiques, organisationnelles, proc\u00e9durales et techniques appropri\u00e9es sont mises en place pour assurer la s\u00e9curit\u00e9 et la confidentialit\u00e9 des donn\u00e9es \u00e0 caract\u00e8re personnel.<\/p>\n\n\n\n<h3 class=\"wp-block-heading\">Dur\u00e9e de conservation<\/h3>\n\n\n\n<p>Nous veillons \u00e0 ne pas conserver vos donn\u00e9es personnelles plus longtemps qu\u2019il n\u2019est n\u00e9cessaire \u00e0 la r\u00e9alisation des objectifs d\u00e9crits ci-dessus ou conform\u00e9ment \u00e0 la r\u00e9glementation en vigueur.<\/p>\n\n\n\n<h3 class=\"wp-block-heading\">Vos droits<\/h3>\n\n\n\n<p>Conform\u00e9ment \u00e0 la r\u00e9glementation en vigueur, vous disposez de droits d\u2019acc\u00e8s, de rectification, de limitation, d\u2019opposition et de suppression des donn\u00e9es vous concernant. Pour ce faire, vous pouvez nous contacter via notre <a href=\"\/fr\/contact\/\" data-type=\"URL\" data-id=\"\/fr\/contact\/\">formulaire de contact<\/a> ou par t\u00e9l\u00e9phone au +41 21 644 00 90.<\/p>\n","protected":false},"excerpt":{"rendered":"<p>Cookies Ce site web utilise des cookies pour am\u00e9liorer votre exp\u00e9rience lorsque vous naviguez sur ce site. Les cookies class\u00e9s comme n\u00e9cessaires sont stock\u00e9s sur votre navigateur car ils sont essentiels au bon fonctionnement des fonctionnalit\u00e9s de base du site web. Nous utilisons \u00e9galement des cookies tiers qui nous aident \u00e0 analyser et \u00e0 comprendre [&hellip;]<\/p>\n","protected":false},"author":1,"featured_media":0,"parent":0,"menu_order":67,"comment_status":"closed","ping_status":"open","template":"","meta":{"_acf_changed":false,"inline_featured_image":false,"footnotes":""},"class_list":["post-3","page","type-page","status-publish","hentry"],"acf":[],"yoast_head":"<!-- This site is optimized with the Yoast SEO plugin v27.2 - https:\/\/yoast.com\/product\/yoast-seo-wordpress\/ -->\n<title>Politique de Protection des donn\u00e9es | GGBa<\/title>\n<meta name=\"description\" content=\"Consultez notre Politique de Protection des donn\u00e9es et de confidentialit\u00e9 pour savoir comment nous traitons et prot\u00e9geons vos informations.\" \/>\n<meta name=\"robots\" content=\"index, follow, max-snippet:-1, max-image-preview:large, max-video-preview:-1\" \/>\n<link rel=\"canonical\" href=\"https:\/\/ggba.swiss\/fr\/protection-des-donnees\/\" \/>\n<meta property=\"og:locale\" content=\"fr_FR\" \/>\n<meta property=\"og:type\" content=\"article\" \/>\n<meta property=\"og:title\" content=\"Politique de Protection des donn\u00e9es | GGBa\" \/>\n<meta property=\"og:description\" content=\"Consultez notre Politique de Protection des donn\u00e9es et de confidentialit\u00e9 pour savoir comment nous traitons et prot\u00e9geons vos informations.\" \/>\n<meta property=\"og:url\" content=\"https:\/\/ggba.swiss\/fr\/protection-des-donnees\/\" \/>\n<meta property=\"og:site_name\" content=\"Greater Geneva Bern area\" \/>\n<meta property=\"article:modified_time\" content=\"2023-10-16T09:18:40+00:00\" \/>\n<meta name=\"twitter:card\" content=\"summary_large_image\" \/>\n<meta name=\"twitter:label1\" content=\"Dur\u00e9e de lecture estim\u00e9e\" \/>\n\t<meta name=\"twitter:data1\" content=\"3 minutes\" \/>\n<script type=\"application\/ld+json\" class=\"yoast-schema-graph\">{\"@context\":\"https:\/\/schema.org\",\"@graph\":[{\"@type\":\"WebPage\",\"@id\":\"https:\/\/ggba.swiss\/fr\/protection-des-donnees\/\",\"url\":\"https:\/\/ggba.swiss\/fr\/protection-des-donnees\/\",\"name\":\"Politique de Protection des donn\u00e9es | GGBa\",\"isPartOf\":{\"@id\":\"https:\/\/staging.ggba.swiss\/en\/#website\"},\"datePublished\":\"2023-02-27T16:06:24+00:00\",\"dateModified\":\"2023-10-16T09:18:40+00:00\",\"description\":\"Consultez notre Politique de Protection des donn\u00e9es et de confidentialit\u00e9 pour savoir comment nous traitons et prot\u00e9geons vos informations.\",\"breadcrumb\":{\"@id\":\"https:\/\/ggba.swiss\/fr\/protection-des-donnees\/#breadcrumb\"},\"inLanguage\":\"fr-FR\",\"potentialAction\":[{\"@type\":\"ReadAction\",\"target\":[\"https:\/\/ggba.swiss\/fr\/protection-des-donnees\/\"]}]},{\"@type\":\"BreadcrumbList\",\"@id\":\"https:\/\/ggba.swiss\/fr\/protection-des-donnees\/#breadcrumb\",\"itemListElement\":[{\"@type\":\"ListItem\",\"position\":1,\"name\":\"Home\",\"item\":\"https:\/\/ggba.swiss\/fr\/\"},{\"@type\":\"ListItem\",\"position\":2,\"name\":\"Protection des donn\u00e9es\"}]},{\"@type\":\"WebSite\",\"@id\":\"https:\/\/staging.ggba.swiss\/en\/#website\",\"url\":\"https:\/\/staging.ggba.swiss\/en\/\",\"name\":\"Greater Geneva Bern area\",\"description\":\"\",\"potentialAction\":[{\"@type\":\"SearchAction\",\"target\":{\"@type\":\"EntryPoint\",\"urlTemplate\":\"https:\/\/staging.ggba.swiss\/en\/?s={search_term_string}\"},\"query-input\":{\"@type\":\"PropertyValueSpecification\",\"valueRequired\":true,\"valueName\":\"search_term_string\"}}],\"inLanguage\":\"fr-FR\"}]}<\/script>\n<!-- \/ Yoast SEO plugin. -->","yoast_head_json":{"title":"Politique de Protection des donn\u00e9es | GGBa","description":"Consultez notre Politique de Protection des donn\u00e9es et de confidentialit\u00e9 pour savoir comment nous traitons et prot\u00e9geons vos informations.","robots":{"index":"index","follow":"follow","max-snippet":"max-snippet:-1","max-image-preview":"max-image-preview:large","max-video-preview":"max-video-preview:-1"},"canonical":"https:\/\/ggba.swiss\/fr\/protection-des-donnees\/","og_locale":"fr_FR","og_type":"article","og_title":"Politique de Protection des donn\u00e9es | GGBa","og_description":"Consultez notre Politique de Protection des donn\u00e9es et de confidentialit\u00e9 pour savoir comment nous traitons et prot\u00e9geons vos informations.","og_url":"https:\/\/ggba.swiss\/fr\/protection-des-donnees\/","og_site_name":"Greater Geneva Bern area","article_modified_time":"2023-10-16T09:18:40+00:00","twitter_card":"summary_large_image","twitter_misc":{"Dur\u00e9e de lecture estim\u00e9e":"3 minutes"},"schema":{"@context":"https:\/\/schema.org","@graph":[{"@type":"WebPage","@id":"https:\/\/ggba.swiss\/fr\/protection-des-donnees\/","url":"https:\/\/ggba.swiss\/fr\/protection-des-donnees\/","name":"Politique de Protection des donn\u00e9es | GGBa","isPartOf":{"@id":"https:\/\/staging.ggba.swiss\/en\/#website"},"datePublished":"2023-02-27T16:06:24+00:00","dateModified":"2023-10-16T09:18:40+00:00","description":"Consultez notre Politique de Protection des donn\u00e9es et de confidentialit\u00e9 pour savoir comment nous traitons et prot\u00e9geons vos informations.","breadcrumb":{"@id":"https:\/\/ggba.swiss\/fr\/protection-des-donnees\/#breadcrumb"},"inLanguage":"fr-FR","potentialAction":[{"@type":"ReadAction","target":["https:\/\/ggba.swiss\/fr\/protection-des-donnees\/"]}]},{"@type":"BreadcrumbList","@id":"https:\/\/ggba.swiss\/fr\/protection-des-donnees\/#breadcrumb","itemListElement":[{"@type":"ListItem","position":1,"name":"Home","item":"https:\/\/ggba.swiss\/fr\/"},{"@type":"ListItem","position":2,"name":"Protection des donn\u00e9es"}]},{"@type":"WebSite","@id":"https:\/\/staging.ggba.swiss\/en\/#website","url":"https:\/\/staging.ggba.swiss\/en\/","name":"Greater Geneva Bern area","description":"","potentialAction":[{"@type":"SearchAction","target":{"@type":"EntryPoint","urlTemplate":"https:\/\/staging.ggba.swiss\/en\/?s={search_term_string}"},"query-input":{"@type":"PropertyValueSpecification","valueRequired":true,"valueName":"search_term_string"}}],"inLanguage":"fr-FR"}]}},"_links":{"self":[{"href":"https:\/\/ggba.swiss\/fr\/wp-json\/wp\/v2\/pages\/3","targetHints":{"allow":["GET"]}}],"collection":[{"href":"https:\/\/ggba.swiss\/fr\/wp-json\/wp\/v2\/pages"}],"about":[{"href":"https:\/\/ggba.swiss\/fr\/wp-json\/wp\/v2\/types\/page"}],"author":[{"embeddable":true,"href":"https:\/\/ggba.swiss\/fr\/wp-json\/wp\/v2\/users\/1"}],"replies":[{"embeddable":true,"href":"https:\/\/ggba.swiss\/fr\/wp-json\/wp\/v2\/comments?post=3"}],"version-history":[{"count":17,"href":"https:\/\/ggba.swiss\/fr\/wp-json\/wp\/v2\/pages\/3\/revisions"}],"predecessor-version":[{"id":2508,"href":"https:\/\/ggba.swiss\/fr\/wp-json\/wp\/v2\/pages\/3\/revisions\/2508"}],"wp:attachment":[{"href":"https:\/\/ggba.swiss\/fr\/wp-json\/wp\/v2\/media?parent=3"}],"curies":[{"name":"wp","href":"https:\/\/api.w.org\/{rel}","templated":true}]}}