{"id":46,"date":"2023-02-28T15:06:25","date_gmt":"2023-02-28T14:06:25","guid":{"rendered":"https:\/\/ggba.swiss\/?page_id=46"},"modified":"2023-08-08T15:45:38","modified_gmt":"2023-08-08T13:45:38","slug":"secteurs-cles","status":"publish","type":"page","link":"https:\/\/ggba.swiss\/fr\/secteurs-cles\/","title":{"rendered":"Secteurs cl\u00e9s"},"content":{"rendered":"<div class=\"reasonsWhy\">\n        <div class=\"container-lg p-0\">\n                            <div class=\"row\">\n                    <div class=\"col-md-5 col-12\">\n                        <h2 class=\"reasonsWhy__block_title\">\n                            6 raisons d\u2019investir en Suisse occidentale\n                        <\/h2>\n                    <\/div>\n                <\/div>\n                        <div class=\"row\">\n                                                                        <div class=\"col-md-6 col-12\">\n                        <div\n                            class=\"reason animateFadeFromBottom  \">\n                            <div class=\"row\">\n                                <div class=\"col-md-auto col-12 reasonNumber\">\n                                    01\n                                <\/div>\n                                <div class=\"col-12 col-md\">\n\n                                    <div>\n                                                                                    <img loading=\"lazy\" decoding=\"async\" width=\"960\" height=\"660\" src=\"https:\/\/ggba.swiss\/app\/uploads\/2023\/07\/reason-1.jpg\" class=\"attachment-large size-large\" alt=\"\" srcset=\"https:\/\/ggba.swiss\/app\/uploads\/2023\/07\/reason-1.jpg 960w, https:\/\/ggba.swiss\/app\/uploads\/2023\/07\/reason-1-300x206.jpg 300w, https:\/\/ggba.swiss\/app\/uploads\/2023\/07\/reason-1-768x528.jpg 768w\" sizes=\"auto, (max-width: 960px) 100vw, 960px\" \/>\n                                        \n                                                                                    <h3>\n                                                Une r\u00e9gion dynamique, port\u00e9e par l&#039;innovation \n                                            <\/h3>\n                                                                                                                            <p class=\"reasonWhyText\">\n                                                Des centres de R&amp;D majeurs et des clusters industriels dynamiques encouragent le progr\u00e8s et la culture entrepreneuriale en faveur d\u2019une innovation constante.\n                                            <\/p>\n                                                                            <\/div>\n                                <\/div>\n                            <\/div>\n                        <\/div>\n                    <\/div>\n                                                        <div class=\"col-md-6 col-12\">\n                        <div\n                            class=\"reason animateFadeFromBottom   reason--right \">\n                            <div class=\"row\">\n                                <div class=\"col-md-auto col-12 reasonNumber\">\n                                    02\n                                <\/div>\n                                <div class=\"col-12 col-md\">\n\n                                    <div>\n                                                                                    <img loading=\"lazy\" decoding=\"async\" width=\"960\" height=\"660\" src=\"https:\/\/ggba.swiss\/app\/uploads\/2023\/06\/raison2.jpg\" class=\"attachment-large size-large\" alt=\"\" srcset=\"https:\/\/ggba.swiss\/app\/uploads\/2023\/06\/raison2.jpg 960w, https:\/\/ggba.swiss\/app\/uploads\/2023\/06\/raison2-300x206.jpg 300w, https:\/\/ggba.swiss\/app\/uploads\/2023\/06\/raison2-768x528.jpg 768w\" sizes=\"auto, (max-width: 960px) 100vw, 960px\" \/>\n                                        \n                                                                                    <h3>\n                                                Un environnement international au c\u0153ur de l\u2019Europe\n                                            <\/h3>\n                                                                                                                            <p class=\"reasonWhyText\">\n                                                Avec un acc\u00e8s imm\u00e9diat aux plus grands march\u00e9s europ\u00e9ens, la situation g\u00e9ographique du pays et son accessibilit\u00e9 constituent un atout majeur pour des \u00e9changes internationaux.\n                                            <\/p>\n                                                                            <\/div>\n                                <\/div>\n                            <\/div>\n                        <\/div>\n                    <\/div>\n                                                        <div class=\"col-md-6 col-12\">\n                        <div\n                            class=\"reason animateFadeFromBottom  \">\n                            <div class=\"row\">\n                                <div class=\"col-md-auto col-12 reasonNumber\">\n                                    03\n                                <\/div>\n                                <div class=\"col-12 col-md\">\n\n                                    <div>\n                                                                                    <img loading=\"lazy\" decoding=\"async\" width=\"960\" height=\"660\" src=\"https:\/\/ggba.swiss\/app\/uploads\/2023\/06\/raison3.jpg\" class=\"attachment-large size-large\" alt=\"\" srcset=\"https:\/\/ggba.swiss\/app\/uploads\/2023\/06\/raison3.jpg 960w, https:\/\/ggba.swiss\/app\/uploads\/2023\/06\/raison3-300x206.jpg 300w, https:\/\/ggba.swiss\/app\/uploads\/2023\/06\/raison3-768x528.jpg 768w\" sizes=\"auto, (max-width: 960px) 100vw, 960px\" \/>\n                                        \n                                                                                    <h3>\n                                                Des autorit\u00e9s au service des entreprises\n                                            <\/h3>\n                                                                                                                            <p class=\"reasonWhyText\">\n                                                Des politiques d\u2019incitation \u00e0 l&#039;investissement, une proc\u00e9dure simplifi\u00e9e pour la cr\u00e9ation d&#039;une entreprise ainsi qu\u2019un acc\u00e8s direct aux autorit\u00e9s font de la r\u00e9gion un environnement propice au d\u00e9veloppement des affaires.\n                                            <\/p>\n                                                                            <\/div>\n                                <\/div>\n                            <\/div>\n                        <\/div>\n                    <\/div>\n                                                        <div class=\"col-md-6 col-12\">\n                        <div\n                            class=\"reason animateFadeFromBottom   reason--right \">\n                            <div class=\"row\">\n                                <div class=\"col-md-auto col-12 reasonNumber\">\n                                    04\n                                <\/div>\n                                <div class=\"col-12 col-md\">\n\n                                    <div>\n                                                                                    <img loading=\"lazy\" decoding=\"async\" width=\"960\" height=\"660\" src=\"https:\/\/ggba.swiss\/app\/uploads\/2023\/05\/raison4.jpg\" class=\"attachment-large size-large\" alt=\"\" srcset=\"https:\/\/ggba.swiss\/app\/uploads\/2023\/05\/raison4.jpg 960w, https:\/\/ggba.swiss\/app\/uploads\/2023\/05\/raison4-300x206.jpg 300w, https:\/\/ggba.swiss\/app\/uploads\/2023\/05\/raison4-768x528.jpg 768w\" sizes=\"auto, (max-width: 960px) 100vw, 960px\" \/>\n                                        \n                                                                                    <h3>\n                                                Une main-d\u2019\u0153uvre hautement qualifi\u00e9e et plurilingue\n                                            <\/h3>\n                                                                                                                            <p class=\"reasonWhyText\">\n                                                Gr\u00e2ce \u00e0 une formation professionnelle orient\u00e9e vers la pratique et des \u00e9coles sup\u00e9rieures de renom, le pays dispose d\u2019une main-d&#039;\u0153uvre comp\u00e9tente, capable de r\u00e9pondre aux besoins des entreprises.\n                                            <\/p>\n                                                                            <\/div>\n                                <\/div>\n                            <\/div>\n                        <\/div>\n                    <\/div>\n                                                        <div class=\"col-md-6 col-12\">\n                        <div\n                            class=\"reason animateFadeFromBottom  \">\n                            <div class=\"row\">\n                                <div class=\"col-md-auto col-12 reasonNumber\">\n                                    05\n                                <\/div>\n                                <div class=\"col-12 col-md\">\n\n                                    <div>\n                                                                                    <img loading=\"lazy\" decoding=\"async\" width=\"960\" height=\"660\" src=\"https:\/\/ggba.swiss\/app\/uploads\/2023\/07\/reason-5.jpg\" class=\"attachment-large size-large\" alt=\"\" srcset=\"https:\/\/ggba.swiss\/app\/uploads\/2023\/07\/reason-5.jpg 960w, https:\/\/ggba.swiss\/app\/uploads\/2023\/07\/reason-5-300x206.jpg 300w, https:\/\/ggba.swiss\/app\/uploads\/2023\/07\/reason-5-768x528.jpg 768w\" sizes=\"auto, (max-width: 960px) 100vw, 960px\" \/>\n                                        \n                                                                                    <h3>\n                                                Des infrastructures et des \u00e9quipements ultramodernes\n                                            <\/h3>\n                                                                                                                            <p class=\"reasonWhyText\">\n                                                Les infrastructures de pointe du pays se d\u00e9finissent par leur fiabilit\u00e9 et leur stabilit\u00e9, cr\u00e9ant ainsi un cadre propice aux entreprises qui souhaitent s&#039;y \u00e9tablir et s\u2019y d\u00e9velopper. \n                                            <\/p>\n                                                                            <\/div>\n                                <\/div>\n                            <\/div>\n                        <\/div>\n                    <\/div>\n                                                        <div class=\"col-md-6 col-12\">\n                        <div\n                            class=\"reason animateFadeFromBottom   reason--right \">\n                            <div class=\"row\">\n                                <div class=\"col-md-auto col-12 reasonNumber\">\n                                    06\n                                <\/div>\n                                <div class=\"col-12 col-md\">\n\n                                    <div>\n                                                                                    <img loading=\"lazy\" decoding=\"async\" width=\"960\" height=\"660\" src=\"https:\/\/ggba.swiss\/app\/uploads\/2023\/06\/WhySwitzerland_06.jpeg\" class=\"attachment-large size-large\" alt=\"\" srcset=\"https:\/\/ggba.swiss\/app\/uploads\/2023\/06\/WhySwitzerland_06.jpeg 960w, https:\/\/ggba.swiss\/app\/uploads\/2023\/06\/WhySwitzerland_06-300x206.jpeg 300w, https:\/\/ggba.swiss\/app\/uploads\/2023\/06\/WhySwitzerland_06-768x528.jpeg 768w\" sizes=\"auto, (max-width: 960px) 100vw, 960px\" \/>\n                                        \n                                                                                    <h3>\n                                                Un cadre de vie et de travail exceptionnel\n                                            <\/h3>\n                                                                                                                            <p class=\"reasonWhyText\">\n                                                Un cadre idyllique, une diversit\u00e9 culturelle, une stabilit\u00e9 politique et \u00e9conomique ainsi qu\u2019un syst\u00e8me de sant\u00e9 de premier ordre en font un lieu privil\u00e9gi\u00e9 pour vivre et travailler.\n                                            <\/p>\n                                                                            <\/div>\n                                <\/div>\n                            <\/div>\n                        <\/div>\n                    <\/div>\n                \n            <\/div>\n        <\/div>\n    <\/div>\n\n\n\n\n<div class=\"ContactUs\">\n    <div class=\"container-lg p-0\">\n        <div class=\"row\">\n            <div class=\"col-12 col-md-6 col-lg-4\">\n                <h2 class=\"contactUs__title\">\n                    Contactez-nous pour obtenir des conseils\n                <\/h2>\n            <\/div>\n        <\/div>\n        <div class=\"ContactUs__container row\">\n            <div class=\"contactUs__text\">\n                <div class=\"contactUs__textDescr\"><p>GGBa dispose d\u2019une \u00e9quipe internationale d\u2019experts qui vous soutient et vous guide afin d\u2019assurer la r\u00e9ussite de votre implantation en Suisse. Nos services sont personnalis\u00e9s, gratuits et confidentiels.<\/p>\n<\/div>\n                <div class=\"contactUs__btn\">\n                    <a class=\"arrowedButton\" href=\"https:\/\/ggba.swiss\/en\/contact\/\">\n    <span>Contactez-nous<\/span>\n    <svg width=\"26\" height=\"26\" viewBox=\"0 0 26 26\" fill=\"none\" xmlns=\"http:\/\/www.w3.org\/2000\/svg\">\n      <path d=\"M16.25 19.5C15.925 19.5 15.7083 19.3917 15.4917 19.175C15.0583 18.7417 15.0583 18.0917 15.4917 17.6583L20.9083 12.2417C21.3417 11.8083 21.9917 11.8083 22.425 12.2417C22.8583 12.675 22.8583 13.325 22.425 13.7583L17.0083 19.175C16.7917 19.3917 16.575 19.5 16.25 19.5Z\" fill=\"white\"\/>\n      <path d=\"M21.6667 14.0833C21.3417 14.0833 21.125 13.975 20.9083 13.7583L15.4917 8.34167C15.0583 7.90833 15.0583 7.25833 15.4917 6.825C15.925 6.39167 16.575 6.39167 17.0083 6.825L22.425 12.2417C22.8583 12.675 22.8583 13.325 22.425 13.7583C22.2083 13.975 21.9917 14.0833 21.6667 14.0833Z\" fill=\"white\"\/>\n      <path d=\"M21.6667 14.0833H4.33333C3.68333 14.0833 3.25 13.65 3.25 13C3.25 12.35 3.68333 11.9167 4.33333 11.9167H21.6667C22.3167 11.9167 22.75 12.35 22.75 13C22.75 13.65 22.3167 14.0833 21.6667 14.0833Z\" fill=\"white\"\/>\n    <\/svg>    \n  <\/a>                <\/div>\n            <\/div>\n        <\/div>\n                    <div class=\"contactUs__image offset-lg-6 col-lg-6 col-12\">\n                <img loading=\"lazy\" decoding=\"async\" width=\"1200\" height=\"1000\" src=\"https:\/\/ggba.swiss\/app\/uploads\/2023\/07\/cta.jpg\" class=\"attachment-full size-full\" alt=\"\" srcset=\"https:\/\/ggba.swiss\/app\/uploads\/2023\/07\/cta.jpg 1200w, https:\/\/ggba.swiss\/app\/uploads\/2023\/07\/cta-300x250.jpg 300w, https:\/\/ggba.swiss\/app\/uploads\/2023\/07\/cta-1024x853.jpg 1024w, https:\/\/ggba.swiss\/app\/uploads\/2023\/07\/cta-768x640.jpg 768w\" sizes=\"auto, (max-width: 1200px) 100vw, 1200px\" \/>\n            <\/div>\n            <\/div>\n<\/div>\n","protected":false},"excerpt":{"rendered":"","protected":false},"author":1,"featured_media":0,"parent":0,"menu_order":31,"comment_status":"closed","ping_status":"closed","template":"template-clusters.blade.php","meta":{"_acf_changed":false,"inline_featured_image":false,"footnotes":""},"class_list":["post-46","page","type-page","status-publish","hentry"],"acf":[],"yoast_head":"<!-- This site is optimized with the Yoast SEO plugin v27.2 - https:\/\/yoast.com\/product\/yoast-seo-wordpress\/ -->\n<title>Secteurs Cl\u00e9s de Suisse Occidentale | GGBa<\/title>\n<meta name=\"description\" content=\"D\u00e9couvrez les secteurs cl\u00e9s de Suisse occidentale: Sciences de la Vie, Pr\u00e9cision &amp; Robotique, IT, Industrie 4.0, Agtech, Foodtech, Cleantech.\" \/>\n<meta name=\"robots\" content=\"index, follow, max-snippet:-1, max-image-preview:large, max-video-preview:-1\" \/>\n<link rel=\"canonical\" href=\"https:\/\/ggba.swiss\/fr\/secteurs-cles\/\" \/>\n<meta property=\"og:locale\" content=\"fr_FR\" \/>\n<meta property=\"og:type\" content=\"article\" \/>\n<meta property=\"og:title\" content=\"Secteurs Cl\u00e9s de Suisse Occidentale | GGBa\" \/>\n<meta property=\"og:description\" content=\"D\u00e9couvrez les secteurs cl\u00e9s de Suisse occidentale: Sciences de la Vie, Pr\u00e9cision &amp; Robotique, IT, Industrie 4.0, Agtech, Foodtech, Cleantech.\" \/>\n<meta property=\"og:url\" content=\"https:\/\/ggba.swiss\/fr\/secteurs-cles\/\" \/>\n<meta property=\"og:site_name\" content=\"Greater Geneva Bern area\" \/>\n<meta property=\"article:modified_time\" content=\"2023-08-08T13:45:38+00:00\" \/>\n<meta name=\"twitter:card\" content=\"summary_large_image\" \/>\n<script type=\"application\/ld+json\" class=\"yoast-schema-graph\">{\"@context\":\"https:\/\/schema.org\",\"@graph\":[{\"@type\":\"WebPage\",\"@id\":\"https:\/\/ggba.swiss\/fr\/secteurs-cles\/\",\"url\":\"https:\/\/ggba.swiss\/fr\/secteurs-cles\/\",\"name\":\"Secteurs Cl\u00e9s de Suisse Occidentale | GGBa\",\"isPartOf\":{\"@id\":\"https:\/\/staging.ggba.swiss\/en\/#website\"},\"datePublished\":\"2023-02-28T14:06:25+00:00\",\"dateModified\":\"2023-08-08T13:45:38+00:00\",\"description\":\"D\u00e9couvrez les secteurs cl\u00e9s de Suisse occidentale: Sciences de la Vie, Pr\u00e9cision & Robotique, IT, Industrie 4.0, Agtech, Foodtech, Cleantech.\",\"breadcrumb\":{\"@id\":\"https:\/\/ggba.swiss\/fr\/secteurs-cles\/#breadcrumb\"},\"inLanguage\":\"fr-FR\",\"potentialAction\":[{\"@type\":\"ReadAction\",\"target\":[\"https:\/\/ggba.swiss\/fr\/secteurs-cles\/\"]}]},{\"@type\":\"BreadcrumbList\",\"@id\":\"https:\/\/ggba.swiss\/fr\/secteurs-cles\/#breadcrumb\",\"itemListElement\":[{\"@type\":\"ListItem\",\"position\":1,\"name\":\"Home\",\"item\":\"https:\/\/ggba.swiss\/fr\/\"},{\"@type\":\"ListItem\",\"position\":2,\"name\":\"Secteurs cl\u00e9s\"}]},{\"@type\":\"WebSite\",\"@id\":\"https:\/\/staging.ggba.swiss\/en\/#website\",\"url\":\"https:\/\/staging.ggba.swiss\/en\/\",\"name\":\"Greater Geneva Bern area\",\"description\":\"\",\"potentialAction\":[{\"@type\":\"SearchAction\",\"target\":{\"@type\":\"EntryPoint\",\"urlTemplate\":\"https:\/\/staging.ggba.swiss\/en\/?s={search_term_string}\"},\"query-input\":{\"@type\":\"PropertyValueSpecification\",\"valueRequired\":true,\"valueName\":\"search_term_string\"}}],\"inLanguage\":\"fr-FR\"}]}<\/script>\n<!-- \/ Yoast SEO plugin. -->","yoast_head_json":{"title":"Secteurs Cl\u00e9s de Suisse Occidentale | GGBa","description":"D\u00e9couvrez les secteurs cl\u00e9s de Suisse occidentale: Sciences de la Vie, Pr\u00e9cision & Robotique, IT, Industrie 4.0, Agtech, Foodtech, Cleantech.","robots":{"index":"index","follow":"follow","max-snippet":"max-snippet:-1","max-image-preview":"max-image-preview:large","max-video-preview":"max-video-preview:-1"},"canonical":"https:\/\/ggba.swiss\/fr\/secteurs-cles\/","og_locale":"fr_FR","og_type":"article","og_title":"Secteurs Cl\u00e9s de Suisse Occidentale | GGBa","og_description":"D\u00e9couvrez les secteurs cl\u00e9s de Suisse occidentale: Sciences de la Vie, Pr\u00e9cision & Robotique, IT, Industrie 4.0, Agtech, Foodtech, Cleantech.","og_url":"https:\/\/ggba.swiss\/fr\/secteurs-cles\/","og_site_name":"Greater Geneva Bern area","article_modified_time":"2023-08-08T13:45:38+00:00","twitter_card":"summary_large_image","schema":{"@context":"https:\/\/schema.org","@graph":[{"@type":"WebPage","@id":"https:\/\/ggba.swiss\/fr\/secteurs-cles\/","url":"https:\/\/ggba.swiss\/fr\/secteurs-cles\/","name":"Secteurs Cl\u00e9s de Suisse Occidentale | GGBa","isPartOf":{"@id":"https:\/\/staging.ggba.swiss\/en\/#website"},"datePublished":"2023-02-28T14:06:25+00:00","dateModified":"2023-08-08T13:45:38+00:00","description":"D\u00e9couvrez les secteurs cl\u00e9s de Suisse occidentale: Sciences de la Vie, Pr\u00e9cision & Robotique, IT, Industrie 4.0, Agtech, Foodtech, Cleantech.","breadcrumb":{"@id":"https:\/\/ggba.swiss\/fr\/secteurs-cles\/#breadcrumb"},"inLanguage":"fr-FR","potentialAction":[{"@type":"ReadAction","target":["https:\/\/ggba.swiss\/fr\/secteurs-cles\/"]}]},{"@type":"BreadcrumbList","@id":"https:\/\/ggba.swiss\/fr\/secteurs-cles\/#breadcrumb","itemListElement":[{"@type":"ListItem","position":1,"name":"Home","item":"https:\/\/ggba.swiss\/fr\/"},{"@type":"ListItem","position":2,"name":"Secteurs cl\u00e9s"}]},{"@type":"WebSite","@id":"https:\/\/staging.ggba.swiss\/en\/#website","url":"https:\/\/staging.ggba.swiss\/en\/","name":"Greater Geneva Bern area","description":"","potentialAction":[{"@type":"SearchAction","target":{"@type":"EntryPoint","urlTemplate":"https:\/\/staging.ggba.swiss\/en\/?s={search_term_string}"},"query-input":{"@type":"PropertyValueSpecification","valueRequired":true,"valueName":"search_term_string"}}],"inLanguage":"fr-FR"}]}},"_links":{"self":[{"href":"https:\/\/ggba.swiss\/fr\/wp-json\/wp\/v2\/pages\/46","targetHints":{"allow":["GET"]}}],"collection":[{"href":"https:\/\/ggba.swiss\/fr\/wp-json\/wp\/v2\/pages"}],"about":[{"href":"https:\/\/ggba.swiss\/fr\/wp-json\/wp\/v2\/types\/page"}],"author":[{"embeddable":true,"href":"https:\/\/ggba.swiss\/fr\/wp-json\/wp\/v2\/users\/1"}],"replies":[{"embeddable":true,"href":"https:\/\/ggba.swiss\/fr\/wp-json\/wp\/v2\/comments?post=46"}],"version-history":[{"count":24,"href":"https:\/\/ggba.swiss\/fr\/wp-json\/wp\/v2\/pages\/46\/revisions"}],"predecessor-version":[{"id":18865,"href":"https:\/\/ggba.swiss\/fr\/wp-json\/wp\/v2\/pages\/46\/revisions\/18865"}],"wp:attachment":[{"href":"https:\/\/ggba.swiss\/fr\/wp-json\/wp\/v2\/media?parent=46"}],"curies":[{"name":"wp","href":"https:\/\/api.w.org\/{rel}","templated":true}]}}